{"id":114374,"date":"2026-05-05T12:37:10","date_gmt":"2026-05-05T15:37:10","guid":{"rendered":"https:\/\/www.hediyepazar.com\/?product=ultrasonik-hava-nemlendirici-200-ml-aroma-difuzor-led-isikli-sessiz"},"modified":"2026-05-05T12:37:10","modified_gmt":"2026-05-05T15:37:10","slug":"ultrasonik-hava-nemlendirici-200-ml-aroma-difuzor-led-isikli-sessiz","status":"publish","type":"product","link":"https:\/\/www.hediyepazar.com\/?product=ultrasonik-hava-nemlendirici-200-ml-aroma-difuzor-led-isikli-sessiz","title":{"rendered":"Ultrasonik Hava Nemlendirici 200 ml Aroma Dif\u00fcz\u00f6r LED I\u015f\u0131kl\u0131 Sessiz"},"content":{"rendered":"<p>Dekoratif ve fonksiyonel \u00f6zellikleri bir arada sunan bu ultrasonik hava nemlendirici, evinizin veya ofisinizin havas\u0131n\u0131 taze ve nemli tutmak i\u00e7in tasarlanm\u0131\u015ft\u0131r. 200 mililitre su kapasitesine sahip \u00e7\u0131kar\u0131labilir tank\u0131 sayesinde uzun s\u00fcreli kullan\u0131m sa\u011flar. Kompakt boyutuna ra\u011fmen etkili bir performans sunan bu cihaz, \u00f6zellikle kuru havalarda solunum konforunu art\u0131r\u0131r, cilt kurulu\u011funu ve tahri\u015fi azalt\u0131r.Cihazda kullan\u0131lan ultrasonik nemlendirme teknolojisi, son derece sessiz \u00e7al\u0131\u015f\u0131r; bu da onu hem uyku s\u0131ras\u0131nda hem de \u00e7al\u0131\u015fma ortamlar\u0131nda ideal hale getirir. \u0130\u00e7erisindeki \u00f6n filtre, havadaki kir ve partik\u00fclleri s\u00fczerek daha temiz bir nemlendirme sa\u011flar. Ayn\u0131 zamanda esansiyel ya\u011flarla da kullan\u0131labilir, b\u00f6ylece hava hem nemlenir hem de do\u011fal kokularla ferahlat\u0131l\u0131r.\u00dcr\u00fcn\u00fcn sevimli Tav\u015fan kulakl\u0131 tasar\u0131m\u0131\u00a0\u00f6zellikle \u00e7ocuk odalar\u0131nda ve dekoratif temal\u0131 alanlarda ho\u015f bir atmosfer yarat\u0131r. \u00dczerindeki \u00e7ok renkli LED gece \u0131\u015f\u0131\u011f\u0131, ortama s\u0131cak ve rahatlat\u0131c\u0131 bir ambiyans katar. I\u015f\u0131k renkleri otomatik olarak ge\u00e7i\u015f yapabilir ya da istenilen renkte sabitlenebilir. Bu \u00f6zellik, gece lambas\u0131 olarak da kullan\u0131m imk\u00e2n\u0131 sunar.Su seviyesi penceresi sayesinde tank\u0131n doluluk oran\u0131 kolayca takip edilebilir. USB kablo ile \u00e7al\u0131\u015fan cihaz, hem bilgisayardan hem priz adapt\u00f6r\u00fcnden g\u00fc\u00e7 alarak kullan\u0131labilir. Sessizli\u011fi, \u015f\u0131kl\u0131\u011f\u0131 ve \u00e7ok y\u00f6nl\u00fcl\u00fc\u011f\u00fc ile bu nemlendirici; yatak odas\u0131, bebek odas\u0131, ofis masas\u0131 ya da hediye olarak de\u011ferlendirmek i\u00e7in ideal bir tercihtir.<\/p>\n","protected":false},"excerpt":{"rendered":"<p>Dekoratif ve fonksiyonel \u00f6zellikleri bir arada sunan bu ultrasonik hava nemlendirici, evinizin veya ofisinizin havas\u0131n\u0131 taze ve nemli tutmak i\u00e7in tasarlanm\u0131\u015ft\u0131r. 200 mililitre su kapasitesine sahip \u00e7\u0131kar\u0131labilir tank\u0131 sayesinde uzun s\u00fcreli kullan\u0131m sa\u011flar. Kompakt boyutuna ra\u011fmen etkili bir performans sunan bu cihaz, \u00f6zellikle kuru havalarda solunum konforunu art\u0131r\u0131r, cilt kurulu\u011funu ve tahri\u015fi azalt\u0131r.Cihazda kullan\u0131lan ultrasonik&#8230;<\/p>\n","protected":false},"featured_media":114373,"comment_status":"open","ping_status":"closed","template":"","meta":{"_kad_post_transparent":"","_kad_post_title":"","_kad_post_layout":"","_kad_post_sidebar_id":"","_kad_post_content_style":"","_kad_post_vertical_padding":"","_kad_post_feature":"","_kad_post_feature_position":"","_kad_post_header":false,"_kad_post_footer":false,"_kad_post_classname":""},"product_brand":[],"product_cat":[14965],"product_tag":[],"class_list":{"0":"post-114374","1":"product","2":"type-product","3":"status-publish","4":"has-post-thumbnail","6":"product_cat-hava-nemlendirici-hava-nemlendirici","8":"first","9":"instock","10":"purchasable","11":"product-type-simple","12":"entry","13":"content-bg","14":"loop-entry"},"_links":{"self":[{"href":"https:\/\/www.hediyepazar.com\/index.php?rest_route=\/wp\/v2\/product\/114374","targetHints":{"allow":["GET"]}}],"collection":[{"href":"https:\/\/www.hediyepazar.com\/index.php?rest_route=\/wp\/v2\/product"}],"about":[{"href":"https:\/\/www.hediyepazar.com\/index.php?rest_route=\/wp\/v2\/types\/product"}],"replies":[{"embeddable":true,"href":"https:\/\/www.hediyepazar.com\/index.php?rest_route=%2Fwp%2Fv2%2Fcomments&post=114374"}],"wp:featuredmedia":[{"embeddable":true,"href":"https:\/\/www.hediyepazar.com\/index.php?rest_route=\/wp\/v2\/media\/114373"}],"wp:attachment":[{"href":"https:\/\/www.hediyepazar.com\/index.php?rest_route=%2Fwp%2Fv2%2Fmedia&parent=114374"}],"wp:term":[{"taxonomy":"product_brand","embeddable":true,"href":"https:\/\/www.hediyepazar.com\/index.php?rest_route=%2Fwp%2Fv2%2Fproduct_brand&post=114374"},{"taxonomy":"product_cat","embeddable":true,"href":"https:\/\/www.hediyepazar.com\/index.php?rest_route=%2Fwp%2Fv2%2Fproduct_cat&post=114374"},{"taxonomy":"product_tag","embeddable":true,"href":"https:\/\/www.hediyepazar.com\/index.php?rest_route=%2Fwp%2Fv2%2Fproduct_tag&post=114374"}],"curies":[{"name":"wp","href":"https:\/\/api.w.org\/{rel}","templated":true}]}}