{"id":114378,"date":"2026-05-05T12:37:29","date_gmt":"2026-05-05T15:37:29","guid":{"rendered":"https:\/\/www.hediyepazar.com\/?product=beyaz-renk-ultrasonik-hava-nemlendirici-ve-aromaterapi-difuzoru"},"modified":"2026-05-05T12:37:29","modified_gmt":"2026-05-05T15:37:29","slug":"beyaz-renk-ultrasonik-hava-nemlendirici-ve-aromaterapi-difuzoru","status":"publish","type":"product","link":"https:\/\/www.hediyepazar.com\/?product=beyaz-renk-ultrasonik-hava-nemlendirici-ve-aromaterapi-difuzoru","title":{"rendered":"Beyaz Renk Ultrasonik Hava Nemlendirici ve Aromaterapi Dif\u00fcz\u00f6r\u00fc"},"content":{"rendered":"<p>Sevimli tav\u015fan kulakl\u0131 tasar\u0131m\u0131yla dikkat \u00e7eken bu ultrasonik hava nemlendirici, hem fonksiyonel hem de dekoratif bir \u00e7\u00f6z\u00fcm sunuyor. 200 ml kapasiteli \u00e7\u0131kar\u0131labilir su haznesi ile uzun s\u00fcreli nemlendirme sa\u011flar. Ultrasonik teknolojisi sayesinde sessiz \u00e7al\u0131\u015f\u0131r, bu da \u00f6zellikle bebek odalar\u0131, yatak odalar\u0131 ve \u00e7al\u0131\u015fma alanlar\u0131 i\u00e7in idealdir. Esansiyel ya\u011flarla uyumlu olan aroma dif\u00fcz\u00f6r \u00f6zelli\u011fi sayesinde ortam havas\u0131n\u0131 yaln\u0131zca nemlendirmekle kalmaz, ayn\u0131 zamanda ferah ve ho\u015f kokularla doldurur.\u00c7ok renkli LED \u0131\u015f\u0131k \u00f6zelli\u011fi ile cihaz, gece lambas\u0131 olarak da kullan\u0131labilir. Renk ge\u00e7i\u015fleri otomatik ya da sabitlenebilir \u015fekilde ayarlanabilir. USB ba\u011flant\u0131 deste\u011fi sayesinde kolayca ta\u015f\u0131nabilir ve powerbank, bilgisayar veya priz adapt\u00f6r\u00fc ile \u00e7al\u0131\u015ft\u0131r\u0131labilir. Minimal ve \u015f\u0131k tasar\u0131m\u0131 sayesinde hem \u00e7ocuk odalar\u0131na ne\u015fe katar hem de yeti\u015fkin ya\u015fam alanlar\u0131nda estetik bir obje olarak yer bulur. Su seviyesi penceresi ile tank durumu rahatl\u0131kla izlenebilir. Sa\u011fl\u0131kl\u0131 bir hava kalitesi ve huzurlu bir atmosfer arayanlar i\u00e7in ideal bir \u00fcr\u00fcnd\u00fcr.<\/p>\n","protected":false},"excerpt":{"rendered":"<p>Sevimli tav\u015fan kulakl\u0131 tasar\u0131m\u0131yla dikkat \u00e7eken bu ultrasonik hava nemlendirici, hem fonksiyonel hem de dekoratif bir \u00e7\u00f6z\u00fcm sunuyor. 200 ml kapasiteli \u00e7\u0131kar\u0131labilir su haznesi ile uzun s\u00fcreli nemlendirme sa\u011flar. Ultrasonik teknolojisi sayesinde sessiz \u00e7al\u0131\u015f\u0131r, bu da \u00f6zellikle bebek odalar\u0131, yatak odalar\u0131 ve \u00e7al\u0131\u015fma alanlar\u0131 i\u00e7in idealdir. Esansiyel ya\u011flarla uyumlu olan aroma dif\u00fcz\u00f6r \u00f6zelli\u011fi sayesinde ortam&#8230;<\/p>\n","protected":false},"featured_media":114377,"comment_status":"open","ping_status":"closed","template":"","meta":{"_kad_post_transparent":"","_kad_post_title":"","_kad_post_layout":"","_kad_post_sidebar_id":"","_kad_post_content_style":"","_kad_post_vertical_padding":"","_kad_post_feature":"","_kad_post_feature_position":"","_kad_post_header":false,"_kad_post_footer":false,"_kad_post_classname":""},"product_brand":[],"product_cat":[14965],"product_tag":[],"class_list":{"0":"post-114378","1":"product","2":"type-product","3":"status-publish","4":"has-post-thumbnail","6":"product_cat-hava-nemlendirici-hava-nemlendirici","8":"first","9":"instock","10":"purchasable","11":"product-type-simple","12":"entry","13":"content-bg","14":"loop-entry"},"_links":{"self":[{"href":"https:\/\/www.hediyepazar.com\/index.php?rest_route=\/wp\/v2\/product\/114378","targetHints":{"allow":["GET"]}}],"collection":[{"href":"https:\/\/www.hediyepazar.com\/index.php?rest_route=\/wp\/v2\/product"}],"about":[{"href":"https:\/\/www.hediyepazar.com\/index.php?rest_route=\/wp\/v2\/types\/product"}],"replies":[{"embeddable":true,"href":"https:\/\/www.hediyepazar.com\/index.php?rest_route=%2Fwp%2Fv2%2Fcomments&post=114378"}],"wp:featuredmedia":[{"embeddable":true,"href":"https:\/\/www.hediyepazar.com\/index.php?rest_route=\/wp\/v2\/media\/114377"}],"wp:attachment":[{"href":"https:\/\/www.hediyepazar.com\/index.php?rest_route=%2Fwp%2Fv2%2Fmedia&parent=114378"}],"wp:term":[{"taxonomy":"product_brand","embeddable":true,"href":"https:\/\/www.hediyepazar.com\/index.php?rest_route=%2Fwp%2Fv2%2Fproduct_brand&post=114378"},{"taxonomy":"product_cat","embeddable":true,"href":"https:\/\/www.hediyepazar.com\/index.php?rest_route=%2Fwp%2Fv2%2Fproduct_cat&post=114378"},{"taxonomy":"product_tag","embeddable":true,"href":"https:\/\/www.hediyepazar.com\/index.php?rest_route=%2Fwp%2Fv2%2Fproduct_tag&post=114378"}],"curies":[{"name":"wp","href":"https:\/\/api.w.org\/{rel}","templated":true}]}}