{"id":114384,"date":"2026-05-05T12:38:09","date_gmt":"2026-05-05T15:38:09","guid":{"rendered":"https:\/\/www.hediyepazar.com\/?product=200-ml-tavsan-kulakli-ultrasonik-hava-nemlendirici-ve-gece-lambasi"},"modified":"2026-05-05T12:38:09","modified_gmt":"2026-05-05T15:38:09","slug":"200-ml-tavsan-kulakli-ultrasonik-hava-nemlendirici-ve-gece-lambasi","status":"publish","type":"product","link":"https:\/\/www.hediyepazar.com\/?product=200-ml-tavsan-kulakli-ultrasonik-hava-nemlendirici-ve-gece-lambasi","title":{"rendered":"200 ml Tav\u015fan Kulakl\u0131 Ultrasonik Hava Nemlendirici ve Gece Lambas\u0131"},"content":{"rendered":"<p>\u015eirin tav\u015fan kulak detaylar\u0131yla tasarlanan bu ultrasonik hava nemlendirici, sadece i\u015flevsel de\u011fil ayn\u0131 zamanda estetik olarak da dikkat \u00e7eker. 200 ml \u00e7\u0131kar\u0131labilir su tank\u0131 ile cihaz uzun s\u00fcreli \u00e7al\u0131\u015fmaya uygundur. Ortamdaki kuru havay\u0131 etkili bi\u00e7imde nemlendirir ve daha konforlu bir ya\u015fam alan\u0131 yarat\u0131r. Ultrasonik teknoloji sayesinde olduk\u00e7a sessizdir, bu da \u00f6zellikle gece kullan\u0131m\u0131nda b\u00fcy\u00fck avantaj sa\u011flar.Cihaz ayn\u0131 zamanda aroma dif\u00fcz\u00f6r olarak da kullan\u0131labilir; birka\u00e7 damla esansiyel ya\u011f ile bulundu\u011funuz ortam ferahlat\u0131c\u0131 kokularla dolup ta\u015far. LED ayd\u0131nlatmal\u0131 gece lambas\u0131 \u00f6zelli\u011fiyle \u00e7ok renkli ve yumu\u015fak \u0131\u015f\u0131k yayarak ortam\u0131 daha huzurlu hale getirir. USB kablosu sayesinde kolay ba\u011flant\u0131 sa\u011flan\u0131r; bilgisayardan, priz adapt\u00f6r\u00fcnden veya ta\u015f\u0131nabilir bataryadan \u00e7al\u0131\u015ft\u0131r\u0131labilir. Su seviyesi penceresi ile suyun bitip bitmedi\u011fi kolayca kontrol edilir. Sevimli tasar\u0131m\u0131yla hem hediye olarak hem de g\u00fcnl\u00fck kullan\u0131m i\u00e7in m\u00fckemmel bir se\u00e7imdir.&nbsp;<\/p>\n","protected":false},"excerpt":{"rendered":"<p>\u015eirin tav\u015fan kulak detaylar\u0131yla tasarlanan bu ultrasonik hava nemlendirici, sadece i\u015flevsel de\u011fil ayn\u0131 zamanda estetik olarak da dikkat \u00e7eker. 200 ml \u00e7\u0131kar\u0131labilir su tank\u0131 ile cihaz uzun s\u00fcreli \u00e7al\u0131\u015fmaya uygundur. Ortamdaki kuru havay\u0131 etkili bi\u00e7imde nemlendirir ve daha konforlu bir ya\u015fam alan\u0131 yarat\u0131r. Ultrasonik teknoloji sayesinde olduk\u00e7a sessizdir, bu da \u00f6zellikle gece kullan\u0131m\u0131nda b\u00fcy\u00fck avantaj&#8230;<\/p>\n","protected":false},"featured_media":114383,"comment_status":"open","ping_status":"closed","template":"","meta":{"_kad_post_transparent":"","_kad_post_title":"","_kad_post_layout":"","_kad_post_sidebar_id":"","_kad_post_content_style":"","_kad_post_vertical_padding":"","_kad_post_feature":"","_kad_post_feature_position":"","_kad_post_header":false,"_kad_post_footer":false,"_kad_post_classname":""},"product_brand":[],"product_cat":[14965],"product_tag":[],"class_list":{"0":"post-114384","1":"product","2":"type-product","3":"status-publish","4":"has-post-thumbnail","6":"product_cat-hava-nemlendirici-hava-nemlendirici","8":"first","9":"instock","10":"purchasable","11":"product-type-simple","12":"entry","13":"content-bg","14":"loop-entry"},"_links":{"self":[{"href":"https:\/\/www.hediyepazar.com\/index.php?rest_route=\/wp\/v2\/product\/114384","targetHints":{"allow":["GET"]}}],"collection":[{"href":"https:\/\/www.hediyepazar.com\/index.php?rest_route=\/wp\/v2\/product"}],"about":[{"href":"https:\/\/www.hediyepazar.com\/index.php?rest_route=\/wp\/v2\/types\/product"}],"replies":[{"embeddable":true,"href":"https:\/\/www.hediyepazar.com\/index.php?rest_route=%2Fwp%2Fv2%2Fcomments&post=114384"}],"wp:featuredmedia":[{"embeddable":true,"href":"https:\/\/www.hediyepazar.com\/index.php?rest_route=\/wp\/v2\/media\/114383"}],"wp:attachment":[{"href":"https:\/\/www.hediyepazar.com\/index.php?rest_route=%2Fwp%2Fv2%2Fmedia&parent=114384"}],"wp:term":[{"taxonomy":"product_brand","embeddable":true,"href":"https:\/\/www.hediyepazar.com\/index.php?rest_route=%2Fwp%2Fv2%2Fproduct_brand&post=114384"},{"taxonomy":"product_cat","embeddable":true,"href":"https:\/\/www.hediyepazar.com\/index.php?rest_route=%2Fwp%2Fv2%2Fproduct_cat&post=114384"},{"taxonomy":"product_tag","embeddable":true,"href":"https:\/\/www.hediyepazar.com\/index.php?rest_route=%2Fwp%2Fv2%2Fproduct_tag&post=114384"}],"curies":[{"name":"wp","href":"https:\/\/api.w.org\/{rel}","templated":true}]}}