{"id":114398,"date":"2026-05-05T12:39:06","date_gmt":"2026-05-05T15:39:06","guid":{"rendered":"https:\/\/www.hediyepazar.com\/?product=akilli-sensorlu-usb-sarjli-kamp-lambasi"},"modified":"2026-05-05T12:39:06","modified_gmt":"2026-05-05T15:39:06","slug":"akilli-sensorlu-usb-sarjli-kamp-lambasi","status":"publish","type":"product","link":"https:\/\/www.hediyepazar.com\/?product=akilli-sensorlu-usb-sarjli-kamp-lambasi","title":{"rendered":"Ak\u0131ll\u0131 Sens\u00f6rl\u00fc USB \u015earjl\u0131 Kamp Lambas\u0131"},"content":{"rendered":"<p>Bu ak\u0131ll\u0131 kamp lambas\u0131, sizi do\u011fada asla yar\u0131 yolda b\u0131rakmaz. Kompakt yap\u0131s\u0131 sayesinde hafif ve kolay ta\u015f\u0131nabilir, dayan\u0131kl\u0131 yap\u0131s\u0131 ile de do\u011fa \u015fartlar\u0131na kar\u015f\u0131 maksimum diren\u00e7 sa\u011flar.C tipi USB portu ile her yerde \u015farj edilebilir. \u0130ster do\u011fa y\u00fcr\u00fcy\u00fc\u015f\u00fcnde ister kamp alan\u0131nda olun, powerbank ile \u0131\u015f\u0131\u011f\u0131n\u0131z\u0131 kolayca yeniden \u00e7al\u0131\u015f\u0131r hale getirebilirsiniz.Geli\u015fmi\u015f sens\u00f6r teknolojisi, hava karard\u0131\u011f\u0131nda lambay\u0131 otomatik olarak yakar ve g\u00fcn \u0131\u015f\u0131\u011f\u0131nda kapat\u0131r. Bu sayede hem tasarruf sa\u011flar hem de kullan\u0131m kolayl\u0131\u011f\u0131 sunar.Kancal\u0131 yap\u0131s\u0131 sayesinde \u00e7ad\u0131r i\u00e7inde, a\u011fa\u00e7 dallar\u0131nda ya da herhangi bir sabit noktada kolayca as\u0131labilir. Ortama yumu\u015fak, s\u0131cak bir \u0131\u015f\u0131k yayarak hem ayd\u0131nlat\u0131r hem de huzurlu bir atmosfer olu\u015fturur. T\u00fcm d\u0131\u015f mekan etkinliklerinizde sizinle birlikte!<\/p>\n","protected":false},"excerpt":{"rendered":"<p>Bu ak\u0131ll\u0131 kamp lambas\u0131, sizi do\u011fada asla yar\u0131 yolda b\u0131rakmaz. Kompakt yap\u0131s\u0131 sayesinde hafif ve kolay ta\u015f\u0131nabilir, dayan\u0131kl\u0131 yap\u0131s\u0131 ile de do\u011fa \u015fartlar\u0131na kar\u015f\u0131 maksimum diren\u00e7 sa\u011flar.C tipi USB portu ile her yerde \u015farj edilebilir. \u0130ster do\u011fa y\u00fcr\u00fcy\u00fc\u015f\u00fcnde ister kamp alan\u0131nda olun, powerbank ile \u0131\u015f\u0131\u011f\u0131n\u0131z\u0131 kolayca yeniden \u00e7al\u0131\u015f\u0131r hale getirebilirsiniz.Geli\u015fmi\u015f sens\u00f6r teknolojisi, hava karard\u0131\u011f\u0131nda lambay\u0131&#8230;<\/p>\n","protected":false},"featured_media":114397,"comment_status":"open","ping_status":"closed","template":"","meta":{"_kad_post_transparent":"","_kad_post_title":"","_kad_post_layout":"","_kad_post_sidebar_id":"","_kad_post_content_style":"","_kad_post_vertical_padding":"","_kad_post_feature":"","_kad_post_feature_position":"","_kad_post_header":false,"_kad_post_footer":false,"_kad_post_classname":""},"product_brand":[],"product_cat":[14977],"product_tag":[],"class_list":{"0":"post-114398","1":"product","2":"type-product","3":"status-publish","4":"has-post-thumbnail","6":"product_cat-kamp-lambasi-kamp-lambasi","8":"first","9":"instock","10":"purchasable","11":"product-type-simple","12":"entry","13":"content-bg","14":"loop-entry"},"_links":{"self":[{"href":"https:\/\/www.hediyepazar.com\/index.php?rest_route=\/wp\/v2\/product\/114398","targetHints":{"allow":["GET"]}}],"collection":[{"href":"https:\/\/www.hediyepazar.com\/index.php?rest_route=\/wp\/v2\/product"}],"about":[{"href":"https:\/\/www.hediyepazar.com\/index.php?rest_route=\/wp\/v2\/types\/product"}],"replies":[{"embeddable":true,"href":"https:\/\/www.hediyepazar.com\/index.php?rest_route=%2Fwp%2Fv2%2Fcomments&post=114398"}],"wp:featuredmedia":[{"embeddable":true,"href":"https:\/\/www.hediyepazar.com\/index.php?rest_route=\/wp\/v2\/media\/114397"}],"wp:attachment":[{"href":"https:\/\/www.hediyepazar.com\/index.php?rest_route=%2Fwp%2Fv2%2Fmedia&parent=114398"}],"wp:term":[{"taxonomy":"product_brand","embeddable":true,"href":"https:\/\/www.hediyepazar.com\/index.php?rest_route=%2Fwp%2Fv2%2Fproduct_brand&post=114398"},{"taxonomy":"product_cat","embeddable":true,"href":"https:\/\/www.hediyepazar.com\/index.php?rest_route=%2Fwp%2Fv2%2Fproduct_cat&post=114398"},{"taxonomy":"product_tag","embeddable":true,"href":"https:\/\/www.hediyepazar.com\/index.php?rest_route=%2Fwp%2Fv2%2Fproduct_tag&post=114398"}],"curies":[{"name":"wp","href":"https:\/\/api.w.org\/{rel}","templated":true}]}}