{"id":114400,"date":"2026-05-05T12:39:15","date_gmt":"2026-05-05T15:39:15","guid":{"rendered":"https:\/\/www.hediyepazar.com\/?product=c-tipi-sarjli-asilabilir-kamp-feneri"},"modified":"2026-05-05T12:39:15","modified_gmt":"2026-05-05T15:39:15","slug":"c-tipi-sarjli-asilabilir-kamp-feneri","status":"publish","type":"product","link":"https:\/\/www.hediyepazar.com\/?product=c-tipi-sarjli-asilabilir-kamp-feneri","title":{"rendered":"C Tipi \u015earjl\u0131 As\u0131labilir Kamp Feneri"},"content":{"rendered":"<p>Her kamp severin \u00e7antas\u0131nda mutlaka bulunmas\u0131 gereken, ta\u015f\u0131nabilir ve \u00e7ok ama\u00e7l\u0131 bir kamp \u0131\u015f\u0131\u011f\u0131 ile tan\u0131\u015f\u0131n. Zorlu do\u011fa ko\u015fullar\u0131nda test edilmi\u015f su ge\u00e7irmez yap\u0131s\u0131 sayesinde en sert ya\u011fmurlarda bile ayd\u0131nlatma g\u00f6revini s\u00fcrd\u00fcr\u00fcr.C tipi USB ba\u011flant\u0131s\u0131 sayesinde kablo karma\u015fas\u0131na gerek kalmadan h\u0131zl\u0131 \u015farj imk\u00e2n\u0131 sunar. Powerbank&#8217;le uyumlu oldu\u011fu i\u00e7in d\u0131\u015f mekanlarda enerji sorununa \u00e7\u00f6z\u00fcm getirir. \u015earj\u0131 dolu oldu\u011fu s\u00fcrece sizi uzun saatler boyunca ayd\u0131nlat\u0131r.Ak\u0131ll\u0131 sens\u00f6r teknolojisi, \u0131\u015f\u0131k ihtiyac\u0131n\u0131 sizin yerinize alg\u0131lar. G\u00fcnd\u00fczde pasif kalan lamba, gece karanl\u0131\u011f\u0131nda otomatik olarak devreye girerek karanl\u0131kta kalman\u0131za izin vermez.S\u0131cak sar\u0131 \u0131\u015f\u0131k tonu ise hem daha do\u011fal hem de daha yumu\u015fak bir ortam olu\u015fturur. \u00c7ad\u0131r\u0131n i\u00e7ine, a\u011faca ya da masa \u00fcst\u00fcne kolayca yerle\u015ftirilebilir. Hem kamp hem de ev bah\u00e7esi gibi ortamlar i\u00e7in m\u00fckemmel tercihtir.&nbsp;<\/p>\n","protected":false},"excerpt":{"rendered":"<p>Her kamp severin \u00e7antas\u0131nda mutlaka bulunmas\u0131 gereken, ta\u015f\u0131nabilir ve \u00e7ok ama\u00e7l\u0131 bir kamp \u0131\u015f\u0131\u011f\u0131 ile tan\u0131\u015f\u0131n. Zorlu do\u011fa ko\u015fullar\u0131nda test edilmi\u015f su ge\u00e7irmez yap\u0131s\u0131 sayesinde en sert ya\u011fmurlarda bile ayd\u0131nlatma g\u00f6revini s\u00fcrd\u00fcr\u00fcr.C tipi USB ba\u011flant\u0131s\u0131 sayesinde kablo karma\u015fas\u0131na gerek kalmadan h\u0131zl\u0131 \u015farj imk\u00e2n\u0131 sunar. Powerbank&#8217;le uyumlu oldu\u011fu i\u00e7in d\u0131\u015f mekanlarda enerji sorununa \u00e7\u00f6z\u00fcm getirir. \u015earj\u0131&#8230;<\/p>\n","protected":false},"featured_media":114399,"comment_status":"open","ping_status":"closed","template":"","meta":{"_kad_post_transparent":"","_kad_post_title":"","_kad_post_layout":"","_kad_post_sidebar_id":"","_kad_post_content_style":"","_kad_post_vertical_padding":"","_kad_post_feature":"","_kad_post_feature_position":"","_kad_post_header":false,"_kad_post_footer":false,"_kad_post_classname":""},"product_brand":[],"product_cat":[14977],"product_tag":[],"class_list":{"0":"post-114400","1":"product","2":"type-product","3":"status-publish","4":"has-post-thumbnail","6":"product_cat-kamp-lambasi-kamp-lambasi","8":"first","9":"instock","10":"purchasable","11":"product-type-simple","12":"entry","13":"content-bg","14":"loop-entry"},"_links":{"self":[{"href":"https:\/\/www.hediyepazar.com\/index.php?rest_route=\/wp\/v2\/product\/114400","targetHints":{"allow":["GET"]}}],"collection":[{"href":"https:\/\/www.hediyepazar.com\/index.php?rest_route=\/wp\/v2\/product"}],"about":[{"href":"https:\/\/www.hediyepazar.com\/index.php?rest_route=\/wp\/v2\/types\/product"}],"replies":[{"embeddable":true,"href":"https:\/\/www.hediyepazar.com\/index.php?rest_route=%2Fwp%2Fv2%2Fcomments&post=114400"}],"wp:featuredmedia":[{"embeddable":true,"href":"https:\/\/www.hediyepazar.com\/index.php?rest_route=\/wp\/v2\/media\/114399"}],"wp:attachment":[{"href":"https:\/\/www.hediyepazar.com\/index.php?rest_route=%2Fwp%2Fv2%2Fmedia&parent=114400"}],"wp:term":[{"taxonomy":"product_brand","embeddable":true,"href":"https:\/\/www.hediyepazar.com\/index.php?rest_route=%2Fwp%2Fv2%2Fproduct_brand&post=114400"},{"taxonomy":"product_cat","embeddable":true,"href":"https:\/\/www.hediyepazar.com\/index.php?rest_route=%2Fwp%2Fv2%2Fproduct_cat&post=114400"},{"taxonomy":"product_tag","embeddable":true,"href":"https:\/\/www.hediyepazar.com\/index.php?rest_route=%2Fwp%2Fv2%2Fproduct_tag&post=114400"}],"curies":[{"name":"wp","href":"https:\/\/api.w.org\/{rel}","templated":true}]}}