{"id":114402,"date":"2026-05-05T12:39:22","date_gmt":"2026-05-05T15:39:22","guid":{"rendered":"https:\/\/www.hediyepazar.com\/?product=su-gecirmez-dis-mekan-led-cadir-isigi"},"modified":"2026-05-05T12:39:22","modified_gmt":"2026-05-05T15:39:22","slug":"su-gecirmez-dis-mekan-led-cadir-isigi","status":"publish","type":"product","link":"https:\/\/www.hediyepazar.com\/?product=su-gecirmez-dis-mekan-led-cadir-isigi","title":{"rendered":"Su Ge\u00e7irmez D\u0131\u015f Mekan LED \u00c7ad\u0131r I\u015f\u0131\u011f\u0131"},"content":{"rendered":"<p>Kamp yaparken \u015farj s\u0131k\u0131nt\u0131s\u0131 ya\u015famak istemeyenler i\u00e7in tasarlanm\u0131\u015f bu kamp lambas\u0131, C tipi USB portu sayesinde kolay ve h\u0131zl\u0131 \u015farj imk\u00e2n\u0131 sunar. \u0130ster arabada, ister powerbank ile, ister bilgisayarda kolayca \u015farj edin ve \u0131\u015f\u0131\u011f\u0131n\u0131z hep a\u00e7\u0131k kals\u0131n.Hava ko\u015fullar\u0131na kar\u015f\u0131 dayan\u0131kl\u0131 tasar\u0131m\u0131 sayesinde ya\u011fmura, \u00e7amura ve darbeye kar\u015f\u0131 diren\u00e7lidir. Uzun \u00f6m\u00fcrl\u00fc LED\u2019leri ve d\u00fc\u015f\u00fck enerji t\u00fcketimi sayesinde sizi uzun s\u00fcre yar\u0131 yolda b\u0131rakmaz.I\u015f\u0131k sens\u00f6r\u00fc, ortam karard\u0131\u011f\u0131nda otomatik olarak devreye girerek i\u015finizi kolayla\u015ft\u0131r\u0131r. Enerjiyi verimli kullan\u0131rken, siz de karanl\u0131kla u\u011fra\u015fmazs\u0131n\u0131z. Bu lamba sadece \u0131\u015f\u0131k de\u011fil, ayn\u0131 zamanda g\u00fcvenlik de sa\u011flar.Kolay ta\u015f\u0131nabilir ve kancas\u0131 sayesinde her yere as\u0131labilir yap\u0131dad\u0131r. \u00c7ad\u0131rda, kamelyada, kamp mutfa\u011f\u0131nda ya da y\u00fcr\u00fcy\u00fc\u015f s\u0131ras\u0131nda kullanabilirsiniz.<\/p>\n","protected":false},"excerpt":{"rendered":"<p>Kamp yaparken \u015farj s\u0131k\u0131nt\u0131s\u0131 ya\u015famak istemeyenler i\u00e7in tasarlanm\u0131\u015f bu kamp lambas\u0131, C tipi USB portu sayesinde kolay ve h\u0131zl\u0131 \u015farj imk\u00e2n\u0131 sunar. \u0130ster arabada, ister powerbank ile, ister bilgisayarda kolayca \u015farj edin ve \u0131\u015f\u0131\u011f\u0131n\u0131z hep a\u00e7\u0131k kals\u0131n.Hava ko\u015fullar\u0131na kar\u015f\u0131 dayan\u0131kl\u0131 tasar\u0131m\u0131 sayesinde ya\u011fmura, \u00e7amura ve darbeye kar\u015f\u0131 diren\u00e7lidir. Uzun \u00f6m\u00fcrl\u00fc LED\u2019leri ve d\u00fc\u015f\u00fck enerji t\u00fcketimi&#8230;<\/p>\n","protected":false},"featured_media":114401,"comment_status":"open","ping_status":"closed","template":"","meta":{"_kad_post_transparent":"","_kad_post_title":"","_kad_post_layout":"","_kad_post_sidebar_id":"","_kad_post_content_style":"","_kad_post_vertical_padding":"","_kad_post_feature":"","_kad_post_feature_position":"","_kad_post_header":false,"_kad_post_footer":false,"_kad_post_classname":""},"product_brand":[],"product_cat":[14977],"product_tag":[],"class_list":{"0":"post-114402","1":"product","2":"type-product","3":"status-publish","4":"has-post-thumbnail","6":"product_cat-kamp-lambasi-kamp-lambasi","8":"first","9":"instock","10":"purchasable","11":"product-type-simple","12":"entry","13":"content-bg","14":"loop-entry"},"_links":{"self":[{"href":"https:\/\/www.hediyepazar.com\/index.php?rest_route=\/wp\/v2\/product\/114402","targetHints":{"allow":["GET"]}}],"collection":[{"href":"https:\/\/www.hediyepazar.com\/index.php?rest_route=\/wp\/v2\/product"}],"about":[{"href":"https:\/\/www.hediyepazar.com\/index.php?rest_route=\/wp\/v2\/types\/product"}],"replies":[{"embeddable":true,"href":"https:\/\/www.hediyepazar.com\/index.php?rest_route=%2Fwp%2Fv2%2Fcomments&post=114402"}],"wp:featuredmedia":[{"embeddable":true,"href":"https:\/\/www.hediyepazar.com\/index.php?rest_route=\/wp\/v2\/media\/114401"}],"wp:attachment":[{"href":"https:\/\/www.hediyepazar.com\/index.php?rest_route=%2Fwp%2Fv2%2Fmedia&parent=114402"}],"wp:term":[{"taxonomy":"product_brand","embeddable":true,"href":"https:\/\/www.hediyepazar.com\/index.php?rest_route=%2Fwp%2Fv2%2Fproduct_brand&post=114402"},{"taxonomy":"product_cat","embeddable":true,"href":"https:\/\/www.hediyepazar.com\/index.php?rest_route=%2Fwp%2Fv2%2Fproduct_cat&post=114402"},{"taxonomy":"product_tag","embeddable":true,"href":"https:\/\/www.hediyepazar.com\/index.php?rest_route=%2Fwp%2Fv2%2Fproduct_tag&post=114402"}],"curies":[{"name":"wp","href":"https:\/\/api.w.org\/{rel}","templated":true}]}}