{"id":114404,"date":"2026-05-05T12:39:30","date_gmt":"2026-05-05T15:39:30","guid":{"rendered":"https:\/\/www.hediyepazar.com\/?product=dis-mekan-kullanimina-uygun-led-lamba"},"modified":"2026-05-05T12:39:30","modified_gmt":"2026-05-05T15:39:30","slug":"dis-mekan-kullanimina-uygun-led-lamba","status":"publish","type":"product","link":"https:\/\/www.hediyepazar.com\/?product=dis-mekan-kullanimina-uygun-led-lamba","title":{"rendered":"D\u0131\u015f Mekan Kullan\u0131m\u0131na Uygun LED Lamba"},"content":{"rendered":"<p>Macera dolu kamp anlar\u0131n\u0131zda, her ko\u015fulda yan\u0131n\u0131zda olacak g\u00fcvenilir bir \u0131\u015f\u0131k m\u0131 ar\u0131yorsunuz? Bu dayan\u0131kl\u0131 kamp lambas\u0131, do\u011fan\u0131n her haline meydan okur. Su ge\u00e7irmez g\u00f6vdesi sayesinde ya\u011fmurlu, nemli veya \u00e7amurlu ortamlarda bile performans\u0131ndan \u00f6d\u00fcn vermez.Ak\u0131ll\u0131 \u0131\u015f\u0131k sens\u00f6r\u00fc sayesinde lamban\u0131z, hava karar\u0131r kararmaz otomatik olarak devreye girer. Bu sayede hem enerji tasarrufu sa\u011flar hem de karanl\u0131kta kalmazs\u0131n\u0131z. Geli\u015fmi\u015f LED teknolojisiyle s\u0131cak ve g\u00f6z yormayan bir \u0131\u015f\u0131k sunar.C Tipi USB giri\u015fi sayesinde h\u0131zl\u0131 ve pratik bir \u015fekilde \u015farj edilebilir. Ta\u015f\u0131nabilir powerbank&#8217;ler, diz\u00fcst\u00fc bilgisayar ya da ara\u00e7 \u015farj\u0131 ile kolayca \u015farj imk\u00e2n\u0131 sunar. Hafif ve kompakt tasar\u0131m\u0131yla kamp \u00e7antan\u0131zda yer kaplamaz.Kolay as\u0131labilen kancas\u0131 sayesinde ister \u00e7ad\u0131r\u0131n\u0131za, ister a\u011fa\u00e7 dallar\u0131na, isterse veranda \u00e7at\u0131n\u0131za rahatl\u0131kla monte edebilirsiniz. Her t\u00fcrl\u00fc d\u0131\u015f mek\u00e2n etkinli\u011finde g\u00fcvenilir bir ayd\u0131nlatma \u00e7\u00f6z\u00fcm\u00fcd\u00fcr.&nbsp;<\/p>\n","protected":false},"excerpt":{"rendered":"<p>Macera dolu kamp anlar\u0131n\u0131zda, her ko\u015fulda yan\u0131n\u0131zda olacak g\u00fcvenilir bir \u0131\u015f\u0131k m\u0131 ar\u0131yorsunuz? Bu dayan\u0131kl\u0131 kamp lambas\u0131, do\u011fan\u0131n her haline meydan okur. Su ge\u00e7irmez g\u00f6vdesi sayesinde ya\u011fmurlu, nemli veya \u00e7amurlu ortamlarda bile performans\u0131ndan \u00f6d\u00fcn vermez.Ak\u0131ll\u0131 \u0131\u015f\u0131k sens\u00f6r\u00fc sayesinde lamban\u0131z, hava karar\u0131r kararmaz otomatik olarak devreye girer. Bu sayede hem enerji tasarrufu sa\u011flar hem de karanl\u0131kta&#8230;<\/p>\n","protected":false},"featured_media":114403,"comment_status":"open","ping_status":"closed","template":"","meta":{"_kad_post_transparent":"","_kad_post_title":"","_kad_post_layout":"","_kad_post_sidebar_id":"","_kad_post_content_style":"","_kad_post_vertical_padding":"","_kad_post_feature":"","_kad_post_feature_position":"","_kad_post_header":false,"_kad_post_footer":false,"_kad_post_classname":""},"product_brand":[],"product_cat":[14977],"product_tag":[],"class_list":{"0":"post-114404","1":"product","2":"type-product","3":"status-publish","4":"has-post-thumbnail","6":"product_cat-kamp-lambasi-kamp-lambasi","8":"first","9":"instock","10":"purchasable","11":"product-type-simple","12":"entry","13":"content-bg","14":"loop-entry"},"_links":{"self":[{"href":"https:\/\/www.hediyepazar.com\/index.php?rest_route=\/wp\/v2\/product\/114404","targetHints":{"allow":["GET"]}}],"collection":[{"href":"https:\/\/www.hediyepazar.com\/index.php?rest_route=\/wp\/v2\/product"}],"about":[{"href":"https:\/\/www.hediyepazar.com\/index.php?rest_route=\/wp\/v2\/types\/product"}],"replies":[{"embeddable":true,"href":"https:\/\/www.hediyepazar.com\/index.php?rest_route=%2Fwp%2Fv2%2Fcomments&post=114404"}],"wp:featuredmedia":[{"embeddable":true,"href":"https:\/\/www.hediyepazar.com\/index.php?rest_route=\/wp\/v2\/media\/114403"}],"wp:attachment":[{"href":"https:\/\/www.hediyepazar.com\/index.php?rest_route=%2Fwp%2Fv2%2Fmedia&parent=114404"}],"wp:term":[{"taxonomy":"product_brand","embeddable":true,"href":"https:\/\/www.hediyepazar.com\/index.php?rest_route=%2Fwp%2Fv2%2Fproduct_brand&post=114404"},{"taxonomy":"product_cat","embeddable":true,"href":"https:\/\/www.hediyepazar.com\/index.php?rest_route=%2Fwp%2Fv2%2Fproduct_cat&post=114404"},{"taxonomy":"product_tag","embeddable":true,"href":"https:\/\/www.hediyepazar.com\/index.php?rest_route=%2Fwp%2Fv2%2Fproduct_tag&post=114404"}],"curies":[{"name":"wp","href":"https:\/\/api.w.org\/{rel}","templated":true}]}}