{"id":114406,"date":"2026-05-05T12:39:41","date_gmt":"2026-05-05T15:39:41","guid":{"rendered":"https:\/\/www.hediyepazar.com\/?product=tasinabilir-sicak-isik-yayan-kamp-lambasi"},"modified":"2026-05-05T12:39:41","modified_gmt":"2026-05-05T15:39:41","slug":"tasinabilir-sicak-isik-yayan-kamp-lambasi","status":"publish","type":"product","link":"https:\/\/www.hediyepazar.com\/?product=tasinabilir-sicak-isik-yayan-kamp-lambasi","title":{"rendered":"Ta\u015f\u0131nabilir S\u0131cak I\u015f\u0131k Yayan Kamp Lambas\u0131"},"content":{"rendered":"<p>Kamp keyfini kesintisiz ve konforlu ya\u015famak isteyenler i\u00e7in \u00f6zel olarak \u00fcretilmi\u015f bu LED kamp lambas\u0131, hem dayan\u0131kl\u0131 hem de i\u015flevseldir. Geli\u015fmi\u015f sens\u00f6r teknolojisi sayesinde g\u00fcn \u0131\u015f\u0131\u011f\u0131n\u0131 alg\u0131lar ve gece otomatik olarak yanar. Bu \u00f6zellik, hem enerji tasarrufu sa\u011flar hem de kullan\u0131c\u0131ya konfor sunar.D\u0131\u015f etkenlere kar\u015f\u0131 diren\u00e7li yap\u0131s\u0131 ile ister da\u011f ba\u015f\u0131nda, ister deniz kenar\u0131nda, ister ya\u011fmurlu bir ormanda olun, \u0131\u015f\u0131\u011f\u0131n\u0131z sizi yaln\u0131z b\u0131rakmaz. C tipi USB ba\u011flant\u0131 noktas\u0131 sayesinde modern t\u00fcm \u015farj kaynaklar\u0131yla uyumludur.\u00c7ok y\u00f6nl\u00fc as\u0131labilir kancas\u0131 sayesinde kamp alan\u0131nda diledi\u011finiz noktaya monte edebilirsiniz. S\u0131cak tonlu \u0131\u015f\u0131\u011f\u0131, kamp ortam\u0131nda daha rahatlat\u0131c\u0131 bir atmosfer yarat\u0131r. Hem g\u00fcvenli hem de keyifli bir gece ge\u00e7irmek i\u00e7in ideal bir yard\u0131mc\u0131d\u0131r.&nbsp;<\/p>\n","protected":false},"excerpt":{"rendered":"<p>Kamp keyfini kesintisiz ve konforlu ya\u015famak isteyenler i\u00e7in \u00f6zel olarak \u00fcretilmi\u015f bu LED kamp lambas\u0131, hem dayan\u0131kl\u0131 hem de i\u015flevseldir. Geli\u015fmi\u015f sens\u00f6r teknolojisi sayesinde g\u00fcn \u0131\u015f\u0131\u011f\u0131n\u0131 alg\u0131lar ve gece otomatik olarak yanar. Bu \u00f6zellik, hem enerji tasarrufu sa\u011flar hem de kullan\u0131c\u0131ya konfor sunar.D\u0131\u015f etkenlere kar\u015f\u0131 diren\u00e7li yap\u0131s\u0131 ile ister da\u011f ba\u015f\u0131nda, ister deniz kenar\u0131nda, ister&#8230;<\/p>\n","protected":false},"featured_media":114405,"comment_status":"open","ping_status":"closed","template":"","meta":{"_kad_post_transparent":"","_kad_post_title":"","_kad_post_layout":"","_kad_post_sidebar_id":"","_kad_post_content_style":"","_kad_post_vertical_padding":"","_kad_post_feature":"","_kad_post_feature_position":"","_kad_post_header":false,"_kad_post_footer":false,"_kad_post_classname":""},"product_brand":[],"product_cat":[14977],"product_tag":[],"class_list":{"0":"post-114406","1":"product","2":"type-product","3":"status-publish","4":"has-post-thumbnail","6":"product_cat-kamp-lambasi-kamp-lambasi","8":"first","9":"instock","10":"purchasable","11":"product-type-simple","12":"entry","13":"content-bg","14":"loop-entry"},"_links":{"self":[{"href":"https:\/\/www.hediyepazar.com\/index.php?rest_route=\/wp\/v2\/product\/114406","targetHints":{"allow":["GET"]}}],"collection":[{"href":"https:\/\/www.hediyepazar.com\/index.php?rest_route=\/wp\/v2\/product"}],"about":[{"href":"https:\/\/www.hediyepazar.com\/index.php?rest_route=\/wp\/v2\/types\/product"}],"replies":[{"embeddable":true,"href":"https:\/\/www.hediyepazar.com\/index.php?rest_route=%2Fwp%2Fv2%2Fcomments&post=114406"}],"wp:featuredmedia":[{"embeddable":true,"href":"https:\/\/www.hediyepazar.com\/index.php?rest_route=\/wp\/v2\/media\/114405"}],"wp:attachment":[{"href":"https:\/\/www.hediyepazar.com\/index.php?rest_route=%2Fwp%2Fv2%2Fmedia&parent=114406"}],"wp:term":[{"taxonomy":"product_brand","embeddable":true,"href":"https:\/\/www.hediyepazar.com\/index.php?rest_route=%2Fwp%2Fv2%2Fproduct_brand&post=114406"},{"taxonomy":"product_cat","embeddable":true,"href":"https:\/\/www.hediyepazar.com\/index.php?rest_route=%2Fwp%2Fv2%2Fproduct_cat&post=114406"},{"taxonomy":"product_tag","embeddable":true,"href":"https:\/\/www.hediyepazar.com\/index.php?rest_route=%2Fwp%2Fv2%2Fproduct_tag&post=114406"}],"curies":[{"name":"wp","href":"https:\/\/api.w.org\/{rel}","templated":true}]}}