{"id":114410,"date":"2026-05-05T12:39:58","date_gmt":"2026-05-05T15:39:58","guid":{"rendered":"https:\/\/www.hediyepazar.com\/?product=partiler-ve-sosyal-medya-icerikleri-icin-etkili-kagit-atma-oyuncagi"},"modified":"2026-05-05T12:39:58","modified_gmt":"2026-05-05T15:39:58","slug":"partiler-ve-sosyal-medya-icerikleri-icin-etkili-kagit-atma-oyuncagi","status":"publish","type":"product","link":"https:\/\/www.hediyepazar.com\/?product=partiler-ve-sosyal-medya-icerikleri-icin-etkili-kagit-atma-oyuncagi","title":{"rendered":"Partiler ve Sosyal Medya \u0130\u00e7erikleri \u0130\u00e7in Etkili K\u00e2\u011f\u0131t Atma Oyunca\u011f\u0131"},"content":{"rendered":"<p>Bu oyuncak, s\u0131radan e\u011flenceleri ola\u011fan\u00fcst\u00fc anlara d\u00f6n\u00fc\u015ft\u00fcrmek i\u00e7in geli\u015ftirilmi\u015f \u00f6zel bir \u00fcr\u00fcnd\u00fcr. K\u00e2\u011f\u0131t f\u0131rlatma \u00f6zelli\u011fi sayesinde etkinliklerinize hareket, canl\u0131l\u0131k ve e\u011flence katarken; sa\u011flam yap\u0131s\u0131 ve kullan\u0131c\u0131 dostu tasar\u0131m\u0131 ile herkesin rahatl\u0131kla kullanabilece\u011fi bir deneyim sunar.\u00dcr\u00fcn, 3 adet AA pil ile \u00e7al\u0131\u015f\u0131r. \u015earj etme derdi olmadan her an kullan\u0131ma haz\u0131rd\u0131r. Kutu i\u00e7eri\u011finde bulunan 130 adet k\u00e2\u011f\u0131tla birlikte ekstra haz\u0131rl\u0131k gerektirmeden hemen kullan\u0131labilir. Kapa\u011f\u0131 bast\u0131r\u0131n, oyunca\u011f\u0131 yukar\u0131 do\u011fru y\u00f6neltin ve e\u011flencenin tad\u0131n\u0131 \u00e7\u0131kar\u0131n.Sadece partilerde de\u011fil; sosyal medya i\u00e7erik \u00fcreticileri, video \u00e7ekenler ya da arkada\u015f gruplar\u0131 aras\u0131nda fark yaratmak isteyen herkes i\u00e7in ideal bir \u00fcr\u00fcnd\u00fcr. D\u00fcz veya yukar\u0131ya do\u011fru e\u011fimli kullan\u0131mda k\u00e2\u011f\u0131tlar havada daha uzun kal\u0131r ve etkiyi art\u0131r\u0131r. Bu sayede g\u00f6rsel \u015fov etkisi olu\u015fturmak kolayla\u015f\u0131r.Plastik malzemenin sa\u011flaml\u0131\u011f\u0131 ve \u00fcr\u00fcn\u00fcn ergonomik yap\u0131s\u0131, uzun s\u00fcreli ve keyifli bir kullan\u0131m sa\u011flar. E\u011flenceli etkinliklerin vazge\u00e7ilmez par\u00e7as\u0131 olacak bu oyuncak, hem i\u00e7 mekan hem d\u0131\u015f mekanda kullan\u0131labilir.G\u00f6rsel etkisi, kullan\u0131m kolayl\u0131\u011f\u0131 ve performans\u0131yla fark yaratmak isteyen herkesin tercihi olacak bu oyuncakla e\u011flence her zamankinden daha renkli ve hareketli!<\/p>\n","protected":false},"excerpt":{"rendered":"<p>Bu oyuncak, s\u0131radan e\u011flenceleri ola\u011fan\u00fcst\u00fc anlara d\u00f6n\u00fc\u015ft\u00fcrmek i\u00e7in geli\u015ftirilmi\u015f \u00f6zel bir \u00fcr\u00fcnd\u00fcr. K\u00e2\u011f\u0131t f\u0131rlatma \u00f6zelli\u011fi sayesinde etkinliklerinize hareket, canl\u0131l\u0131k ve e\u011flence katarken; sa\u011flam yap\u0131s\u0131 ve kullan\u0131c\u0131 dostu tasar\u0131m\u0131 ile herkesin rahatl\u0131kla kullanabilece\u011fi bir deneyim sunar.\u00dcr\u00fcn, 3 adet AA pil ile \u00e7al\u0131\u015f\u0131r. \u015earj etme derdi olmadan her an kullan\u0131ma haz\u0131rd\u0131r. Kutu i\u00e7eri\u011finde bulunan 130 adet k\u00e2\u011f\u0131tla&#8230;<\/p>\n","protected":false},"featured_media":114409,"comment_status":"open","ping_status":"closed","template":"","meta":{"_kad_post_transparent":"","_kad_post_title":"","_kad_post_layout":"","_kad_post_sidebar_id":"","_kad_post_content_style":"","_kad_post_vertical_padding":"","_kad_post_feature":"","_kad_post_feature_position":"","_kad_post_header":false,"_kad_post_footer":false,"_kad_post_classname":""},"product_brand":[],"product_cat":[15040],"product_tag":[],"class_list":{"0":"post-114410","1":"product","2":"type-product","3":"status-publish","4":"has-post-thumbnail","6":"product_cat-parti-maskesi-ve-gozlugu-parti-maskesi-ve-gozlugu","8":"first","9":"instock","10":"purchasable","11":"product-type-simple","12":"entry","13":"content-bg","14":"loop-entry"},"_links":{"self":[{"href":"https:\/\/www.hediyepazar.com\/index.php?rest_route=\/wp\/v2\/product\/114410","targetHints":{"allow":["GET"]}}],"collection":[{"href":"https:\/\/www.hediyepazar.com\/index.php?rest_route=\/wp\/v2\/product"}],"about":[{"href":"https:\/\/www.hediyepazar.com\/index.php?rest_route=\/wp\/v2\/types\/product"}],"replies":[{"embeddable":true,"href":"https:\/\/www.hediyepazar.com\/index.php?rest_route=%2Fwp%2Fv2%2Fcomments&post=114410"}],"wp:featuredmedia":[{"embeddable":true,"href":"https:\/\/www.hediyepazar.com\/index.php?rest_route=\/wp\/v2\/media\/114409"}],"wp:attachment":[{"href":"https:\/\/www.hediyepazar.com\/index.php?rest_route=%2Fwp%2Fv2%2Fmedia&parent=114410"}],"wp:term":[{"taxonomy":"product_brand","embeddable":true,"href":"https:\/\/www.hediyepazar.com\/index.php?rest_route=%2Fwp%2Fv2%2Fproduct_brand&post=114410"},{"taxonomy":"product_cat","embeddable":true,"href":"https:\/\/www.hediyepazar.com\/index.php?rest_route=%2Fwp%2Fv2%2Fproduct_cat&post=114410"},{"taxonomy":"product_tag","embeddable":true,"href":"https:\/\/www.hediyepazar.com\/index.php?rest_route=%2Fwp%2Fv2%2Fproduct_tag&post=114410"}],"curies":[{"name":"wp","href":"https:\/\/api.w.org\/{rel}","templated":true}]}}