{"id":114418,"date":"2026-05-05T12:40:41","date_gmt":"2026-05-05T15:40:41","guid":{"rendered":"https:\/\/www.hediyepazar.com\/?product=ayarlanabilir-isili-bukle-sac-masasi"},"modified":"2026-05-05T12:40:41","modified_gmt":"2026-05-05T15:40:41","slug":"ayarlanabilir-isili-bukle-sac-masasi","status":"publish","type":"product","link":"https:\/\/www.hediyepazar.com\/?product=ayarlanabilir-isili-bukle-sac-masasi","title":{"rendered":"Ayarlanabilir Is\u0131l\u0131 Bukle Sa\u00e7 Ma\u015fas\u0131"},"content":{"rendered":"<p>Do\u011fal g\u00f6r\u00fcn\u00fcml\u00fc bukleler ve dalgalar elde etmek art\u0131k \u00e7ok daha kolay! Ayarlanabilir s\u0131cakl\u0131k ayar\u0131na sahip bu sa\u00e7 k\u0131v\u0131r\u0131c\u0131 ma\u015fa, sa\u00e7 tipinize g\u00f6re en ideal \u0131s\u0131y\u0131 se\u00e7menize olanak tan\u0131r. Hem ince telli hem de kal\u0131n telli sa\u00e7larda etkili sonu\u00e7 verir.Geli\u015fmi\u015f h\u0131zl\u0131 \u0131s\u0131tma teknolojisi sayesinde cihaz dakikalar i\u00e7inde haz\u0131r hale gelir. Yo\u011fun sabahlar veya ani planlar i\u00e7in idealdir. Sa\u00e7lara zarar vermeyen y\u00fczeyi sayesinde k\u0131r\u0131lma ve kabarma riskini azaltarak, sa\u011fl\u0131kl\u0131 ve parlak bir g\u00f6r\u00fcn\u00fcm kazand\u0131r\u0131r.Kullan\u0131m\u0131 olduk\u00e7a basittir: Sadece sa\u00e7 tutamlar\u0131n\u0131 ma\u015faya sar\u0131n, k\u0131sa bir s\u00fcre bekleyin ve etkileyici buklelerin keyfini \u00e7\u0131kar\u0131n. Hafif yap\u0131s\u0131 sayesinde el yormaz, ergonomik tasar\u0131m\u0131 ile kolay kullan\u0131m sa\u011flar.\u015e\u0131k ve kompakt tasar\u0131m\u0131yla hem evde hem seyahatlerde kullan\u0131m i\u00e7in idealdir. ABS plastik ve metal malzemeden \u00fcretilmi\u015ftir. Profesyonel sonu\u00e7lar i\u00e7in salon kalitesinde bir \u015fekillendirici ar\u0131yorsan\u0131z, bu \u00fcr\u00fcn tam size g\u00f6re!<\/p>\n","protected":false},"excerpt":{"rendered":"<p>Do\u011fal g\u00f6r\u00fcn\u00fcml\u00fc bukleler ve dalgalar elde etmek art\u0131k \u00e7ok daha kolay! Ayarlanabilir s\u0131cakl\u0131k ayar\u0131na sahip bu sa\u00e7 k\u0131v\u0131r\u0131c\u0131 ma\u015fa, sa\u00e7 tipinize g\u00f6re en ideal \u0131s\u0131y\u0131 se\u00e7menize olanak tan\u0131r. Hem ince telli hem de kal\u0131n telli sa\u00e7larda etkili sonu\u00e7 verir.Geli\u015fmi\u015f h\u0131zl\u0131 \u0131s\u0131tma teknolojisi sayesinde cihaz dakikalar i\u00e7inde haz\u0131r hale gelir. Yo\u011fun sabahlar veya ani planlar i\u00e7in&#8230;<\/p>\n","protected":false},"featured_media":114417,"comment_status":"open","ping_status":"closed","template":"","meta":{"_kad_post_transparent":"","_kad_post_title":"","_kad_post_layout":"","_kad_post_sidebar_id":"","_kad_post_content_style":"","_kad_post_vertical_padding":"","_kad_post_feature":"","_kad_post_feature_position":"","_kad_post_header":false,"_kad_post_footer":false,"_kad_post_classname":""},"product_brand":[],"product_cat":[14907],"product_tag":[],"class_list":{"0":"post-114418","1":"product","2":"type-product","3":"status-publish","4":"has-post-thumbnail","6":"product_cat-sac-masasi-sac-masasi","8":"first","9":"instock","10":"purchasable","11":"product-type-simple","12":"entry","13":"content-bg","14":"loop-entry"},"_links":{"self":[{"href":"https:\/\/www.hediyepazar.com\/index.php?rest_route=\/wp\/v2\/product\/114418","targetHints":{"allow":["GET"]}}],"collection":[{"href":"https:\/\/www.hediyepazar.com\/index.php?rest_route=\/wp\/v2\/product"}],"about":[{"href":"https:\/\/www.hediyepazar.com\/index.php?rest_route=\/wp\/v2\/types\/product"}],"replies":[{"embeddable":true,"href":"https:\/\/www.hediyepazar.com\/index.php?rest_route=%2Fwp%2Fv2%2Fcomments&post=114418"}],"wp:featuredmedia":[{"embeddable":true,"href":"https:\/\/www.hediyepazar.com\/index.php?rest_route=\/wp\/v2\/media\/114417"}],"wp:attachment":[{"href":"https:\/\/www.hediyepazar.com\/index.php?rest_route=%2Fwp%2Fv2%2Fmedia&parent=114418"}],"wp:term":[{"taxonomy":"product_brand","embeddable":true,"href":"https:\/\/www.hediyepazar.com\/index.php?rest_route=%2Fwp%2Fv2%2Fproduct_brand&post=114418"},{"taxonomy":"product_cat","embeddable":true,"href":"https:\/\/www.hediyepazar.com\/index.php?rest_route=%2Fwp%2Fv2%2Fproduct_cat&post=114418"},{"taxonomy":"product_tag","embeddable":true,"href":"https:\/\/www.hediyepazar.com\/index.php?rest_route=%2Fwp%2Fv2%2Fproduct_tag&post=114418"}],"curies":[{"name":"wp","href":"https:\/\/api.w.org\/{rel}","templated":true}]}}