{"id":114420,"date":"2026-05-05T12:40:48","date_gmt":"2026-05-05T15:40:48","guid":{"rendered":"https:\/\/www.hediyepazar.com\/?product=profesyonel-kullanima-uygun-bukle-masasi"},"modified":"2026-05-05T12:40:48","modified_gmt":"2026-05-05T15:40:48","slug":"profesyonel-kullanima-uygun-bukle-masasi","status":"publish","type":"product","link":"https:\/\/www.hediyepazar.com\/?product=profesyonel-kullanima-uygun-bukle-masasi","title":{"rendered":"Profesyonel Kullan\u0131ma Uygun Bukle Ma\u015fas\u0131"},"content":{"rendered":"<p>Kuaf\u00f6re gitmeden profesyonel sa\u00e7 \u015fekillendirme deneyimini evinize getiren bu sa\u00e7 ma\u015fas\u0131, kullan\u0131c\u0131 dostu tasar\u0131m\u0131yla kolayca kontrol edilebilir. Is\u0131ya duyarl\u0131 sa\u00e7 tipleri i\u00e7in \u00f6zel olarak geli\u015ftirilen y\u00fczeyi sayesinde sa\u00e7lar\u0131n\u0131za zarar vermez.Bukleler k\u0131sa s\u00fcrede belirgin, kal\u0131c\u0131 ve do\u011fal g\u00f6r\u00fcn\u00fcml\u00fc olur. Hafif yap\u0131s\u0131 sayesinde ta\u015f\u0131mas\u0131 ve kullanmas\u0131 olduk\u00e7a pratiktir. \u015e\u0131k d\u0131\u015f y\u00fczeyi modern bir g\u00f6r\u00fcn\u00fcm sunarken, ergonomik tutu\u015fu ile konforlu bir kullan\u0131m sa\u011flar.G\u00fcnl\u00fck stilinizi tamamlayacak zarif dalgalar ya da \u00f6zel davetler i\u00e7in daha hacimli bukleler elde etmek istiyorsan\u0131z, bu ma\u015fa tam size g\u00f6re!&nbsp;<\/p>\n","protected":false},"excerpt":{"rendered":"<p>Kuaf\u00f6re gitmeden profesyonel sa\u00e7 \u015fekillendirme deneyimini evinize getiren bu sa\u00e7 ma\u015fas\u0131, kullan\u0131c\u0131 dostu tasar\u0131m\u0131yla kolayca kontrol edilebilir. Is\u0131ya duyarl\u0131 sa\u00e7 tipleri i\u00e7in \u00f6zel olarak geli\u015ftirilen y\u00fczeyi sayesinde sa\u00e7lar\u0131n\u0131za zarar vermez.Bukleler k\u0131sa s\u00fcrede belirgin, kal\u0131c\u0131 ve do\u011fal g\u00f6r\u00fcn\u00fcml\u00fc olur. Hafif yap\u0131s\u0131 sayesinde ta\u015f\u0131mas\u0131 ve kullanmas\u0131 olduk\u00e7a pratiktir. \u015e\u0131k d\u0131\u015f y\u00fczeyi modern bir g\u00f6r\u00fcn\u00fcm sunarken, ergonomik tutu\u015fu&#8230;<\/p>\n","protected":false},"featured_media":114419,"comment_status":"open","ping_status":"closed","template":"","meta":{"_kad_post_transparent":"","_kad_post_title":"","_kad_post_layout":"","_kad_post_sidebar_id":"","_kad_post_content_style":"","_kad_post_vertical_padding":"","_kad_post_feature":"","_kad_post_feature_position":"","_kad_post_header":false,"_kad_post_footer":false,"_kad_post_classname":""},"product_brand":[],"product_cat":[14907],"product_tag":[],"class_list":{"0":"post-114420","1":"product","2":"type-product","3":"status-publish","4":"has-post-thumbnail","6":"product_cat-sac-masasi-sac-masasi","8":"first","9":"instock","10":"purchasable","11":"product-type-simple","12":"entry","13":"content-bg","14":"loop-entry"},"_links":{"self":[{"href":"https:\/\/www.hediyepazar.com\/index.php?rest_route=\/wp\/v2\/product\/114420","targetHints":{"allow":["GET"]}}],"collection":[{"href":"https:\/\/www.hediyepazar.com\/index.php?rest_route=\/wp\/v2\/product"}],"about":[{"href":"https:\/\/www.hediyepazar.com\/index.php?rest_route=\/wp\/v2\/types\/product"}],"replies":[{"embeddable":true,"href":"https:\/\/www.hediyepazar.com\/index.php?rest_route=%2Fwp%2Fv2%2Fcomments&post=114420"}],"wp:featuredmedia":[{"embeddable":true,"href":"https:\/\/www.hediyepazar.com\/index.php?rest_route=\/wp\/v2\/media\/114419"}],"wp:attachment":[{"href":"https:\/\/www.hediyepazar.com\/index.php?rest_route=%2Fwp%2Fv2%2Fmedia&parent=114420"}],"wp:term":[{"taxonomy":"product_brand","embeddable":true,"href":"https:\/\/www.hediyepazar.com\/index.php?rest_route=%2Fwp%2Fv2%2Fproduct_brand&post=114420"},{"taxonomy":"product_cat","embeddable":true,"href":"https:\/\/www.hediyepazar.com\/index.php?rest_route=%2Fwp%2Fv2%2Fproduct_cat&post=114420"},{"taxonomy":"product_tag","embeddable":true,"href":"https:\/\/www.hediyepazar.com\/index.php?rest_route=%2Fwp%2Fv2%2Fproduct_tag&post=114420"}],"curies":[{"name":"wp","href":"https:\/\/api.w.org\/{rel}","templated":true}]}}