{"id":114422,"date":"2026-05-05T12:40:58","date_gmt":"2026-05-05T15:40:58","guid":{"rendered":"https:\/\/www.hediyepazar.com\/?product=hizli-isinan-sarjli-sac-kivirici-masa"},"modified":"2026-05-05T12:40:58","modified_gmt":"2026-05-05T15:40:58","slug":"hizli-isinan-sarjli-sac-kivirici-masa","status":"publish","type":"product","link":"https:\/\/www.hediyepazar.com\/?product=hizli-isinan-sarjli-sac-kivirici-masa","title":{"rendered":"H\u0131zl\u0131 Is\u0131nan \u015earjl\u0131 Sa\u00e7 K\u0131v\u0131r\u0131c\u0131 Ma\u015fa"},"content":{"rendered":"<p>Profesyonel \u015fekillendirme i\u00e7in gereken her \u015fey bu cihazda! Ayarlanabilir s\u0131cakl\u0131k kontrol\u00fc, farkl\u0131 sa\u00e7 yap\u0131lar\u0131 i\u00e7in uygun \u0131s\u0131 derecesi ayarlaman\u0131za olanak tan\u0131r. Bu sayede sa\u00e7lar\u0131n\u0131z hem \u015fekil al\u0131r hem de sa\u011fl\u0131\u011f\u0131n\u0131 korur.Is\u0131nma s\u00fcresi son derece k\u0131sad\u0131r, cihaz birka\u00e7 saniyede kullan\u0131ma haz\u0131r hale gelir. \u00d6zellikle sabahlar\u0131 zamandan tasarruf etmek isteyenler i\u00e7in b\u00fcy\u00fck avantaj sa\u011flar. Sa\u00e7a nazik yap\u0131s\u0131, kabarmay\u0131 \u00f6nler ve parlak, p\u00fcr\u00fczs\u00fcz bukleler olu\u015fturur.Plastik ve metalden olu\u015fan sa\u011flam g\u00f6vdesi ile uzun \u00f6m\u00fcrl\u00fcd\u00fcr. Kompakt boyutlar\u0131 sayesinde seyahatlerde kolayca yan\u0131n\u0131za alabilirsiniz. Profesyonel sonu\u00e7lar i\u00e7in art\u0131k kuaf\u00f6re gitmeye gerek yok.<\/p>\n","protected":false},"excerpt":{"rendered":"<p>Profesyonel \u015fekillendirme i\u00e7in gereken her \u015fey bu cihazda! Ayarlanabilir s\u0131cakl\u0131k kontrol\u00fc, farkl\u0131 sa\u00e7 yap\u0131lar\u0131 i\u00e7in uygun \u0131s\u0131 derecesi ayarlaman\u0131za olanak tan\u0131r. Bu sayede sa\u00e7lar\u0131n\u0131z hem \u015fekil al\u0131r hem de sa\u011fl\u0131\u011f\u0131n\u0131 korur.Is\u0131nma s\u00fcresi son derece k\u0131sad\u0131r, cihaz birka\u00e7 saniyede kullan\u0131ma haz\u0131r hale gelir. \u00d6zellikle sabahlar\u0131 zamandan tasarruf etmek isteyenler i\u00e7in b\u00fcy\u00fck avantaj sa\u011flar. Sa\u00e7a nazik yap\u0131s\u0131,&#8230;<\/p>\n","protected":false},"featured_media":114421,"comment_status":"open","ping_status":"closed","template":"","meta":{"_kad_post_transparent":"","_kad_post_title":"","_kad_post_layout":"","_kad_post_sidebar_id":"","_kad_post_content_style":"","_kad_post_vertical_padding":"","_kad_post_feature":"","_kad_post_feature_position":"","_kad_post_header":false,"_kad_post_footer":false,"_kad_post_classname":""},"product_brand":[],"product_cat":[14907],"product_tag":[],"class_list":{"0":"post-114422","1":"product","2":"type-product","3":"status-publish","4":"has-post-thumbnail","6":"product_cat-sac-masasi-sac-masasi","8":"first","9":"instock","10":"purchasable","11":"product-type-simple","12":"entry","13":"content-bg","14":"loop-entry"},"_links":{"self":[{"href":"https:\/\/www.hediyepazar.com\/index.php?rest_route=\/wp\/v2\/product\/114422","targetHints":{"allow":["GET"]}}],"collection":[{"href":"https:\/\/www.hediyepazar.com\/index.php?rest_route=\/wp\/v2\/product"}],"about":[{"href":"https:\/\/www.hediyepazar.com\/index.php?rest_route=\/wp\/v2\/types\/product"}],"replies":[{"embeddable":true,"href":"https:\/\/www.hediyepazar.com\/index.php?rest_route=%2Fwp%2Fv2%2Fcomments&post=114422"}],"wp:featuredmedia":[{"embeddable":true,"href":"https:\/\/www.hediyepazar.com\/index.php?rest_route=\/wp\/v2\/media\/114421"}],"wp:attachment":[{"href":"https:\/\/www.hediyepazar.com\/index.php?rest_route=%2Fwp%2Fv2%2Fmedia&parent=114422"}],"wp:term":[{"taxonomy":"product_brand","embeddable":true,"href":"https:\/\/www.hediyepazar.com\/index.php?rest_route=%2Fwp%2Fv2%2Fproduct_brand&post=114422"},{"taxonomy":"product_cat","embeddable":true,"href":"https:\/\/www.hediyepazar.com\/index.php?rest_route=%2Fwp%2Fv2%2Fproduct_cat&post=114422"},{"taxonomy":"product_tag","embeddable":true,"href":"https:\/\/www.hediyepazar.com\/index.php?rest_route=%2Fwp%2Fv2%2Fproduct_tag&post=114422"}],"curies":[{"name":"wp","href":"https:\/\/api.w.org\/{rel}","templated":true}]}}