{"id":114430,"date":"2026-05-05T12:41:40","date_gmt":"2026-05-05T15:41:40","guid":{"rendered":"https:\/\/www.hediyepazar.com\/?product=gece-lambasi-ozellikli-tasinabilir-nemlendirici-ve-aromaterapi-cihazi-usb-girisli"},"modified":"2026-05-05T12:41:40","modified_gmt":"2026-05-05T15:41:40","slug":"gece-lambasi-ozellikli-tasinabilir-nemlendirici-ve-aromaterapi-cihazi-usb-girisli","status":"publish","type":"product","link":"https:\/\/www.hediyepazar.com\/?product=gece-lambasi-ozellikli-tasinabilir-nemlendirici-ve-aromaterapi-cihazi-usb-girisli","title":{"rendered":"Gece lambas\u0131 \u00f6zellikli ta\u015f\u0131nabilir nemlendirici ve aromaterapi cihaz\u0131 USB giri\u015fli"},"content":{"rendered":"<p>Bu \u00e7ok fonksiyonlu hava nemlendirici cihaz\u0131, kullan\u0131c\u0131ya hem sa\u011fl\u0131k hem de konfor sunar. Havay\u0131 nemlendirerek solunum yollar\u0131n\u0131 rahatlat\u0131r, ayn\u0131 zamanda projekt\u00f6r \u0131\u015f\u0131k fonksiyonuyla gece kullan\u0131m\u0131nda huzurlu bir ortam yarat\u0131r.Cihaz, USB ba\u011flant\u0131 noktas\u0131 ile kolayca \u00e7al\u0131\u015ft\u0131r\u0131labilir. \u015earjl\u0131 modellerle benzer \u015fekilde, d\u00fc\u015f\u00fck enerji t\u00fcketimiyle verimli kullan\u0131m sa\u011flar. Esansiyel ya\u011f deste\u011fi sayesinde aroma dif\u00fcz\u00f6r\u00fc olarak da kullan\u0131labilir. PP, PC ve silikon malzemelerle \u00fcretilmi\u015ftir; uzun \u00f6m\u00fcrl\u00fc ve g\u00fcvenlidir. Kompakt boyutu sayesinde \u00e7antan\u0131za at\u0131p kolayca ta\u015f\u0131yabilirsiniz.&nbsp;<\/p>\n","protected":false},"excerpt":{"rendered":"<p>Bu \u00e7ok fonksiyonlu hava nemlendirici cihaz\u0131, kullan\u0131c\u0131ya hem sa\u011fl\u0131k hem de konfor sunar. Havay\u0131 nemlendirerek solunum yollar\u0131n\u0131 rahatlat\u0131r, ayn\u0131 zamanda projekt\u00f6r \u0131\u015f\u0131k fonksiyonuyla gece kullan\u0131m\u0131nda huzurlu bir ortam yarat\u0131r.Cihaz, USB ba\u011flant\u0131 noktas\u0131 ile kolayca \u00e7al\u0131\u015ft\u0131r\u0131labilir. \u015earjl\u0131 modellerle benzer \u015fekilde, d\u00fc\u015f\u00fck enerji t\u00fcketimiyle verimli kullan\u0131m sa\u011flar. Esansiyel ya\u011f deste\u011fi sayesinde aroma dif\u00fcz\u00f6r\u00fc olarak da kullan\u0131labilir. PP,&#8230;<\/p>\n","protected":false},"featured_media":114429,"comment_status":"open","ping_status":"closed","template":"","meta":{"_kad_post_transparent":"","_kad_post_title":"","_kad_post_layout":"","_kad_post_sidebar_id":"","_kad_post_content_style":"","_kad_post_vertical_padding":"","_kad_post_feature":"","_kad_post_feature_position":"","_kad_post_header":false,"_kad_post_footer":false,"_kad_post_classname":""},"product_brand":[],"product_cat":[14965],"product_tag":[],"class_list":{"0":"post-114430","1":"product","2":"type-product","3":"status-publish","4":"has-post-thumbnail","6":"product_cat-hava-nemlendirici-hava-nemlendirici","8":"first","9":"instock","10":"purchasable","11":"product-type-simple","12":"entry","13":"content-bg","14":"loop-entry"},"_links":{"self":[{"href":"https:\/\/www.hediyepazar.com\/index.php?rest_route=\/wp\/v2\/product\/114430","targetHints":{"allow":["GET"]}}],"collection":[{"href":"https:\/\/www.hediyepazar.com\/index.php?rest_route=\/wp\/v2\/product"}],"about":[{"href":"https:\/\/www.hediyepazar.com\/index.php?rest_route=\/wp\/v2\/types\/product"}],"replies":[{"embeddable":true,"href":"https:\/\/www.hediyepazar.com\/index.php?rest_route=%2Fwp%2Fv2%2Fcomments&post=114430"}],"wp:featuredmedia":[{"embeddable":true,"href":"https:\/\/www.hediyepazar.com\/index.php?rest_route=\/wp\/v2\/media\/114429"}],"wp:attachment":[{"href":"https:\/\/www.hediyepazar.com\/index.php?rest_route=%2Fwp%2Fv2%2Fmedia&parent=114430"}],"wp:term":[{"taxonomy":"product_brand","embeddable":true,"href":"https:\/\/www.hediyepazar.com\/index.php?rest_route=%2Fwp%2Fv2%2Fproduct_brand&post=114430"},{"taxonomy":"product_cat","embeddable":true,"href":"https:\/\/www.hediyepazar.com\/index.php?rest_route=%2Fwp%2Fv2%2Fproduct_cat&post=114430"},{"taxonomy":"product_tag","embeddable":true,"href":"https:\/\/www.hediyepazar.com\/index.php?rest_route=%2Fwp%2Fv2%2Fproduct_tag&post=114430"}],"curies":[{"name":"wp","href":"https:\/\/api.w.org\/{rel}","templated":true}]}}