{"id":114436,"date":"2026-05-05T12:42:09","date_gmt":"2026-05-05T15:42:09","guid":{"rendered":"https:\/\/www.hediyepazar.com\/?product=projektor-isikli-ve-aromaterapi-destekli-tasinabilir-nemlendirici-cihaz-usb-baglantili"},"modified":"2026-05-05T12:42:09","modified_gmt":"2026-05-05T15:42:09","slug":"projektor-isikli-ve-aromaterapi-destekli-tasinabilir-nemlendirici-cihaz-usb-baglantili","status":"publish","type":"product","link":"https:\/\/www.hediyepazar.com\/?product=projektor-isikli-ve-aromaterapi-destekli-tasinabilir-nemlendirici-cihaz-usb-baglantili","title":{"rendered":"Projekt\u00f6r \u0131\u015f\u0131kl\u0131 ve aromaterapi destekli ta\u015f\u0131nabilir nemlendirici cihaz USB ba\u011flant\u0131l\u0131"},"content":{"rendered":"<p>Bu ta\u015f\u0131nabilir nemlendirici cihaz, bulundu\u011funuz ortamdaki havay\u0131 nemlendirerek solunum yollar\u0131n\u0131 ve cilt sa\u011fl\u0131\u011f\u0131n\u0131 destekler. Projekt\u00f6r \u0131\u015f\u0131\u011f\u0131 \u00f6zelli\u011fi sayesinde, \u00f6zellikle gece saatlerinde rahatlat\u0131c\u0131 bir atmosfer sa\u011flar. USB ba\u011flant\u0131s\u0131 ile g\u00fc\u00e7 al\u0131r ve d\u00fc\u015f\u00fck enerjiyle uzun s\u00fcreli kullan\u0131m sa\u011flar.Dif\u00fcz\u00f6r olarak da i\u015flev g\u00f6ren bu model, i\u00e7erisine damlat\u0131lan esansiyel ya\u011flarla birlikte ho\u015f kokular yayar. \u00d6zellikle stresli zamanlarda gev\u015feme ve konfor sa\u011flamaya yard\u0131mc\u0131 olur. Malzeme kalitesi y\u00fcksek olup uzun s\u00fcreli kullan\u0131ma uygundur. Masa\u00fcst\u00fc, yatak ba\u015f\u0131, \u00e7ocuk odas\u0131 gibi farkl\u0131 alanlarda rahatl\u0131kla kullan\u0131labilir.&nbsp;<\/p>\n","protected":false},"excerpt":{"rendered":"<p>Bu ta\u015f\u0131nabilir nemlendirici cihaz, bulundu\u011funuz ortamdaki havay\u0131 nemlendirerek solunum yollar\u0131n\u0131 ve cilt sa\u011fl\u0131\u011f\u0131n\u0131 destekler. Projekt\u00f6r \u0131\u015f\u0131\u011f\u0131 \u00f6zelli\u011fi sayesinde, \u00f6zellikle gece saatlerinde rahatlat\u0131c\u0131 bir atmosfer sa\u011flar. USB ba\u011flant\u0131s\u0131 ile g\u00fc\u00e7 al\u0131r ve d\u00fc\u015f\u00fck enerjiyle uzun s\u00fcreli kullan\u0131m sa\u011flar.Dif\u00fcz\u00f6r olarak da i\u015flev g\u00f6ren bu model, i\u00e7erisine damlat\u0131lan esansiyel ya\u011flarla birlikte ho\u015f kokular yayar. \u00d6zellikle stresli zamanlarda gev\u015feme&#8230;<\/p>\n","protected":false},"featured_media":114435,"comment_status":"open","ping_status":"closed","template":"","meta":{"_kad_post_transparent":"","_kad_post_title":"","_kad_post_layout":"","_kad_post_sidebar_id":"","_kad_post_content_style":"","_kad_post_vertical_padding":"","_kad_post_feature":"","_kad_post_feature_position":"","_kad_post_header":false,"_kad_post_footer":false,"_kad_post_classname":""},"product_brand":[],"product_cat":[14965],"product_tag":[],"class_list":{"0":"post-114436","1":"product","2":"type-product","3":"status-publish","4":"has-post-thumbnail","6":"product_cat-hava-nemlendirici-hava-nemlendirici","8":"first","9":"instock","10":"purchasable","11":"product-type-simple","12":"entry","13":"content-bg","14":"loop-entry"},"_links":{"self":[{"href":"https:\/\/www.hediyepazar.com\/index.php?rest_route=\/wp\/v2\/product\/114436","targetHints":{"allow":["GET"]}}],"collection":[{"href":"https:\/\/www.hediyepazar.com\/index.php?rest_route=\/wp\/v2\/product"}],"about":[{"href":"https:\/\/www.hediyepazar.com\/index.php?rest_route=\/wp\/v2\/types\/product"}],"replies":[{"embeddable":true,"href":"https:\/\/www.hediyepazar.com\/index.php?rest_route=%2Fwp%2Fv2%2Fcomments&post=114436"}],"wp:featuredmedia":[{"embeddable":true,"href":"https:\/\/www.hediyepazar.com\/index.php?rest_route=\/wp\/v2\/media\/114435"}],"wp:attachment":[{"href":"https:\/\/www.hediyepazar.com\/index.php?rest_route=%2Fwp%2Fv2%2Fmedia&parent=114436"}],"wp:term":[{"taxonomy":"product_brand","embeddable":true,"href":"https:\/\/www.hediyepazar.com\/index.php?rest_route=%2Fwp%2Fv2%2Fproduct_brand&post=114436"},{"taxonomy":"product_cat","embeddable":true,"href":"https:\/\/www.hediyepazar.com\/index.php?rest_route=%2Fwp%2Fv2%2Fproduct_cat&post=114436"},{"taxonomy":"product_tag","embeddable":true,"href":"https:\/\/www.hediyepazar.com\/index.php?rest_route=%2Fwp%2Fv2%2Fproduct_tag&post=114436"}],"curies":[{"name":"wp","href":"https:\/\/api.w.org\/{rel}","templated":true}]}}