{"id":114438,"date":"2026-05-05T12:42:17","date_gmt":"2026-05-05T15:42:17","guid":{"rendered":"https:\/\/www.hediyepazar.com\/?product=usb-ile-calisan-projektorlu-aromaterapi-nemlendirici-masaustu-kullanim-icin-uygun"},"modified":"2026-05-05T12:42:17","modified_gmt":"2026-05-05T15:42:17","slug":"usb-ile-calisan-projektorlu-aromaterapi-nemlendirici-masaustu-kullanim-icin-uygun","status":"publish","type":"product","link":"https:\/\/www.hediyepazar.com\/?product=usb-ile-calisan-projektorlu-aromaterapi-nemlendirici-masaustu-kullanim-icin-uygun","title":{"rendered":"USB ile \u00e7al\u0131\u015fan projekt\u00f6rl\u00fc aromaterapi nemlendirici masa\u00fcst\u00fc kullan\u0131m i\u00e7in uygun"},"content":{"rendered":"<p>USB ile \u00e7al\u0131\u015fan bu nemlendirici cihaz, g\u00fcn i\u00e7inde bilgisayar ba\u015f\u0131nda \u00e7al\u0131\u015fanlar i\u00e7in idealdir. Sadece havay\u0131 nemlendirmekle kalmaz; projekt\u00f6r \u0131\u015f\u0131\u011f\u0131 sayesinde rahatlat\u0131c\u0131 bir g\u00f6rsel atmosfer de sunar. Yatak odalar\u0131nda, bebek odalar\u0131nda veya ofiste masa \u00fczerinde kullanmak i\u00e7in uygundur.Cihaz aromaterapi \u00f6zelli\u011fi sayesinde \u00e7e\u015fitli esansiyel ya\u011flarla da kullan\u0131labilir. Bu, hem hava kalitesini art\u0131r\u0131r hem de stres azalt\u0131c\u0131 etki sa\u011flar. Kompakt ve hafif yap\u0131s\u0131 sayesinde seyahatlerde de kullan\u0131labilir. S\u0131zd\u0131rmaz hazne yap\u0131s\u0131, uzun s\u00fcre g\u00fcvenli kullan\u0131m sunar.&nbsp;<\/p>\n","protected":false},"excerpt":{"rendered":"<p>USB ile \u00e7al\u0131\u015fan bu nemlendirici cihaz, g\u00fcn i\u00e7inde bilgisayar ba\u015f\u0131nda \u00e7al\u0131\u015fanlar i\u00e7in idealdir. Sadece havay\u0131 nemlendirmekle kalmaz; projekt\u00f6r \u0131\u015f\u0131\u011f\u0131 sayesinde rahatlat\u0131c\u0131 bir g\u00f6rsel atmosfer de sunar. Yatak odalar\u0131nda, bebek odalar\u0131nda veya ofiste masa \u00fczerinde kullanmak i\u00e7in uygundur.Cihaz aromaterapi \u00f6zelli\u011fi sayesinde \u00e7e\u015fitli esansiyel ya\u011flarla da kullan\u0131labilir. Bu, hem hava kalitesini art\u0131r\u0131r hem de stres azalt\u0131c\u0131 etki&#8230;<\/p>\n","protected":false},"featured_media":114437,"comment_status":"open","ping_status":"closed","template":"","meta":{"_kad_post_transparent":"","_kad_post_title":"","_kad_post_layout":"","_kad_post_sidebar_id":"","_kad_post_content_style":"","_kad_post_vertical_padding":"","_kad_post_feature":"","_kad_post_feature_position":"","_kad_post_header":false,"_kad_post_footer":false,"_kad_post_classname":""},"product_brand":[],"product_cat":[14965],"product_tag":[],"class_list":{"0":"post-114438","1":"product","2":"type-product","3":"status-publish","4":"has-post-thumbnail","6":"product_cat-hava-nemlendirici-hava-nemlendirici","8":"first","9":"instock","10":"purchasable","11":"product-type-simple","12":"entry","13":"content-bg","14":"loop-entry"},"_links":{"self":[{"href":"https:\/\/www.hediyepazar.com\/index.php?rest_route=\/wp\/v2\/product\/114438","targetHints":{"allow":["GET"]}}],"collection":[{"href":"https:\/\/www.hediyepazar.com\/index.php?rest_route=\/wp\/v2\/product"}],"about":[{"href":"https:\/\/www.hediyepazar.com\/index.php?rest_route=\/wp\/v2\/types\/product"}],"replies":[{"embeddable":true,"href":"https:\/\/www.hediyepazar.com\/index.php?rest_route=%2Fwp%2Fv2%2Fcomments&post=114438"}],"wp:featuredmedia":[{"embeddable":true,"href":"https:\/\/www.hediyepazar.com\/index.php?rest_route=\/wp\/v2\/media\/114437"}],"wp:attachment":[{"href":"https:\/\/www.hediyepazar.com\/index.php?rest_route=%2Fwp%2Fv2%2Fmedia&parent=114438"}],"wp:term":[{"taxonomy":"product_brand","embeddable":true,"href":"https:\/\/www.hediyepazar.com\/index.php?rest_route=%2Fwp%2Fv2%2Fproduct_brand&post=114438"},{"taxonomy":"product_cat","embeddable":true,"href":"https:\/\/www.hediyepazar.com\/index.php?rest_route=%2Fwp%2Fv2%2Fproduct_cat&post=114438"},{"taxonomy":"product_tag","embeddable":true,"href":"https:\/\/www.hediyepazar.com\/index.php?rest_route=%2Fwp%2Fv2%2Fproduct_tag&post=114438"}],"curies":[{"name":"wp","href":"https:\/\/api.w.org\/{rel}","templated":true}]}}