{"id":114440,"date":"2026-05-05T12:42:28","date_gmt":"2026-05-05T15:42:28","guid":{"rendered":"https:\/\/www.hediyepazar.com\/?product=projektor-isigi-bulunan-usb-baglantili-mini-aromaterapi-destekli-hava-nemlendirici"},"modified":"2026-05-05T12:42:28","modified_gmt":"2026-05-05T15:42:28","slug":"projektor-isigi-bulunan-usb-baglantili-mini-aromaterapi-destekli-hava-nemlendirici","status":"publish","type":"product","link":"https:\/\/www.hediyepazar.com\/?product=projektor-isigi-bulunan-usb-baglantili-mini-aromaterapi-destekli-hava-nemlendirici","title":{"rendered":"Projekt\u00f6r \u0131\u015f\u0131\u011f\u0131 bulunan USB ba\u011flant\u0131l\u0131 mini aromaterapi destekli hava nemlendirici"},"content":{"rendered":"<p>Bu USB ba\u011flant\u0131l\u0131 mini hava nemlendirici, \u00fc\u00e7 i\u015flevi tek bir cihazda birle\u015ftirerek kullan\u0131c\u0131ya pratik ve rahat bir kullan\u0131m sunar. Hem havay\u0131 nemlendirir, hem aroma dif\u00fcz\u00f6r\u00fc olarak \u00e7al\u0131\u015f\u0131r, hem de gece lambas\u0131 g\u00f6revi g\u00f6ren projekt\u00f6r \u0131\u015f\u0131\u011f\u0131yla ortama huzurlu bir atmosfer kazand\u0131r\u0131r.5V d\u00fc\u015f\u00fck voltajla \u00e7al\u0131\u015fan bu cihaz, masa\u00fcst\u00fc kullan\u0131m\u0131 i\u00e7in idealdir ve bilgisayar, powerbank veya adapt\u00f6rle kolayca kullan\u0131labilir. Projekt\u00f6r \u0131\u015f\u0131k \u00f6zelli\u011fi, \u00f6zellikle yatmadan \u00f6nce kullan\u0131lan alanlarda sakinle\u015ftirici bir g\u00f6rsel efekt sa\u011flar. Cihaz sessiz \u00e7al\u0131\u015ft\u0131\u011f\u0131 i\u00e7in uyku s\u0131ras\u0131nda ya da ofis ortam\u0131nda rahats\u0131zl\u0131k vermez.Aromaterapi deste\u011fi sayesinde i\u00e7erisine damlataca\u011f\u0131n\u0131z birka\u00e7 damla esansiyel ya\u011f, bulundu\u011funuz ortama ferahlat\u0131c\u0131 ve dinlendirici bir koku yayar. Sa\u011flam ve \u00e7evre dostu malzemeden \u00fcretilmi\u015ftir. Kompakt boyutu sayesinde hem ta\u015f\u0131nabilir hem de k\u00fc\u00e7\u00fck alanlarda yer kaplamaz. G\u00fcnl\u00fck kullan\u0131m i\u00e7in ideal, fonksiyonel ve dekoratif bir masa\u00fcst\u00fc yard\u0131mc\u0131d\u0131r.<\/p>\n","protected":false},"excerpt":{"rendered":"<p>Bu USB ba\u011flant\u0131l\u0131 mini hava nemlendirici, \u00fc\u00e7 i\u015flevi tek bir cihazda birle\u015ftirerek kullan\u0131c\u0131ya pratik ve rahat bir kullan\u0131m sunar. Hem havay\u0131 nemlendirir, hem aroma dif\u00fcz\u00f6r\u00fc olarak \u00e7al\u0131\u015f\u0131r, hem de gece lambas\u0131 g\u00f6revi g\u00f6ren projekt\u00f6r \u0131\u015f\u0131\u011f\u0131yla ortama huzurlu bir atmosfer kazand\u0131r\u0131r.5V d\u00fc\u015f\u00fck voltajla \u00e7al\u0131\u015fan bu cihaz, masa\u00fcst\u00fc kullan\u0131m\u0131 i\u00e7in idealdir ve bilgisayar, powerbank veya adapt\u00f6rle kolayca&#8230;<\/p>\n","protected":false},"featured_media":114439,"comment_status":"open","ping_status":"closed","template":"","meta":{"_kad_post_transparent":"","_kad_post_title":"","_kad_post_layout":"","_kad_post_sidebar_id":"","_kad_post_content_style":"","_kad_post_vertical_padding":"","_kad_post_feature":"","_kad_post_feature_position":"","_kad_post_header":false,"_kad_post_footer":false,"_kad_post_classname":""},"product_brand":[],"product_cat":[14965],"product_tag":[],"class_list":{"0":"post-114440","1":"product","2":"type-product","3":"status-publish","4":"has-post-thumbnail","6":"product_cat-hava-nemlendirici-hava-nemlendirici","8":"first","9":"instock","10":"purchasable","11":"product-type-simple","12":"entry","13":"content-bg","14":"loop-entry"},"_links":{"self":[{"href":"https:\/\/www.hediyepazar.com\/index.php?rest_route=\/wp\/v2\/product\/114440","targetHints":{"allow":["GET"]}}],"collection":[{"href":"https:\/\/www.hediyepazar.com\/index.php?rest_route=\/wp\/v2\/product"}],"about":[{"href":"https:\/\/www.hediyepazar.com\/index.php?rest_route=\/wp\/v2\/types\/product"}],"replies":[{"embeddable":true,"href":"https:\/\/www.hediyepazar.com\/index.php?rest_route=%2Fwp%2Fv2%2Fcomments&post=114440"}],"wp:featuredmedia":[{"embeddable":true,"href":"https:\/\/www.hediyepazar.com\/index.php?rest_route=\/wp\/v2\/media\/114439"}],"wp:attachment":[{"href":"https:\/\/www.hediyepazar.com\/index.php?rest_route=%2Fwp%2Fv2%2Fmedia&parent=114440"}],"wp:term":[{"taxonomy":"product_brand","embeddable":true,"href":"https:\/\/www.hediyepazar.com\/index.php?rest_route=%2Fwp%2Fv2%2Fproduct_brand&post=114440"},{"taxonomy":"product_cat","embeddable":true,"href":"https:\/\/www.hediyepazar.com\/index.php?rest_route=%2Fwp%2Fv2%2Fproduct_cat&post=114440"},{"taxonomy":"product_tag","embeddable":true,"href":"https:\/\/www.hediyepazar.com\/index.php?rest_route=%2Fwp%2Fv2%2Fproduct_tag&post=114440"}],"curies":[{"name":"wp","href":"https:\/\/api.w.org\/{rel}","templated":true}]}}