{"id":114498,"date":"2026-05-05T12:47:12","date_gmt":"2026-05-05T15:47:12","guid":{"rendered":"https:\/\/www.hediyepazar.com\/?product=s20-hafif-kulaklik-pc-abs-malzeme-ile-baski-yapmayan-tasarim"},"modified":"2026-05-05T12:47:12","modified_gmt":"2026-05-05T15:47:12","slug":"s20-hafif-kulaklik-pc-abs-malzeme-ile-baski-yapmayan-tasarim","status":"publish","type":"product","link":"https:\/\/www.hediyepazar.com\/?product=s20-hafif-kulaklik-pc-abs-malzeme-ile-baski-yapmayan-tasarim","title":{"rendered":"S20 Hafif Kulakl\u0131k \u2013 PC + ABS Malzeme ile Bask\u0131 Yapmayan Tasar\u0131m"},"content":{"rendered":"<p>\u00c7ift dijital g\u00f6stergeli bu kablosuz kulakl\u0131k, Bluetooth 5.0 ba\u011flant\u0131 teknolojisi sayesinde y\u00fcksek h\u0131zda ve kararl\u0131 bir ses deneyimi sunar.G\u00fcr\u00fclt\u00fc engelleme (Noise Cancelling) \u00f6zelli\u011fi ile aramalar\u0131n\u0131zda d\u0131\u015f sesleri minimuma indirir, sesiniz kar\u015f\u0131 tarafa net bir \u015fekilde iletilir.2000 mAh kapasiteli \u015farj kutusu, kulakl\u0131klar\u0131 defalarca \u015farj edebilmenin yan\u0131nda telefonunuzu da acil durumlarda \u015farj edebilme imk\u00e2n\u0131 tan\u0131r.IPX5 suya dayan\u0131kl\u0131 yap\u0131s\u0131 sayesinde spor, seyahat veya d\u0131\u015f mek\u00e2n kullan\u0131m\u0131nda m\u00fckemmel dayan\u0131kl\u0131l\u0131k g\u00f6sterir.50 mAh\u2019lik pil kapasitesiyle uzun s\u00fcre kesintisiz m\u00fczik keyfi sunar, 4-5 saatlik k\u0131sa \u015farj s\u00fcresiyle her an haz\u0131r hale gelir. \u015e\u0131k siyah rengi ve ergonomik tasar\u0131m\u0131yla modern ya\u015fam\u0131n vazge\u00e7ilmez bir par\u00e7as\u0131d\u0131r.<\/p>\n","protected":false},"excerpt":{"rendered":"<p>\u00c7ift dijital g\u00f6stergeli bu kablosuz kulakl\u0131k, Bluetooth 5.0 ba\u011flant\u0131 teknolojisi sayesinde y\u00fcksek h\u0131zda ve kararl\u0131 bir ses deneyimi sunar.G\u00fcr\u00fclt\u00fc engelleme (Noise Cancelling) \u00f6zelli\u011fi ile aramalar\u0131n\u0131zda d\u0131\u015f sesleri minimuma indirir, sesiniz kar\u015f\u0131 tarafa net bir \u015fekilde iletilir.2000 mAh kapasiteli \u015farj kutusu, kulakl\u0131klar\u0131 defalarca \u015farj edebilmenin yan\u0131nda telefonunuzu da acil durumlarda \u015farj edebilme imk\u00e2n\u0131 tan\u0131r.IPX5 suya dayan\u0131kl\u0131&#8230;<\/p>\n","protected":false},"featured_media":114497,"comment_status":"open","ping_status":"closed","template":"","meta":{"_kad_post_transparent":"","_kad_post_title":"","_kad_post_layout":"","_kad_post_sidebar_id":"","_kad_post_content_style":"","_kad_post_vertical_padding":"","_kad_post_feature":"","_kad_post_feature_position":"","_kad_post_header":false,"_kad_post_footer":false,"_kad_post_classname":""},"product_brand":[],"product_cat":[14957],"product_tag":[],"class_list":{"0":"post-114498","1":"product","2":"type-product","3":"status-publish","4":"has-post-thumbnail","6":"product_cat-kablosuz-kulaklik-kablosuz-kulaklik","8":"first","9":"instock","10":"purchasable","11":"product-type-simple","12":"entry","13":"content-bg","14":"loop-entry"},"_links":{"self":[{"href":"https:\/\/www.hediyepazar.com\/index.php?rest_route=\/wp\/v2\/product\/114498","targetHints":{"allow":["GET"]}}],"collection":[{"href":"https:\/\/www.hediyepazar.com\/index.php?rest_route=\/wp\/v2\/product"}],"about":[{"href":"https:\/\/www.hediyepazar.com\/index.php?rest_route=\/wp\/v2\/types\/product"}],"replies":[{"embeddable":true,"href":"https:\/\/www.hediyepazar.com\/index.php?rest_route=%2Fwp%2Fv2%2Fcomments&post=114498"}],"wp:featuredmedia":[{"embeddable":true,"href":"https:\/\/www.hediyepazar.com\/index.php?rest_route=\/wp\/v2\/media\/114497"}],"wp:attachment":[{"href":"https:\/\/www.hediyepazar.com\/index.php?rest_route=%2Fwp%2Fv2%2Fmedia&parent=114498"}],"wp:term":[{"taxonomy":"product_brand","embeddable":true,"href":"https:\/\/www.hediyepazar.com\/index.php?rest_route=%2Fwp%2Fv2%2Fproduct_brand&post=114498"},{"taxonomy":"product_cat","embeddable":true,"href":"https:\/\/www.hediyepazar.com\/index.php?rest_route=%2Fwp%2Fv2%2Fproduct_cat&post=114498"},{"taxonomy":"product_tag","embeddable":true,"href":"https:\/\/www.hediyepazar.com\/index.php?rest_route=%2Fwp%2Fv2%2Fproduct_tag&post=114498"}],"curies":[{"name":"wp","href":"https:\/\/api.w.org\/{rel}","templated":true}]}}