{"id":114500,"date":"2026-05-05T12:47:24","date_gmt":"2026-05-05T15:47:24","guid":{"rendered":"https:\/\/www.hediyepazar.com\/?product=bluetooth-5-1-destekli-bluetooth-kulaklik-anc-ve-stereo-sesli"},"modified":"2026-05-05T12:47:24","modified_gmt":"2026-05-05T15:47:24","slug":"bluetooth-5-1-destekli-bluetooth-kulaklik-anc-ve-stereo-sesli","status":"publish","type":"product","link":"https:\/\/www.hediyepazar.com\/?product=bluetooth-5-1-destekli-bluetooth-kulaklik-anc-ve-stereo-sesli","title":{"rendered":"Bluetooth 5.1 Destekli bluetooth kulakl\u0131k \u2013 ANC ve Stereo Sesli"},"content":{"rendered":"<p>Bu yenilik\u00e7i Bluetooth kulakl\u0131k, tek veya \u00e7ift kulak ba\u011flant\u0131 \u00f6zelli\u011fiyle kullan\u0131m esnekli\u011fi sa\u011flar.Kompakt \u015farj kutusu, hem kulakl\u0131klar\u0131n\u0131z\u0131 korur hem de 2000 mAh kapasitesiyle uzun s\u00fcreli enerji sunar.M\u00fczik \u00e7alma\/duraklatma, \u00e7a\u011fr\u0131 yan\u0131tlama, sesli komut ve IOS g\u00fc\u00e7 g\u00f6stergesi gibi fonksiyonlar sayesinde her an tam kontrol sizdedir.Yakla\u015f\u0131k 4-5 saatlik \u015farj s\u00fcresiyle h\u0131zl\u0131ca kullan\u0131ma haz\u0131r hale gelir. \u015e\u0131k siyah rengi ve IPX5 su ge\u00e7irmezli\u011fi ile her ortamda dayan\u0131kl\u0131, estetik ve pratik bir ses deneyimi sa\u011flar.<\/p>\n","protected":false},"excerpt":{"rendered":"<p>Bu yenilik\u00e7i Bluetooth kulakl\u0131k, tek veya \u00e7ift kulak ba\u011flant\u0131 \u00f6zelli\u011fiyle kullan\u0131m esnekli\u011fi sa\u011flar.Kompakt \u015farj kutusu, hem kulakl\u0131klar\u0131n\u0131z\u0131 korur hem de 2000 mAh kapasitesiyle uzun s\u00fcreli enerji sunar.M\u00fczik \u00e7alma\/duraklatma, \u00e7a\u011fr\u0131 yan\u0131tlama, sesli komut ve IOS g\u00fc\u00e7 g\u00f6stergesi gibi fonksiyonlar sayesinde her an tam kontrol sizdedir.Yakla\u015f\u0131k 4-5 saatlik \u015farj s\u00fcresiyle h\u0131zl\u0131ca kullan\u0131ma haz\u0131r hale gelir. \u015e\u0131k siyah&#8230;<\/p>\n","protected":false},"featured_media":114499,"comment_status":"open","ping_status":"closed","template":"","meta":{"_kad_post_transparent":"","_kad_post_title":"","_kad_post_layout":"","_kad_post_sidebar_id":"","_kad_post_content_style":"","_kad_post_vertical_padding":"","_kad_post_feature":"","_kad_post_feature_position":"","_kad_post_header":false,"_kad_post_footer":false,"_kad_post_classname":""},"product_brand":[],"product_cat":[14957],"product_tag":[],"class_list":{"0":"post-114500","1":"product","2":"type-product","3":"status-publish","4":"has-post-thumbnail","6":"product_cat-kablosuz-kulaklik-kablosuz-kulaklik","8":"first","9":"instock","10":"purchasable","11":"product-type-simple","12":"entry","13":"content-bg","14":"loop-entry"},"_links":{"self":[{"href":"https:\/\/www.hediyepazar.com\/index.php?rest_route=\/wp\/v2\/product\/114500","targetHints":{"allow":["GET"]}}],"collection":[{"href":"https:\/\/www.hediyepazar.com\/index.php?rest_route=\/wp\/v2\/product"}],"about":[{"href":"https:\/\/www.hediyepazar.com\/index.php?rest_route=\/wp\/v2\/types\/product"}],"replies":[{"embeddable":true,"href":"https:\/\/www.hediyepazar.com\/index.php?rest_route=%2Fwp%2Fv2%2Fcomments&post=114500"}],"wp:featuredmedia":[{"embeddable":true,"href":"https:\/\/www.hediyepazar.com\/index.php?rest_route=\/wp\/v2\/media\/114499"}],"wp:attachment":[{"href":"https:\/\/www.hediyepazar.com\/index.php?rest_route=%2Fwp%2Fv2%2Fmedia&parent=114500"}],"wp:term":[{"taxonomy":"product_brand","embeddable":true,"href":"https:\/\/www.hediyepazar.com\/index.php?rest_route=%2Fwp%2Fv2%2Fproduct_brand&post=114500"},{"taxonomy":"product_cat","embeddable":true,"href":"https:\/\/www.hediyepazar.com\/index.php?rest_route=%2Fwp%2Fv2%2Fproduct_cat&post=114500"},{"taxonomy":"product_tag","embeddable":true,"href":"https:\/\/www.hediyepazar.com\/index.php?rest_route=%2Fwp%2Fv2%2Fproduct_tag&post=114500"}],"curies":[{"name":"wp","href":"https:\/\/api.w.org\/{rel}","templated":true}]}}