{"id":114508,"date":"2026-05-05T12:47:55","date_gmt":"2026-05-05T15:47:55","guid":{"rendered":"https:\/\/www.hediyepazar.com\/?product=ergonomik-tasarimli-dokunmatik-bluetooth-kulaklik-hd-ses-performansi"},"modified":"2026-05-05T12:47:55","modified_gmt":"2026-05-05T15:47:55","slug":"ergonomik-tasarimli-dokunmatik-bluetooth-kulaklik-hd-ses-performansi","status":"publish","type":"product","link":"https:\/\/www.hediyepazar.com\/?product=ergonomik-tasarimli-dokunmatik-bluetooth-kulaklik-hd-ses-performansi","title":{"rendered":"Ergonomik Tasar\u0131ml\u0131 Dokunmatik Bluetooth Kulakl\u0131k \u2013 HD Ses Performans\u0131"},"content":{"rendered":"<p>Bu \u00e7ift dijital g\u00f6stergeli Bluetooth kulakl\u0131k, Bluetooth 5.0 teknolojisi ile 10 metreye kadar g\u00fc\u00e7l\u00fc ve kesintisiz ba\u011flant\u0131 sa\u011flar. Geli\u015fmi\u015f g\u00fcr\u00fclt\u00fc \u00f6nleme (Noise Cancelling) teknolojisi sayesinde konu\u015fmalarda sesiniz kar\u015f\u0131 tarafa net bir \u015fekilde iletilir.G\u00fc\u00e7lendirilmi\u015f bass \u00f6zelli\u011fi, m\u00fczikte derin ve etkileyici sesler sunarak her notay\u0131 hissettirir. 50 mAh kulakl\u0131k bataryas\u0131 ve 2000 mAh \u015farj kutusu sayesinde 5-6 g\u00fcne kadar kesintisiz kullan\u0131m sa\u011flar. Ayr\u0131ca \u015farj kutusu, acil durumlarda telefonunuzu da \u015farj edebilme \u00f6zelli\u011fiyle fark yarat\u0131r.IPX5 su ge\u00e7irmez yap\u0131s\u0131 sayesinde spor yaparken, y\u00fcr\u00fcy\u00fc\u015fte veya ya\u011fmurlu havalarda bile g\u00fcvenle kullanabilirsiniz.<\/p>\n","protected":false},"excerpt":{"rendered":"<p>Bu \u00e7ift dijital g\u00f6stergeli Bluetooth kulakl\u0131k, Bluetooth 5.0 teknolojisi ile 10 metreye kadar g\u00fc\u00e7l\u00fc ve kesintisiz ba\u011flant\u0131 sa\u011flar. Geli\u015fmi\u015f g\u00fcr\u00fclt\u00fc \u00f6nleme (Noise Cancelling) teknolojisi sayesinde konu\u015fmalarda sesiniz kar\u015f\u0131 tarafa net bir \u015fekilde iletilir.G\u00fc\u00e7lendirilmi\u015f bass \u00f6zelli\u011fi, m\u00fczikte derin ve etkileyici sesler sunarak her notay\u0131 hissettirir. 50 mAh kulakl\u0131k bataryas\u0131 ve 2000 mAh \u015farj kutusu sayesinde 5-6&#8230;<\/p>\n","protected":false},"featured_media":114507,"comment_status":"open","ping_status":"closed","template":"","meta":{"_kad_post_transparent":"","_kad_post_title":"","_kad_post_layout":"","_kad_post_sidebar_id":"","_kad_post_content_style":"","_kad_post_vertical_padding":"","_kad_post_feature":"","_kad_post_feature_position":"","_kad_post_header":false,"_kad_post_footer":false,"_kad_post_classname":""},"product_brand":[],"product_cat":[14957],"product_tag":[],"class_list":{"0":"post-114508","1":"product","2":"type-product","3":"status-publish","4":"has-post-thumbnail","6":"product_cat-kablosuz-kulaklik-kablosuz-kulaklik","8":"first","9":"instock","10":"purchasable","11":"product-type-simple","12":"entry","13":"content-bg","14":"loop-entry"},"_links":{"self":[{"href":"https:\/\/www.hediyepazar.com\/index.php?rest_route=\/wp\/v2\/product\/114508","targetHints":{"allow":["GET"]}}],"collection":[{"href":"https:\/\/www.hediyepazar.com\/index.php?rest_route=\/wp\/v2\/product"}],"about":[{"href":"https:\/\/www.hediyepazar.com\/index.php?rest_route=\/wp\/v2\/types\/product"}],"replies":[{"embeddable":true,"href":"https:\/\/www.hediyepazar.com\/index.php?rest_route=%2Fwp%2Fv2%2Fcomments&post=114508"}],"wp:featuredmedia":[{"embeddable":true,"href":"https:\/\/www.hediyepazar.com\/index.php?rest_route=\/wp\/v2\/media\/114507"}],"wp:attachment":[{"href":"https:\/\/www.hediyepazar.com\/index.php?rest_route=%2Fwp%2Fv2%2Fmedia&parent=114508"}],"wp:term":[{"taxonomy":"product_brand","embeddable":true,"href":"https:\/\/www.hediyepazar.com\/index.php?rest_route=%2Fwp%2Fv2%2Fproduct_brand&post=114508"},{"taxonomy":"product_cat","embeddable":true,"href":"https:\/\/www.hediyepazar.com\/index.php?rest_route=%2Fwp%2Fv2%2Fproduct_cat&post=114508"},{"taxonomy":"product_tag","embeddable":true,"href":"https:\/\/www.hediyepazar.com\/index.php?rest_route=%2Fwp%2Fv2%2Fproduct_tag&post=114508"}],"curies":[{"name":"wp","href":"https:\/\/api.w.org\/{rel}","templated":true}]}}