{"id":114510,"date":"2026-05-05T12:48:05","date_gmt":"2026-05-05T15:48:05","guid":{"rendered":"https:\/\/www.hediyepazar.com\/?product=enerji-verimli-akilli-led-ampul-uzaktan-kontrol-ozellikli"},"modified":"2026-05-05T12:48:05","modified_gmt":"2026-05-05T15:48:05","slug":"enerji-verimli-akilli-led-ampul-uzaktan-kontrol-ozellikli","status":"publish","type":"product","link":"https:\/\/www.hediyepazar.com\/?product=enerji-verimli-akilli-led-ampul-uzaktan-kontrol-ozellikli","title":{"rendered":"Enerji Verimli Ak\u0131ll\u0131 LED Ampul Uzaktan Kontrol \u00d6zellikli"},"content":{"rendered":"<p>Beyaz \u0131\u015f\u0131k renk s\u0131cakl\u0131\u011f\u0131 ile mekanlar\u0131n\u0131z\u0131 g\u00fcn\u00fcn her saati ayd\u0131nlat\u0131r. Konforlu ve ferah bir atmosfer yarat\u0131r. Ak\u0131ll\u0131 ampul teknolojisi sayesinde enerji tasarrufu sa\u011flar ve uzun \u00f6m\u00fcrl\u00fcd\u00fcr. 9 watt enerji t\u00fcketimi ile elektrik faturalar\u0131n\u0131z\u0131 d\u00fc\u015f\u00fcr\u00fcr. Kolay kurulum imkan\u0131 vard\u0131r, g\u00f6bek veya ekstra aparat gerekmez. Ak\u0131ll\u0131 telefonunuzdan uzaktan kontrol edebilirsiniz. Sadece 2.4 GHz a\u011f\u0131n\u0131 destekler. RGBW renk se\u00e7enekleriyle 16 milyon renk aras\u0131ndan se\u00e7im yapabilirsiniz. S\u0131cak beyazdan canl\u0131 renklere kadar istedi\u011finiz ayar\u0131 yapabilir, %1 ile %100 aras\u0131 k\u0131sma \u00f6zelli\u011fiyle \u0131\u015f\u0131k \u015fiddetini kolayca ayarlayabilirsiniz. \u00d6zel sahne modlar\u0131 sayesinde mutfak, oturma odas\u0131 veya partiler i\u00e7in ideal atmosfer yaratabilirsiniz. Zamanlay\u0131c\u0131 fonksiyonu ile g\u00fcnl\u00fck rutinlerinize g\u00f6re \u0131\u015f\u0131\u011f\u0131 a\u00e7\u0131p kapatabilir, evden uzaktayken doluluk sim\u00fclasyonu yapabilirsiniz. Enerji verimli LED teknolojisi sayesinde uzun \u00f6m\u00fcrl\u00fc kullan\u0131m sa\u011flar ve enerji tasarrufu yapar. Evinizde ekonomik ve \u015f\u0131k bir ayd\u0131nlatma \u00e7\u00f6z\u00fcm\u00fc ar\u0131yorsan\u0131z, bu ak\u0131ll\u0131 LED ampul m\u00fckemmel bir tercih olacakt\u0131r.<\/p>\n","protected":false},"excerpt":{"rendered":"<p>Beyaz \u0131\u015f\u0131k renk s\u0131cakl\u0131\u011f\u0131 ile mekanlar\u0131n\u0131z\u0131 g\u00fcn\u00fcn her saati ayd\u0131nlat\u0131r. Konforlu ve ferah bir atmosfer yarat\u0131r. Ak\u0131ll\u0131 ampul teknolojisi sayesinde enerji tasarrufu sa\u011flar ve uzun \u00f6m\u00fcrl\u00fcd\u00fcr. 9 watt enerji t\u00fcketimi ile elektrik faturalar\u0131n\u0131z\u0131 d\u00fc\u015f\u00fcr\u00fcr. Kolay kurulum imkan\u0131 vard\u0131r, g\u00f6bek veya ekstra aparat gerekmez. Ak\u0131ll\u0131 telefonunuzdan uzaktan kontrol edebilirsiniz. Sadece 2.4 GHz a\u011f\u0131n\u0131 destekler. RGBW renk&#8230;<\/p>\n","protected":false},"featured_media":114509,"comment_status":"open","ping_status":"closed","template":"","meta":{"_kad_post_transparent":"","_kad_post_title":"","_kad_post_layout":"","_kad_post_sidebar_id":"","_kad_post_content_style":"","_kad_post_vertical_padding":"","_kad_post_feature":"","_kad_post_feature_position":"","_kad_post_header":false,"_kad_post_footer":false,"_kad_post_classname":""},"product_brand":[],"product_cat":[14967],"product_tag":[],"class_list":{"0":"post-114510","1":"product","2":"type-product","3":"status-publish","4":"has-post-thumbnail","6":"product_cat-gece-lambasi-gece-lambasi","8":"first","9":"instock","10":"purchasable","11":"product-type-simple","12":"entry","13":"content-bg","14":"loop-entry"},"_links":{"self":[{"href":"https:\/\/www.hediyepazar.com\/index.php?rest_route=\/wp\/v2\/product\/114510","targetHints":{"allow":["GET"]}}],"collection":[{"href":"https:\/\/www.hediyepazar.com\/index.php?rest_route=\/wp\/v2\/product"}],"about":[{"href":"https:\/\/www.hediyepazar.com\/index.php?rest_route=\/wp\/v2\/types\/product"}],"replies":[{"embeddable":true,"href":"https:\/\/www.hediyepazar.com\/index.php?rest_route=%2Fwp%2Fv2%2Fcomments&post=114510"}],"wp:featuredmedia":[{"embeddable":true,"href":"https:\/\/www.hediyepazar.com\/index.php?rest_route=\/wp\/v2\/media\/114509"}],"wp:attachment":[{"href":"https:\/\/www.hediyepazar.com\/index.php?rest_route=%2Fwp%2Fv2%2Fmedia&parent=114510"}],"wp:term":[{"taxonomy":"product_brand","embeddable":true,"href":"https:\/\/www.hediyepazar.com\/index.php?rest_route=%2Fwp%2Fv2%2Fproduct_brand&post=114510"},{"taxonomy":"product_cat","embeddable":true,"href":"https:\/\/www.hediyepazar.com\/index.php?rest_route=%2Fwp%2Fv2%2Fproduct_cat&post=114510"},{"taxonomy":"product_tag","embeddable":true,"href":"https:\/\/www.hediyepazar.com\/index.php?rest_route=%2Fwp%2Fv2%2Fproduct_tag&post=114510"}],"curies":[{"name":"wp","href":"https:\/\/api.w.org\/{rel}","templated":true}]}}