{"id":114512,"date":"2026-05-05T12:48:14","date_gmt":"2026-05-05T15:48:14","guid":{"rendered":"https:\/\/www.hediyepazar.com\/?product=kumanda-destekli-cok-renkli-akilli-led-ampul"},"modified":"2026-05-05T12:48:14","modified_gmt":"2026-05-05T15:48:14","slug":"kumanda-destekli-cok-renkli-akilli-led-ampul","status":"publish","type":"product","link":"https:\/\/www.hediyepazar.com\/?product=kumanda-destekli-cok-renkli-akilli-led-ampul","title":{"rendered":"Kumanda Destekli \u00c7ok Renkli Ak\u0131ll\u0131 LED Ampul"},"content":{"rendered":"<p>Bu ak\u0131ll\u0131 LED ampul, beyaz \u0131\u015f\u0131k ile mekanlar\u0131n\u0131z\u0131 ayd\u0131nlat\u0131r ve rahat bir ortam sa\u011flar. G\u00fcn\u00fcn her saati kullan\u0131lmaya uygundur. Enerji verimlili\u011fi ile 9 watt t\u00fcketir, elektrik tasarrufu sa\u011flar. Uzun \u00f6m\u00fcrl\u00fc yap\u0131s\u0131yla s\u0131k s\u0131k de\u011fi\u015ftirme derdini azalt\u0131r. Uzaktan kumanda \u00f6zelli\u011fi sayesinde telefonunuzdan kolayca kontrol edilir. 2.4 GHz Wi-Fi a\u011f\u0131 \u00fczerinden ba\u011flant\u0131 kurar. RGBW teknolojisi ile 16 milyon renk se\u00e7ene\u011fi sunar. S\u0131cak beyaz \u0131\u015f\u0131k ve \u00e7e\u015fitli renkler, mekan\u0131n\u0131za uygun atmosferi yaratman\u0131za olanak tan\u0131r. %1\u2019den %100\u2019e kadar \u0131\u015f\u0131k \u015fiddeti ayarlanabilir. Ayr\u0131ca \u00f6zel sahne modlar\u0131 sayesinde farkl\u0131 ortamlar i\u00e7in renkli \u0131\u015f\u0131kland\u0131rma yapabilirsiniz. Zamanlay\u0131c\u0131 ve programlama fonksiyonu sayesinde evden uzaktayken bile \u0131\u015f\u0131\u011f\u0131 y\u00f6netebilirsiniz. Doluluk sim\u00fclasyonu \u00f6zelli\u011fiyle g\u00fcvenlik sa\u011flar. Enerji verimlili\u011fi ve kolay kontrol\u00fc ile evinizi modern bir \u015fekilde ayd\u0131nlat\u0131r.<\/p>\n","protected":false},"excerpt":{"rendered":"<p>Bu ak\u0131ll\u0131 LED ampul, beyaz \u0131\u015f\u0131k ile mekanlar\u0131n\u0131z\u0131 ayd\u0131nlat\u0131r ve rahat bir ortam sa\u011flar. G\u00fcn\u00fcn her saati kullan\u0131lmaya uygundur. Enerji verimlili\u011fi ile 9 watt t\u00fcketir, elektrik tasarrufu sa\u011flar. Uzun \u00f6m\u00fcrl\u00fc yap\u0131s\u0131yla s\u0131k s\u0131k de\u011fi\u015ftirme derdini azalt\u0131r. Uzaktan kumanda \u00f6zelli\u011fi sayesinde telefonunuzdan kolayca kontrol edilir. 2.4 GHz Wi-Fi a\u011f\u0131 \u00fczerinden ba\u011flant\u0131 kurar. RGBW teknolojisi ile 16&#8230;<\/p>\n","protected":false},"featured_media":114511,"comment_status":"open","ping_status":"closed","template":"","meta":{"_kad_post_transparent":"","_kad_post_title":"","_kad_post_layout":"","_kad_post_sidebar_id":"","_kad_post_content_style":"","_kad_post_vertical_padding":"","_kad_post_feature":"","_kad_post_feature_position":"","_kad_post_header":false,"_kad_post_footer":false,"_kad_post_classname":""},"product_brand":[],"product_cat":[14967],"product_tag":[],"class_list":{"0":"post-114512","1":"product","2":"type-product","3":"status-publish","4":"has-post-thumbnail","6":"product_cat-gece-lambasi-gece-lambasi","8":"first","9":"instock","10":"purchasable","11":"product-type-simple","12":"entry","13":"content-bg","14":"loop-entry"},"_links":{"self":[{"href":"https:\/\/www.hediyepazar.com\/index.php?rest_route=\/wp\/v2\/product\/114512","targetHints":{"allow":["GET"]}}],"collection":[{"href":"https:\/\/www.hediyepazar.com\/index.php?rest_route=\/wp\/v2\/product"}],"about":[{"href":"https:\/\/www.hediyepazar.com\/index.php?rest_route=\/wp\/v2\/types\/product"}],"replies":[{"embeddable":true,"href":"https:\/\/www.hediyepazar.com\/index.php?rest_route=%2Fwp%2Fv2%2Fcomments&post=114512"}],"wp:featuredmedia":[{"embeddable":true,"href":"https:\/\/www.hediyepazar.com\/index.php?rest_route=\/wp\/v2\/media\/114511"}],"wp:attachment":[{"href":"https:\/\/www.hediyepazar.com\/index.php?rest_route=%2Fwp%2Fv2%2Fmedia&parent=114512"}],"wp:term":[{"taxonomy":"product_brand","embeddable":true,"href":"https:\/\/www.hediyepazar.com\/index.php?rest_route=%2Fwp%2Fv2%2Fproduct_brand&post=114512"},{"taxonomy":"product_cat","embeddable":true,"href":"https:\/\/www.hediyepazar.com\/index.php?rest_route=%2Fwp%2Fv2%2Fproduct_cat&post=114512"},{"taxonomy":"product_tag","embeddable":true,"href":"https:\/\/www.hediyepazar.com\/index.php?rest_route=%2Fwp%2Fv2%2Fproduct_tag&post=114512"}],"curies":[{"name":"wp","href":"https:\/\/api.w.org\/{rel}","templated":true}]}}