{"id":114516,"date":"2026-05-05T12:48:25","date_gmt":"2026-05-05T15:48:25","guid":{"rendered":"https:\/\/www.hediyepazar.com\/?product=uzaktan-kumandali-akilli-led-ampul-enerji-tasarruflu"},"modified":"2026-05-05T12:48:25","modified_gmt":"2026-05-05T15:48:25","slug":"uzaktan-kumandali-akilli-led-ampul-enerji-tasarruflu","status":"publish","type":"product","link":"https:\/\/www.hediyepazar.com\/?product=uzaktan-kumandali-akilli-led-ampul-enerji-tasarruflu","title":{"rendered":"Uzaktan Kumandal\u0131 Ak\u0131ll\u0131 LED Ampul Enerji Tasarruflu"},"content":{"rendered":"<p>Bu ak\u0131ll\u0131 LED ampul, beyaz \u0131\u015f\u0131k s\u0131cakl\u0131\u011f\u0131 ile g\u00fcn\u00fcn her an\u0131nda rahat ve ayd\u0131nl\u0131k ortam sa\u011flar. 9 watt enerji t\u00fcketir, enerji tasarrufu sunar. Uzun \u00f6m\u00fcrl\u00fc LED teknolojisi ile s\u00fcrekli de\u011fi\u015ftirme ihtiyac\u0131n\u0131 azalt\u0131r. Ak\u0131ll\u0131 telefonunuzdan kolayca kontrol edebilirsiniz. 2.4 GHz Wi-Fi ba\u011flant\u0131s\u0131 vard\u0131r. RGBW teknolojisi sayesinde 16 milyon renk se\u00e7ene\u011fi ile renk ayar\u0131 yap\u0131labilir. I\u015f\u0131k \u015fiddeti %1\u2019den %100\u2019e kadar k\u0131s\u0131labilir. Mutfak, oturma odas\u0131 veya parti ortamlar\u0131 i\u00e7in \u00f6zel sahne modlar\u0131 mevcuttur. Zamanlay\u0131c\u0131 ve programlama fonksiyonlar\u0131yla g\u00fcnl\u00fck rutinlerinizi destekler. Doluluk sim\u00fclasyonu sayesinde g\u00fcvenlik sa\u011flar. Enerji verimlili\u011fi ile hem cebinize hem \u00e7evreye dosttur.<\/p>\n","protected":false},"excerpt":{"rendered":"<p>Bu ak\u0131ll\u0131 LED ampul, beyaz \u0131\u015f\u0131k s\u0131cakl\u0131\u011f\u0131 ile g\u00fcn\u00fcn her an\u0131nda rahat ve ayd\u0131nl\u0131k ortam sa\u011flar. 9 watt enerji t\u00fcketir, enerji tasarrufu sunar. Uzun \u00f6m\u00fcrl\u00fc LED teknolojisi ile s\u00fcrekli de\u011fi\u015ftirme ihtiyac\u0131n\u0131 azalt\u0131r. Ak\u0131ll\u0131 telefonunuzdan kolayca kontrol edebilirsiniz. 2.4 GHz Wi-Fi ba\u011flant\u0131s\u0131 vard\u0131r. RGBW teknolojisi sayesinde 16 milyon renk se\u00e7ene\u011fi ile renk ayar\u0131 yap\u0131labilir. I\u015f\u0131k \u015fiddeti&#8230;<\/p>\n","protected":false},"featured_media":114515,"comment_status":"open","ping_status":"closed","template":"","meta":{"_kad_post_transparent":"","_kad_post_title":"","_kad_post_layout":"","_kad_post_sidebar_id":"","_kad_post_content_style":"","_kad_post_vertical_padding":"","_kad_post_feature":"","_kad_post_feature_position":"","_kad_post_header":false,"_kad_post_footer":false,"_kad_post_classname":""},"product_brand":[],"product_cat":[14967],"product_tag":[],"class_list":{"0":"post-114516","1":"product","2":"type-product","3":"status-publish","4":"has-post-thumbnail","6":"product_cat-gece-lambasi-gece-lambasi","8":"first","9":"instock","10":"purchasable","11":"product-type-simple","12":"entry","13":"content-bg","14":"loop-entry"},"_links":{"self":[{"href":"https:\/\/www.hediyepazar.com\/index.php?rest_route=\/wp\/v2\/product\/114516","targetHints":{"allow":["GET"]}}],"collection":[{"href":"https:\/\/www.hediyepazar.com\/index.php?rest_route=\/wp\/v2\/product"}],"about":[{"href":"https:\/\/www.hediyepazar.com\/index.php?rest_route=\/wp\/v2\/types\/product"}],"replies":[{"embeddable":true,"href":"https:\/\/www.hediyepazar.com\/index.php?rest_route=%2Fwp%2Fv2%2Fcomments&post=114516"}],"wp:featuredmedia":[{"embeddable":true,"href":"https:\/\/www.hediyepazar.com\/index.php?rest_route=\/wp\/v2\/media\/114515"}],"wp:attachment":[{"href":"https:\/\/www.hediyepazar.com\/index.php?rest_route=%2Fwp%2Fv2%2Fmedia&parent=114516"}],"wp:term":[{"taxonomy":"product_brand","embeddable":true,"href":"https:\/\/www.hediyepazar.com\/index.php?rest_route=%2Fwp%2Fv2%2Fproduct_brand&post=114516"},{"taxonomy":"product_cat","embeddable":true,"href":"https:\/\/www.hediyepazar.com\/index.php?rest_route=%2Fwp%2Fv2%2Fproduct_cat&post=114516"},{"taxonomy":"product_tag","embeddable":true,"href":"https:\/\/www.hediyepazar.com\/index.php?rest_route=%2Fwp%2Fv2%2Fproduct_tag&post=114516"}],"curies":[{"name":"wp","href":"https:\/\/api.w.org\/{rel}","templated":true}]}}