{"id":114526,"date":"2026-05-05T12:48:48","date_gmt":"2026-05-05T15:48:48","guid":{"rendered":"https:\/\/www.hediyepazar.com\/?product=kompakt-tasarimli-uzun-pil-omurlu-sac-sakal-kesme-makinesi"},"modified":"2026-05-05T12:48:48","modified_gmt":"2026-05-05T15:48:48","slug":"kompakt-tasarimli-uzun-pil-omurlu-sac-sakal-kesme-makinesi","status":"publish","type":"product","link":"https:\/\/www.hediyepazar.com\/?product=kompakt-tasarimli-uzun-pil-omurlu-sac-sakal-kesme-makinesi","title":{"rendered":"Kompakt Tasar\u0131ml\u0131 Uzun Pil \u00d6m\u00fcrl\u00fc Sa\u00e7 Sakal Kesme Makinesi"},"content":{"rendered":"<p>Sa\u00e7 ve sakal kesiminde y\u00fcksek performans sunan bu makine, tam \u00e7elik 0 tak\u0131m kafas\u0131 ile dayan\u0131kl\u0131l\u0131k sa\u011flar. R \u015fekilli yuvarlak tasar\u0131m, cilt dostu olup, konforlu ve tahri\u015fsiz bir kesim deneyimi sunar. Ya\u011f ba\u015fl\u0131\u011f\u0131 b\u0131\u00e7aklar\u0131n s\u00fcrekli ya\u011flanmas\u0131n\u0131 sa\u011flar ve oyma model stilindeki itme beyaz mekanizmas\u0131 hassas ayar sunar.5W bak\u0131r \u00e7ekirdek motor, k\u00fc\u00e7\u00fck g\u00f6vdeye ra\u011fmen g\u00fc\u00e7l\u00fc bir performans sergiler. Sa\u00e7 ve sakal telleri kolayca kesilir, s\u0131k\u0131\u015fma ve t\u0131kanma olmaz. Kompakt ve ta\u015f\u0131nabilir yap\u0131s\u0131yla istedi\u011finiz yerde rahat\u00e7a kullanabilirsiniz. Heykel dokulu ergonomik tasar\u0131m, kullan\u0131m\u0131 kolayla\u015ft\u0131r\u0131r.Farkl\u0131 uzunluk se\u00e7enekleri i\u00e7in 4 adet k\u0131lavuz tarak mevcuttur. 500mAh kapasiteli lityum pil 2 saat \u015farjda 1 saat boyunca \u00e7al\u0131\u015f\u0131r. USB kablo ile kolayca \u015farj edilebilir. Paket i\u00e7eri\u011finde sa\u00e7 sakal kesme makinesi, 4 k\u0131lavuz tarak, temizlik f\u0131r\u00e7as\u0131, USB kablo ve kullan\u0131m k\u0131lavuzu bulunur. Hem ev hem de profesyonel kullan\u0131m i\u00e7in uygundur.&nbsp;<\/p>\n","protected":false},"excerpt":{"rendered":"<p>Sa\u00e7 ve sakal kesiminde y\u00fcksek performans sunan bu makine, tam \u00e7elik 0 tak\u0131m kafas\u0131 ile dayan\u0131kl\u0131l\u0131k sa\u011flar. R \u015fekilli yuvarlak tasar\u0131m, cilt dostu olup, konforlu ve tahri\u015fsiz bir kesim deneyimi sunar. Ya\u011f ba\u015fl\u0131\u011f\u0131 b\u0131\u00e7aklar\u0131n s\u00fcrekli ya\u011flanmas\u0131n\u0131 sa\u011flar ve oyma model stilindeki itme beyaz mekanizmas\u0131 hassas ayar sunar.5W bak\u0131r \u00e7ekirdek motor, k\u00fc\u00e7\u00fck g\u00f6vdeye ra\u011fmen g\u00fc\u00e7l\u00fc bir&#8230;<\/p>\n","protected":false},"featured_media":114525,"comment_status":"open","ping_status":"closed","template":"","meta":{"_kad_post_transparent":"","_kad_post_title":"","_kad_post_layout":"","_kad_post_sidebar_id":"","_kad_post_content_style":"","_kad_post_vertical_padding":"","_kad_post_feature":"","_kad_post_feature_position":"","_kad_post_header":false,"_kad_post_footer":false,"_kad_post_classname":""},"product_brand":[],"product_cat":[14925],"product_tag":[],"class_list":{"0":"post-114526","1":"product","2":"type-product","3":"status-publish","4":"has-post-thumbnail","6":"product_cat-tiras-makinesi-tiras-makinesi","8":"first","9":"instock","10":"purchasable","11":"product-type-simple","12":"entry","13":"content-bg","14":"loop-entry"},"_links":{"self":[{"href":"https:\/\/www.hediyepazar.com\/index.php?rest_route=\/wp\/v2\/product\/114526","targetHints":{"allow":["GET"]}}],"collection":[{"href":"https:\/\/www.hediyepazar.com\/index.php?rest_route=\/wp\/v2\/product"}],"about":[{"href":"https:\/\/www.hediyepazar.com\/index.php?rest_route=\/wp\/v2\/types\/product"}],"replies":[{"embeddable":true,"href":"https:\/\/www.hediyepazar.com\/index.php?rest_route=%2Fwp%2Fv2%2Fcomments&post=114526"}],"wp:featuredmedia":[{"embeddable":true,"href":"https:\/\/www.hediyepazar.com\/index.php?rest_route=\/wp\/v2\/media\/114525"}],"wp:attachment":[{"href":"https:\/\/www.hediyepazar.com\/index.php?rest_route=%2Fwp%2Fv2%2Fmedia&parent=114526"}],"wp:term":[{"taxonomy":"product_brand","embeddable":true,"href":"https:\/\/www.hediyepazar.com\/index.php?rest_route=%2Fwp%2Fv2%2Fproduct_brand&post=114526"},{"taxonomy":"product_cat","embeddable":true,"href":"https:\/\/www.hediyepazar.com\/index.php?rest_route=%2Fwp%2Fv2%2Fproduct_cat&post=114526"},{"taxonomy":"product_tag","embeddable":true,"href":"https:\/\/www.hediyepazar.com\/index.php?rest_route=%2Fwp%2Fv2%2Fproduct_tag&post=114526"}],"curies":[{"name":"wp","href":"https:\/\/api.w.org\/{rel}","templated":true}]}}