{"id":114528,"date":"2026-05-05T12:48:53","date_gmt":"2026-05-05T15:48:53","guid":{"rendered":"https:\/\/www.hediyepazar.com\/?product=sac-ve-sakal-icin-cok-fonksiyonlu-guclu-kesme-makinesi"},"modified":"2026-05-05T12:48:53","modified_gmt":"2026-05-05T15:48:53","slug":"sac-ve-sakal-icin-cok-fonksiyonlu-guclu-kesme-makinesi","status":"publish","type":"product","link":"https:\/\/www.hediyepazar.com\/?product=sac-ve-sakal-icin-cok-fonksiyonlu-guclu-kesme-makinesi","title":{"rendered":"Sa\u00e7 ve Sakal \u0130\u00e7in \u00c7ok Fonksiyonlu G\u00fc\u00e7l\u00fc Kesme Makinesi"},"content":{"rendered":"<p>Bu sa\u00e7 sakal kesme makinesi, sa\u00e7 ve sakal kesiminde tam kontrol ve hassasiyet sa\u011flar. Tam \u00e7elikten yap\u0131lm\u0131\u015f 0 tak\u0131m kafas\u0131 ile uzun \u00f6m\u00fcrl\u00fc ve dayan\u0131kl\u0131 performans sunar. R \u015feklinde yuvarlak dokuna\u00e7 tasar\u0131m\u0131, cildinizi tahri\u015f etmeden rahat bir kesim deneyimi sa\u011flar. Ya\u011f ba\u015fl\u0131\u011f\u0131 ile b\u0131\u00e7aklar her zaman ya\u011flanm\u0131\u015f ve kesime haz\u0131rd\u0131r. \u0130tme beyaz oyma tasar\u0131m\u0131 sayesinde kesim hassasiyeti artar.G\u00fc\u00e7l\u00fc 5W bak\u0131r \u00e7ekirdek motoru sayesinde, k\u00fc\u00e7\u00fck yap\u0131s\u0131na ra\u011fmen y\u00fcksek performansl\u0131 kesim yapabilirsiniz. Sa\u00e7 ve sakal t\u00fcyleri kolayca kesilir, s\u0131k\u0131\u015fma olmaz. Kompakt ve ta\u015f\u0131nabilir tasar\u0131m\u0131yla, evde veya seyahatte rahatl\u0131kla kullanabilirsiniz. Ergonomik heykel dokulu g\u00f6vdesi sayesinde rahat bir tutu\u015f sa\u011flar.4 farkl\u0131 k\u0131lavuz tarak (1mm, 2mm, 3mm, 4mm) ile sa\u00e7 ve sakal\u0131n\u0131z\u0131 istedi\u011finiz uzunlukta kesebilirsiniz. 500mAh lityum pili 2 saat \u015farj ile 1 saate kadar kesintisiz kullan\u0131m imkan\u0131 verir. Paket i\u00e7eri\u011finde makine, 4 k\u0131lavuz tarak, temizleme f\u0131r\u00e7as\u0131, USB kablo ve T\u00fcrk\u00e7e kullan\u0131m k\u0131lavuzu bulunmaktad\u0131r. Hem sa\u00e7 hem de sakal i\u00e7in ideal \u00e7ok fonksiyonlu bir \u00fcr\u00fcnd\u00fcr.&nbsp;<\/p>\n","protected":false},"excerpt":{"rendered":"<p>Bu sa\u00e7 sakal kesme makinesi, sa\u00e7 ve sakal kesiminde tam kontrol ve hassasiyet sa\u011flar. Tam \u00e7elikten yap\u0131lm\u0131\u015f 0 tak\u0131m kafas\u0131 ile uzun \u00f6m\u00fcrl\u00fc ve dayan\u0131kl\u0131 performans sunar. R \u015feklinde yuvarlak dokuna\u00e7 tasar\u0131m\u0131, cildinizi tahri\u015f etmeden rahat bir kesim deneyimi sa\u011flar. Ya\u011f ba\u015fl\u0131\u011f\u0131 ile b\u0131\u00e7aklar her zaman ya\u011flanm\u0131\u015f ve kesime haz\u0131rd\u0131r. \u0130tme beyaz oyma tasar\u0131m\u0131 sayesinde&#8230;<\/p>\n","protected":false},"featured_media":114527,"comment_status":"open","ping_status":"closed","template":"","meta":{"_kad_post_transparent":"","_kad_post_title":"","_kad_post_layout":"","_kad_post_sidebar_id":"","_kad_post_content_style":"","_kad_post_vertical_padding":"","_kad_post_feature":"","_kad_post_feature_position":"","_kad_post_header":false,"_kad_post_footer":false,"_kad_post_classname":""},"product_brand":[],"product_cat":[14925],"product_tag":[],"class_list":{"0":"post-114528","1":"product","2":"type-product","3":"status-publish","4":"has-post-thumbnail","6":"product_cat-tiras-makinesi-tiras-makinesi","8":"first","9":"instock","10":"purchasable","11":"product-type-simple","12":"entry","13":"content-bg","14":"loop-entry"},"_links":{"self":[{"href":"https:\/\/www.hediyepazar.com\/index.php?rest_route=\/wp\/v2\/product\/114528","targetHints":{"allow":["GET"]}}],"collection":[{"href":"https:\/\/www.hediyepazar.com\/index.php?rest_route=\/wp\/v2\/product"}],"about":[{"href":"https:\/\/www.hediyepazar.com\/index.php?rest_route=\/wp\/v2\/types\/product"}],"replies":[{"embeddable":true,"href":"https:\/\/www.hediyepazar.com\/index.php?rest_route=%2Fwp%2Fv2%2Fcomments&post=114528"}],"wp:featuredmedia":[{"embeddable":true,"href":"https:\/\/www.hediyepazar.com\/index.php?rest_route=\/wp\/v2\/media\/114527"}],"wp:attachment":[{"href":"https:\/\/www.hediyepazar.com\/index.php?rest_route=%2Fwp%2Fv2%2Fmedia&parent=114528"}],"wp:term":[{"taxonomy":"product_brand","embeddable":true,"href":"https:\/\/www.hediyepazar.com\/index.php?rest_route=%2Fwp%2Fv2%2Fproduct_brand&post=114528"},{"taxonomy":"product_cat","embeddable":true,"href":"https:\/\/www.hediyepazar.com\/index.php?rest_route=%2Fwp%2Fv2%2Fproduct_cat&post=114528"},{"taxonomy":"product_tag","embeddable":true,"href":"https:\/\/www.hediyepazar.com\/index.php?rest_route=%2Fwp%2Fv2%2Fproduct_tag&post=114528"}],"curies":[{"name":"wp","href":"https:\/\/api.w.org\/{rel}","templated":true}]}}