{"id":114532,"date":"2026-05-05T12:49:07","date_gmt":"2026-05-05T15:49:07","guid":{"rendered":"https:\/\/www.hediyepazar.com\/?product=dayanikli-celik-kafa-ve-guclu-motorlu-sac-sakal-makinesi"},"modified":"2026-05-05T12:49:07","modified_gmt":"2026-05-05T15:49:07","slug":"dayanikli-celik-kafa-ve-guclu-motorlu-sac-sakal-makinesi","status":"publish","type":"product","link":"https:\/\/www.hediyepazar.com\/?product=dayanikli-celik-kafa-ve-guclu-motorlu-sac-sakal-makinesi","title":{"rendered":"Dayan\u0131kl\u0131 \u00c7elik Kafa ve G\u00fc\u00e7l\u00fc Motorlu Sa\u00e7 Sakal Makinesi"},"content":{"rendered":"<p>Bu sa\u00e7 sakal kesme makinesi, sa\u011flam ve dayan\u0131kl\u0131 malzemelerden \u00fcretilmi\u015ftir. Tam \u00e7elik 0 tak\u0131m kafas\u0131 ve R \u015feklinde yuvarlak tasar\u0131m\u0131 ile cilde zarar vermeden rahat kesim yapman\u0131z\u0131 sa\u011flar. Ya\u011f ba\u015fl\u0131\u011f\u0131 ve itme beyaz oyma teknolojisi ile b\u0131\u00e7aklar uzun \u00f6m\u00fcrl\u00fc ve keskin kal\u0131r.5W\u2019l\u0131k bak\u0131r \u00e7ekirdek motor, k\u00fc\u00e7\u00fck g\u00f6vdesine ra\u011fmen y\u00fcksek g\u00fc\u00e7 sa\u011flar ve sa\u00e7-sakal t\u00fcylerini kolayca keser. Ergonomik ve heykel dokulu g\u00f6vdesi sayesinde rahat tutu\u015f sunar. Ta\u015f\u0131nabilir yap\u0131s\u0131 sayesinde kolayca yan\u0131n\u0131zda ta\u015f\u0131yabilirsiniz.4 adet k\u0131lavuz tarak ile farkl\u0131 uzunluklarda sa\u00e7 ve sakal kesimi yapabilirsiniz. 500mAh kapasiteli pil, 2 saat \u015farjla 1 saat kullan\u0131m sa\u011flar. Paket i\u00e7eri\u011finde sa\u00e7 sakal kesme makinesi, k\u0131lavuz taraklar, temizlik f\u0131r\u00e7as\u0131, USB kablo ve T\u00fcrk\u00e7e kullan\u0131m k\u0131lavuzu yer al\u0131r. Hem ev hem de kuaf\u00f6r salonlar\u0131 i\u00e7in uygundur.<\/p>\n","protected":false},"excerpt":{"rendered":"<p>Bu sa\u00e7 sakal kesme makinesi, sa\u011flam ve dayan\u0131kl\u0131 malzemelerden \u00fcretilmi\u015ftir. Tam \u00e7elik 0 tak\u0131m kafas\u0131 ve R \u015feklinde yuvarlak tasar\u0131m\u0131 ile cilde zarar vermeden rahat kesim yapman\u0131z\u0131 sa\u011flar. Ya\u011f ba\u015fl\u0131\u011f\u0131 ve itme beyaz oyma teknolojisi ile b\u0131\u00e7aklar uzun \u00f6m\u00fcrl\u00fc ve keskin kal\u0131r.5W\u2019l\u0131k bak\u0131r \u00e7ekirdek motor, k\u00fc\u00e7\u00fck g\u00f6vdesine ra\u011fmen y\u00fcksek g\u00fc\u00e7 sa\u011flar ve sa\u00e7-sakal t\u00fcylerini kolayca&#8230;<\/p>\n","protected":false},"featured_media":114531,"comment_status":"open","ping_status":"closed","template":"","meta":{"_kad_post_transparent":"","_kad_post_title":"","_kad_post_layout":"","_kad_post_sidebar_id":"","_kad_post_content_style":"","_kad_post_vertical_padding":"","_kad_post_feature":"","_kad_post_feature_position":"","_kad_post_header":false,"_kad_post_footer":false,"_kad_post_classname":""},"product_brand":[],"product_cat":[14925],"product_tag":[],"class_list":{"0":"post-114532","1":"product","2":"type-product","3":"status-publish","4":"has-post-thumbnail","6":"product_cat-tiras-makinesi-tiras-makinesi","8":"first","9":"instock","10":"purchasable","11":"product-type-simple","12":"entry","13":"content-bg","14":"loop-entry"},"_links":{"self":[{"href":"https:\/\/www.hediyepazar.com\/index.php?rest_route=\/wp\/v2\/product\/114532","targetHints":{"allow":["GET"]}}],"collection":[{"href":"https:\/\/www.hediyepazar.com\/index.php?rest_route=\/wp\/v2\/product"}],"about":[{"href":"https:\/\/www.hediyepazar.com\/index.php?rest_route=\/wp\/v2\/types\/product"}],"replies":[{"embeddable":true,"href":"https:\/\/www.hediyepazar.com\/index.php?rest_route=%2Fwp%2Fv2%2Fcomments&post=114532"}],"wp:featuredmedia":[{"embeddable":true,"href":"https:\/\/www.hediyepazar.com\/index.php?rest_route=\/wp\/v2\/media\/114531"}],"wp:attachment":[{"href":"https:\/\/www.hediyepazar.com\/index.php?rest_route=%2Fwp%2Fv2%2Fmedia&parent=114532"}],"wp:term":[{"taxonomy":"product_brand","embeddable":true,"href":"https:\/\/www.hediyepazar.com\/index.php?rest_route=%2Fwp%2Fv2%2Fproduct_brand&post=114532"},{"taxonomy":"product_cat","embeddable":true,"href":"https:\/\/www.hediyepazar.com\/index.php?rest_route=%2Fwp%2Fv2%2Fproduct_cat&post=114532"},{"taxonomy":"product_tag","embeddable":true,"href":"https:\/\/www.hediyepazar.com\/index.php?rest_route=%2Fwp%2Fv2%2Fproduct_tag&post=114532"}],"curies":[{"name":"wp","href":"https:\/\/api.w.org\/{rel}","templated":true}]}}