{"id":114538,"date":"2026-05-05T12:49:39","date_gmt":"2026-05-05T15:49:39","guid":{"rendered":"https:\/\/www.hediyepazar.com\/?product=ergonomik-tasarimli-3-tarakli-profesyonel-sarjli-sac-sakal-tiras-makinesi"},"modified":"2026-05-05T12:49:39","modified_gmt":"2026-05-05T15:49:39","slug":"ergonomik-tasarimli-3-tarakli-profesyonel-sarjli-sac-sakal-tiras-makinesi","status":"publish","type":"product","link":"https:\/\/www.hediyepazar.com\/?product=ergonomik-tasarimli-3-tarakli-profesyonel-sarjli-sac-sakal-tiras-makinesi","title":{"rendered":"Ergonomik Tasar\u0131ml\u0131 3 Tarakl\u0131 Profesyonel \u015earjl\u0131 Sa\u00e7 Sakal T\u0131ra\u015f Makinesi"},"content":{"rendered":"<p>Bu profesyonel t\u0131ra\u015f makinesi, sa\u00e7 ve sakal bak\u0131m\u0131n\u0131z\u0131 kolayla\u015ft\u0131rmak \u00fczere tasarlanm\u0131\u015ft\u0131r. Paslanmaz \u00e7elik b\u0131\u00e7aklar\u0131, t\u00fcyleri tek seferde al\u0131r, \u00e7ekmeden ve tahri\u015f etmeden t\u0131ra\u015f imkan\u0131 sunar. 5W g\u00fcc\u00fcndeki motoru sayesinde her kesimde y\u00fcksek verim sa\u011flar.15,5 cm uzunlu\u011fundaki hafif g\u00f6vdesi ve ergonomik tutu\u015fu ile hem pratik hem de ta\u015f\u0131nabilir bir \u00fcr\u00fcnd\u00fcr. Sessiz motor yap\u0131s\u0131 sayesinde hem siz hem de \u00e7evreniz i\u00e7in konforlu bir kullan\u0131m sunar. \u00d6zellikle kalabal\u0131k evlerde veya sabah erken saatlerde sessiz t\u0131ra\u015f yapma imkan\u0131 sa\u011flar.3 farkl\u0131 uzunlukta tarak ba\u015fl\u0131\u011f\u0131, \u00e7e\u015fitli stillerde kesim i\u00e7in uygundur. Kablosuz kullan\u0131m\u0131 sayesinde t\u0131ra\u015f s\u0131ras\u0131nda \u00f6zg\u00fcrce hareket edebilirsiniz. \u015earj edilebilir lityum pil, tek \u015farjda uzun s\u00fcreli performans sunar.\u00dcr\u00fcnle birlikte gelen bak\u0131m ya\u011f\u0131 ve f\u0131r\u00e7a, cihaz\u0131n \u00f6mr\u00fcn\u00fc uzat\u0131r ve hijyenini sa\u011flar. B\u0131\u00e7aklar\u0131 temizledikten sonra ya\u011flayarak ilk g\u00fcnk\u00fc performans\u0131n\u0131 koruyabilirsiniz.&nbsp;<\/p>\n","protected":false},"excerpt":{"rendered":"<p>Bu profesyonel t\u0131ra\u015f makinesi, sa\u00e7 ve sakal bak\u0131m\u0131n\u0131z\u0131 kolayla\u015ft\u0131rmak \u00fczere tasarlanm\u0131\u015ft\u0131r. Paslanmaz \u00e7elik b\u0131\u00e7aklar\u0131, t\u00fcyleri tek seferde al\u0131r, \u00e7ekmeden ve tahri\u015f etmeden t\u0131ra\u015f imkan\u0131 sunar. 5W g\u00fcc\u00fcndeki motoru sayesinde her kesimde y\u00fcksek verim sa\u011flar.15,5 cm uzunlu\u011fundaki hafif g\u00f6vdesi ve ergonomik tutu\u015fu ile hem pratik hem de ta\u015f\u0131nabilir bir \u00fcr\u00fcnd\u00fcr. Sessiz motor yap\u0131s\u0131 sayesinde hem siz&#8230;<\/p>\n","protected":false},"featured_media":114537,"comment_status":"open","ping_status":"closed","template":"","meta":{"_kad_post_transparent":"","_kad_post_title":"","_kad_post_layout":"","_kad_post_sidebar_id":"","_kad_post_content_style":"","_kad_post_vertical_padding":"","_kad_post_feature":"","_kad_post_feature_position":"","_kad_post_header":false,"_kad_post_footer":false,"_kad_post_classname":""},"product_brand":[],"product_cat":[14925],"product_tag":[],"class_list":{"0":"post-114538","1":"product","2":"type-product","3":"status-publish","4":"has-post-thumbnail","6":"product_cat-tiras-makinesi-tiras-makinesi","8":"first","9":"instock","10":"purchasable","11":"product-type-simple","12":"entry","13":"content-bg","14":"loop-entry"},"_links":{"self":[{"href":"https:\/\/www.hediyepazar.com\/index.php?rest_route=\/wp\/v2\/product\/114538","targetHints":{"allow":["GET"]}}],"collection":[{"href":"https:\/\/www.hediyepazar.com\/index.php?rest_route=\/wp\/v2\/product"}],"about":[{"href":"https:\/\/www.hediyepazar.com\/index.php?rest_route=\/wp\/v2\/types\/product"}],"replies":[{"embeddable":true,"href":"https:\/\/www.hediyepazar.com\/index.php?rest_route=%2Fwp%2Fv2%2Fcomments&post=114538"}],"wp:featuredmedia":[{"embeddable":true,"href":"https:\/\/www.hediyepazar.com\/index.php?rest_route=\/wp\/v2\/media\/114537"}],"wp:attachment":[{"href":"https:\/\/www.hediyepazar.com\/index.php?rest_route=%2Fwp%2Fv2%2Fmedia&parent=114538"}],"wp:term":[{"taxonomy":"product_brand","embeddable":true,"href":"https:\/\/www.hediyepazar.com\/index.php?rest_route=%2Fwp%2Fv2%2Fproduct_brand&post=114538"},{"taxonomy":"product_cat","embeddable":true,"href":"https:\/\/www.hediyepazar.com\/index.php?rest_route=%2Fwp%2Fv2%2Fproduct_cat&post=114538"},{"taxonomy":"product_tag","embeddable":true,"href":"https:\/\/www.hediyepazar.com\/index.php?rest_route=%2Fwp%2Fv2%2Fproduct_tag&post=114538"}],"curies":[{"name":"wp","href":"https:\/\/api.w.org\/{rel}","templated":true}]}}