{"id":114546,"date":"2026-05-05T12:50:18","date_gmt":"2026-05-05T15:50:18","guid":{"rendered":"https:\/\/www.hediyepazar.com\/?product=suya-dayanikli-gurultu-engelleyici-kablosuz-kulaklik-ergonomik-tasarim"},"modified":"2026-05-05T12:50:18","modified_gmt":"2026-05-05T15:50:18","slug":"suya-dayanikli-gurultu-engelleyici-kablosuz-kulaklik-ergonomik-tasarim","status":"publish","type":"product","link":"https:\/\/www.hediyepazar.com\/?product=suya-dayanikli-gurultu-engelleyici-kablosuz-kulaklik-ergonomik-tasarim","title":{"rendered":"Suya Dayan\u0131kl\u0131 G\u00fcr\u00fclt\u00fc Engelleyici Kablosuz Kulakl\u0131k \u2013 Ergonomik Tasar\u0131m"},"content":{"rendered":"<p>Bu kablosuz kulakl\u0131k, \u015farj kutusuyla birlikte 36 saate kadar oynatma s\u00fcresi sunar. Uzun yolculuklarda, i\u015fte veya spor yaparken m\u00fczi\u011fin ritminden kopmadan keyifle dinleyebilirsiniz.C-Tipi h\u0131zl\u0131 \u015farj deste\u011fi sayesinde k\u0131sa s\u00fcrede \u015farj olur, birka\u00e7 dakikal\u0131k \u015farjla saatlerce kullan\u0131m sa\u011flar. Suya ve tere dayan\u0131kl\u0131 yap\u0131s\u0131, ya\u011fmurlu havalarda veya antrenmanlarda g\u00fcvenli kullan\u0131m imk\u00e2n\u0131 verir.Kompakt \u015farj kutusu ta\u015f\u0131may\u0131 kolayla\u015ft\u0131r\u0131r, ergonomik tasar\u0131m\u0131 ise her kula\u011fa m\u00fckemmel uyum sa\u011flar.<\/p>\n","protected":false},"excerpt":{"rendered":"<p>Bu kablosuz kulakl\u0131k, \u015farj kutusuyla birlikte 36 saate kadar oynatma s\u00fcresi sunar. Uzun yolculuklarda, i\u015fte veya spor yaparken m\u00fczi\u011fin ritminden kopmadan keyifle dinleyebilirsiniz.C-Tipi h\u0131zl\u0131 \u015farj deste\u011fi sayesinde k\u0131sa s\u00fcrede \u015farj olur, birka\u00e7 dakikal\u0131k \u015farjla saatlerce kullan\u0131m sa\u011flar. Suya ve tere dayan\u0131kl\u0131 yap\u0131s\u0131, ya\u011fmurlu havalarda veya antrenmanlarda g\u00fcvenli kullan\u0131m imk\u00e2n\u0131 verir.Kompakt \u015farj kutusu ta\u015f\u0131may\u0131 kolayla\u015ft\u0131r\u0131r, ergonomik&#8230;<\/p>\n","protected":false},"featured_media":114545,"comment_status":"open","ping_status":"closed","template":"","meta":{"_kad_post_transparent":"","_kad_post_title":"","_kad_post_layout":"","_kad_post_sidebar_id":"","_kad_post_content_style":"","_kad_post_vertical_padding":"","_kad_post_feature":"","_kad_post_feature_position":"","_kad_post_header":false,"_kad_post_footer":false,"_kad_post_classname":""},"product_brand":[],"product_cat":[14957],"product_tag":[],"class_list":{"0":"post-114546","1":"product","2":"type-product","3":"status-publish","4":"has-post-thumbnail","6":"product_cat-kablosuz-kulaklik-kablosuz-kulaklik","8":"first","9":"instock","10":"purchasable","11":"product-type-simple","12":"entry","13":"content-bg","14":"loop-entry"},"_links":{"self":[{"href":"https:\/\/www.hediyepazar.com\/index.php?rest_route=\/wp\/v2\/product\/114546","targetHints":{"allow":["GET"]}}],"collection":[{"href":"https:\/\/www.hediyepazar.com\/index.php?rest_route=\/wp\/v2\/product"}],"about":[{"href":"https:\/\/www.hediyepazar.com\/index.php?rest_route=\/wp\/v2\/types\/product"}],"replies":[{"embeddable":true,"href":"https:\/\/www.hediyepazar.com\/index.php?rest_route=%2Fwp%2Fv2%2Fcomments&post=114546"}],"wp:featuredmedia":[{"embeddable":true,"href":"https:\/\/www.hediyepazar.com\/index.php?rest_route=\/wp\/v2\/media\/114545"}],"wp:attachment":[{"href":"https:\/\/www.hediyepazar.com\/index.php?rest_route=%2Fwp%2Fv2%2Fmedia&parent=114546"}],"wp:term":[{"taxonomy":"product_brand","embeddable":true,"href":"https:\/\/www.hediyepazar.com\/index.php?rest_route=%2Fwp%2Fv2%2Fproduct_brand&post=114546"},{"taxonomy":"product_cat","embeddable":true,"href":"https:\/\/www.hediyepazar.com\/index.php?rest_route=%2Fwp%2Fv2%2Fproduct_cat&post=114546"},{"taxonomy":"product_tag","embeddable":true,"href":"https:\/\/www.hediyepazar.com\/index.php?rest_route=%2Fwp%2Fv2%2Fproduct_tag&post=114546"}],"curies":[{"name":"wp","href":"https:\/\/api.w.org\/{rel}","templated":true}]}}