{"id":114552,"date":"2026-05-05T12:50:44","date_gmt":"2026-05-05T15:50:44","guid":{"rendered":"https:\/\/www.hediyepazar.com\/?product=anc-ozellikli-kablosuz-bluetooth-kulaklik-gurultu-engelleme-eller-serbest-arama"},"modified":"2026-05-05T12:50:44","modified_gmt":"2026-05-05T15:50:44","slug":"anc-ozellikli-kablosuz-bluetooth-kulaklik-gurultu-engelleme-eller-serbest-arama","status":"publish","type":"product","link":"https:\/\/www.hediyepazar.com\/?product=anc-ozellikli-kablosuz-bluetooth-kulaklik-gurultu-engelleme-eller-serbest-arama","title":{"rendered":"ANC \u00d6zellikli Kablosuz Bluetooth Kulakl\u0131k \u2013 G\u00fcr\u00fclt\u00fc Engelleme Eller Serbest Arama"},"content":{"rendered":"<p>Yenilik\u00e7i dokunmatik kontrol paneli sayesinde cihaz\u0131n\u0131z\u0131 yaln\u0131zca parmak u\u00e7lar\u0131n\u0131zla y\u00f6netin.M\u00fczik de\u011fi\u015ftirme, arama yan\u0131tlama veya sonland\u0131rma gibi i\u015flemler art\u0131k tek dokunu\u015fla yap\u0131labilir.Modern, \u015f\u0131k ve ergonomik tasar\u0131m\u0131yla kula\u011fa tam oturur ve uzun s\u00fcreli kullan\u0131mda rahats\u0131zl\u0131k vermez.Hem estetik hem i\u015flevsel yap\u0131s\u0131yla g\u00fcnl\u00fck kullan\u0131m, spor ve seyahatler i\u00e7in m\u00fckemmeldir.<\/p>\n","protected":false},"excerpt":{"rendered":"<p>Yenilik\u00e7i dokunmatik kontrol paneli sayesinde cihaz\u0131n\u0131z\u0131 yaln\u0131zca parmak u\u00e7lar\u0131n\u0131zla y\u00f6netin.M\u00fczik de\u011fi\u015ftirme, arama yan\u0131tlama veya sonland\u0131rma gibi i\u015flemler art\u0131k tek dokunu\u015fla yap\u0131labilir.Modern, \u015f\u0131k ve ergonomik tasar\u0131m\u0131yla kula\u011fa tam oturur ve uzun s\u00fcreli kullan\u0131mda rahats\u0131zl\u0131k vermez.Hem estetik hem i\u015flevsel yap\u0131s\u0131yla g\u00fcnl\u00fck kullan\u0131m, spor ve seyahatler i\u00e7in m\u00fckemmeldir.<\/p>\n","protected":false},"featured_media":114551,"comment_status":"open","ping_status":"closed","template":"","meta":{"_kad_post_transparent":"","_kad_post_title":"","_kad_post_layout":"","_kad_post_sidebar_id":"","_kad_post_content_style":"","_kad_post_vertical_padding":"","_kad_post_feature":"","_kad_post_feature_position":"","_kad_post_header":false,"_kad_post_footer":false,"_kad_post_classname":""},"product_brand":[],"product_cat":[14957],"product_tag":[],"class_list":{"0":"post-114552","1":"product","2":"type-product","3":"status-publish","4":"has-post-thumbnail","6":"product_cat-kablosuz-kulaklik-kablosuz-kulaklik","8":"first","9":"instock","10":"purchasable","11":"product-type-simple","12":"entry","13":"content-bg","14":"loop-entry"},"_links":{"self":[{"href":"https:\/\/www.hediyepazar.com\/index.php?rest_route=\/wp\/v2\/product\/114552","targetHints":{"allow":["GET"]}}],"collection":[{"href":"https:\/\/www.hediyepazar.com\/index.php?rest_route=\/wp\/v2\/product"}],"about":[{"href":"https:\/\/www.hediyepazar.com\/index.php?rest_route=\/wp\/v2\/types\/product"}],"replies":[{"embeddable":true,"href":"https:\/\/www.hediyepazar.com\/index.php?rest_route=%2Fwp%2Fv2%2Fcomments&post=114552"}],"wp:featuredmedia":[{"embeddable":true,"href":"https:\/\/www.hediyepazar.com\/index.php?rest_route=\/wp\/v2\/media\/114551"}],"wp:attachment":[{"href":"https:\/\/www.hediyepazar.com\/index.php?rest_route=%2Fwp%2Fv2%2Fmedia&parent=114552"}],"wp:term":[{"taxonomy":"product_brand","embeddable":true,"href":"https:\/\/www.hediyepazar.com\/index.php?rest_route=%2Fwp%2Fv2%2Fproduct_brand&post=114552"},{"taxonomy":"product_cat","embeddable":true,"href":"https:\/\/www.hediyepazar.com\/index.php?rest_route=%2Fwp%2Fv2%2Fproduct_cat&post=114552"},{"taxonomy":"product_tag","embeddable":true,"href":"https:\/\/www.hediyepazar.com\/index.php?rest_route=%2Fwp%2Fv2%2Fproduct_tag&post=114552"}],"curies":[{"name":"wp","href":"https:\/\/api.w.org\/{rel}","templated":true}]}}