{"id":114594,"date":"2026-05-05T12:53:38","date_gmt":"2026-05-05T15:53:38","guid":{"rendered":"https:\/\/www.hediyepazar.com\/?product=12li-profesyonel-makyaj-firca-seti-dokulmeyen-yumusak-killi-ergonomik-tasarim"},"modified":"2026-05-05T12:53:38","modified_gmt":"2026-05-05T15:53:38","slug":"12li-profesyonel-makyaj-firca-seti-dokulmeyen-yumusak-killi-ergonomik-tasarim","status":"publish","type":"product","link":"https:\/\/www.hediyepazar.com\/?product=12li-profesyonel-makyaj-firca-seti-dokulmeyen-yumusak-killi-ergonomik-tasarim","title":{"rendered":"12\u2019li Profesyonel Makyaj F\u0131r\u00e7a Seti \u2013 D\u00f6k\u00fclmeyen Yumu\u015fak K\u0131ll\u0131 Ergonomik Tasar\u0131m"},"content":{"rendered":"<p>Makyaj tutkunlar\u0131 i\u00e7in \u00f6zel olarak tasarlanan 12\u2019li profesyonel makyaj f\u0131r\u00e7a seti, p\u00fcr\u00fczs\u00fcz ve profesyonel bir makyaj deneyimi sunar. Fond\u00f6ten, pudra, all\u0131k, far ve ayd\u0131nlat\u0131c\u0131 gibi t\u00fcm \u00fcr\u00fcnlerin uygulamas\u0131 i\u00e7in ideal yap\u0131dad\u0131r.Ultra yumu\u015fak, d\u00f6k\u00fclmeyen sentetik k\u0131llar\u0131 sayesinde cildinizde tahri\u015f olu\u015fturmaz ve \u00fcr\u00fcnleri homojen bir \u015fekilde da\u011f\u0131t\u0131r. Ergonomik sap tasar\u0131m\u0131yla uzun s\u00fcreli kullan\u0131mlarda dahi elinizi yormaz. Evde ya da profesyonel makyajlarda rahatl\u0131kla kullan\u0131labilir.<\/p>\n","protected":false},"excerpt":{"rendered":"<p>Makyaj tutkunlar\u0131 i\u00e7in \u00f6zel olarak tasarlanan 12\u2019li profesyonel makyaj f\u0131r\u00e7a seti, p\u00fcr\u00fczs\u00fcz ve profesyonel bir makyaj deneyimi sunar. Fond\u00f6ten, pudra, all\u0131k, far ve ayd\u0131nlat\u0131c\u0131 gibi t\u00fcm \u00fcr\u00fcnlerin uygulamas\u0131 i\u00e7in ideal yap\u0131dad\u0131r.Ultra yumu\u015fak, d\u00f6k\u00fclmeyen sentetik k\u0131llar\u0131 sayesinde cildinizde tahri\u015f olu\u015fturmaz ve \u00fcr\u00fcnleri homojen bir \u015fekilde da\u011f\u0131t\u0131r. Ergonomik sap tasar\u0131m\u0131yla uzun s\u00fcreli kullan\u0131mlarda dahi elinizi yormaz. Evde&#8230;<\/p>\n","protected":false},"featured_media":114593,"comment_status":"open","ping_status":"closed","template":"","meta":{"_kad_post_transparent":"","_kad_post_title":"","_kad_post_layout":"","_kad_post_sidebar_id":"","_kad_post_content_style":"","_kad_post_vertical_padding":"","_kad_post_feature":"","_kad_post_feature_position":"","_kad_post_header":false,"_kad_post_footer":false,"_kad_post_classname":""},"product_brand":[],"product_cat":[14944],"product_tag":[],"class_list":{"0":"post-114594","1":"product","2":"type-product","3":"status-publish","4":"has-post-thumbnail","6":"product_cat-makyaj-fircasi-makyaj-fircasi","8":"first","9":"instock","10":"purchasable","11":"product-type-simple","12":"entry","13":"content-bg","14":"loop-entry"},"_links":{"self":[{"href":"https:\/\/www.hediyepazar.com\/index.php?rest_route=\/wp\/v2\/product\/114594","targetHints":{"allow":["GET"]}}],"collection":[{"href":"https:\/\/www.hediyepazar.com\/index.php?rest_route=\/wp\/v2\/product"}],"about":[{"href":"https:\/\/www.hediyepazar.com\/index.php?rest_route=\/wp\/v2\/types\/product"}],"replies":[{"embeddable":true,"href":"https:\/\/www.hediyepazar.com\/index.php?rest_route=%2Fwp%2Fv2%2Fcomments&post=114594"}],"wp:featuredmedia":[{"embeddable":true,"href":"https:\/\/www.hediyepazar.com\/index.php?rest_route=\/wp\/v2\/media\/114593"}],"wp:attachment":[{"href":"https:\/\/www.hediyepazar.com\/index.php?rest_route=%2Fwp%2Fv2%2Fmedia&parent=114594"}],"wp:term":[{"taxonomy":"product_brand","embeddable":true,"href":"https:\/\/www.hediyepazar.com\/index.php?rest_route=%2Fwp%2Fv2%2Fproduct_brand&post=114594"},{"taxonomy":"product_cat","embeddable":true,"href":"https:\/\/www.hediyepazar.com\/index.php?rest_route=%2Fwp%2Fv2%2Fproduct_cat&post=114594"},{"taxonomy":"product_tag","embeddable":true,"href":"https:\/\/www.hediyepazar.com\/index.php?rest_route=%2Fwp%2Fv2%2Fproduct_tag&post=114594"}],"curies":[{"name":"wp","href":"https:\/\/api.w.org\/{rel}","templated":true}]}}