{"id":114596,"date":"2026-05-05T12:53:48","date_gmt":"2026-05-05T15:53:48","guid":{"rendered":"https:\/\/www.hediyepazar.com\/?product=tasinabilir-sarjli-hoparlor-bluetooth-tws-ve-uzun-pil-omru"},"modified":"2026-05-05T12:53:48","modified_gmt":"2026-05-05T15:53:48","slug":"tasinabilir-sarjli-hoparlor-bluetooth-tws-ve-uzun-pil-omru","status":"publish","type":"product","link":"https:\/\/www.hediyepazar.com\/?product=tasinabilir-sarjli-hoparlor-bluetooth-tws-ve-uzun-pil-omru","title":{"rendered":"Ta\u015f\u0131nabilir \u015earjl\u0131 Hoparl\u00f6r \u2013 Bluetooth TWS ve Uzun Pil \u00d6mr\u00fc"},"content":{"rendered":"<p>ta\u015f\u0131nabilir hoparl\u00f6r, pratik kullan\u0131m\u0131 ve y\u00fcksek ses kalitesiyle m\u00fczi\u011fi her yere ta\u015f\u0131man\u0131z\u0131 sa\u011flar. USB, Micro SD, FM radyo ve Bluetooth gibi \u00e7oklu ba\u011flant\u0131 se\u00e7enekleriyle her t\u00fcrl\u00fc m\u00fczik kayna\u011f\u0131n\u0131 destekler.Kompakt ve hafif yap\u0131s\u0131, kolay ta\u015f\u0131nabilirli\u011fiyle dikkat \u00e7eker. Evde, d\u0131\u015far\u0131da ya da tatilde \u2014 her an m\u00fczik yan\u0131n\u0131zda!&nbsp;<\/p>\n","protected":false},"excerpt":{"rendered":"<p>ta\u015f\u0131nabilir hoparl\u00f6r, pratik kullan\u0131m\u0131 ve y\u00fcksek ses kalitesiyle m\u00fczi\u011fi her yere ta\u015f\u0131man\u0131z\u0131 sa\u011flar. USB, Micro SD, FM radyo ve Bluetooth gibi \u00e7oklu ba\u011flant\u0131 se\u00e7enekleriyle her t\u00fcrl\u00fc m\u00fczik kayna\u011f\u0131n\u0131 destekler.Kompakt ve hafif yap\u0131s\u0131, kolay ta\u015f\u0131nabilirli\u011fiyle dikkat \u00e7eker. Evde, d\u0131\u015far\u0131da ya da tatilde \u2014 her an m\u00fczik yan\u0131n\u0131zda!&nbsp;<\/p>\n","protected":false},"featured_media":114595,"comment_status":"open","ping_status":"closed","template":"","meta":{"_kad_post_transparent":"","_kad_post_title":"","_kad_post_layout":"","_kad_post_sidebar_id":"","_kad_post_content_style":"","_kad_post_vertical_padding":"","_kad_post_feature":"","_kad_post_feature_position":"","_kad_post_header":false,"_kad_post_footer":false,"_kad_post_classname":""},"product_brand":[],"product_cat":[14911],"product_tag":[],"class_list":{"0":"post-114596","1":"product","2":"type-product","3":"status-publish","4":"has-post-thumbnail","6":"product_cat-kablosuz-hoparlor-kablosuz-hoparlor","8":"first","9":"instock","10":"purchasable","11":"product-type-simple","12":"entry","13":"content-bg","14":"loop-entry"},"_links":{"self":[{"href":"https:\/\/www.hediyepazar.com\/index.php?rest_route=\/wp\/v2\/product\/114596","targetHints":{"allow":["GET"]}}],"collection":[{"href":"https:\/\/www.hediyepazar.com\/index.php?rest_route=\/wp\/v2\/product"}],"about":[{"href":"https:\/\/www.hediyepazar.com\/index.php?rest_route=\/wp\/v2\/types\/product"}],"replies":[{"embeddable":true,"href":"https:\/\/www.hediyepazar.com\/index.php?rest_route=%2Fwp%2Fv2%2Fcomments&post=114596"}],"wp:featuredmedia":[{"embeddable":true,"href":"https:\/\/www.hediyepazar.com\/index.php?rest_route=\/wp\/v2\/media\/114595"}],"wp:attachment":[{"href":"https:\/\/www.hediyepazar.com\/index.php?rest_route=%2Fwp%2Fv2%2Fmedia&parent=114596"}],"wp:term":[{"taxonomy":"product_brand","embeddable":true,"href":"https:\/\/www.hediyepazar.com\/index.php?rest_route=%2Fwp%2Fv2%2Fproduct_brand&post=114596"},{"taxonomy":"product_cat","embeddable":true,"href":"https:\/\/www.hediyepazar.com\/index.php?rest_route=%2Fwp%2Fv2%2Fproduct_cat&post=114596"},{"taxonomy":"product_tag","embeddable":true,"href":"https:\/\/www.hediyepazar.com\/index.php?rest_route=%2Fwp%2Fv2%2Fproduct_tag&post=114596"}],"curies":[{"name":"wp","href":"https:\/\/api.w.org\/{rel}","templated":true}]}}