{"id":114598,"date":"2026-05-05T12:53:58","date_gmt":"2026-05-05T15:53:58","guid":{"rendered":"https:\/\/www.hediyepazar.com\/?product=10w-gucunde-kablosuz-hoparlor-sarjli-fm-radyolu-ve-tasinabilir"},"modified":"2026-05-05T12:53:58","modified_gmt":"2026-05-05T15:53:58","slug":"10w-gucunde-kablosuz-hoparlor-sarjli-fm-radyolu-ve-tasinabilir","status":"publish","type":"product","link":"https:\/\/www.hediyepazar.com\/?product=10w-gucunde-kablosuz-hoparlor-sarjli-fm-radyolu-ve-tasinabilir","title":{"rendered":"10W G\u00fcc\u00fcnde Kablosuz Hoparl\u00f6r \u2013 \u015earjl\u0131 FM Radyolu ve Ta\u015f\u0131nabilir"},"content":{"rendered":"<p>1200mAh \u015farjl\u0131 bataryas\u0131yla 1-2 saat kesintisiz m\u00fczik dinleme imk\u00e2n\u0131 sunar. H\u0131zl\u0131 \u015farj deste\u011fi sayesinde k\u0131sa s\u00fcrede yeniden kullan\u0131ma haz\u0131r hale gelir.TWS (True Wireless Stereo) \u00f6zelli\u011fi ile iki LinkBits hoparl\u00f6r\u00fc birbirine ba\u011flayarak stereo ses deneyimi elde edebilirsiniz. Ev partilerinden pikniklere kadar her ortamda g\u00fc\u00e7l\u00fc bir performans sa\u011flar.&nbsp;<\/p>\n","protected":false},"excerpt":{"rendered":"<p>1200mAh \u015farjl\u0131 bataryas\u0131yla 1-2 saat kesintisiz m\u00fczik dinleme imk\u00e2n\u0131 sunar. H\u0131zl\u0131 \u015farj deste\u011fi sayesinde k\u0131sa s\u00fcrede yeniden kullan\u0131ma haz\u0131r hale gelir.TWS (True Wireless Stereo) \u00f6zelli\u011fi ile iki LinkBits hoparl\u00f6r\u00fc birbirine ba\u011flayarak stereo ses deneyimi elde edebilirsiniz. Ev partilerinden pikniklere kadar her ortamda g\u00fc\u00e7l\u00fc bir performans sa\u011flar.&nbsp;<\/p>\n","protected":false},"featured_media":114597,"comment_status":"open","ping_status":"closed","template":"","meta":{"_kad_post_transparent":"","_kad_post_title":"","_kad_post_layout":"","_kad_post_sidebar_id":"","_kad_post_content_style":"","_kad_post_vertical_padding":"","_kad_post_feature":"","_kad_post_feature_position":"","_kad_post_header":false,"_kad_post_footer":false,"_kad_post_classname":""},"product_brand":[],"product_cat":[14911],"product_tag":[],"class_list":{"0":"post-114598","1":"product","2":"type-product","3":"status-publish","4":"has-post-thumbnail","6":"product_cat-kablosuz-hoparlor-kablosuz-hoparlor","8":"first","9":"instock","10":"purchasable","11":"product-type-simple","12":"entry","13":"content-bg","14":"loop-entry"},"_links":{"self":[{"href":"https:\/\/www.hediyepazar.com\/index.php?rest_route=\/wp\/v2\/product\/114598","targetHints":{"allow":["GET"]}}],"collection":[{"href":"https:\/\/www.hediyepazar.com\/index.php?rest_route=\/wp\/v2\/product"}],"about":[{"href":"https:\/\/www.hediyepazar.com\/index.php?rest_route=\/wp\/v2\/types\/product"}],"replies":[{"embeddable":true,"href":"https:\/\/www.hediyepazar.com\/index.php?rest_route=%2Fwp%2Fv2%2Fcomments&post=114598"}],"wp:featuredmedia":[{"embeddable":true,"href":"https:\/\/www.hediyepazar.com\/index.php?rest_route=\/wp\/v2\/media\/114597"}],"wp:attachment":[{"href":"https:\/\/www.hediyepazar.com\/index.php?rest_route=%2Fwp%2Fv2%2Fmedia&parent=114598"}],"wp:term":[{"taxonomy":"product_brand","embeddable":true,"href":"https:\/\/www.hediyepazar.com\/index.php?rest_route=%2Fwp%2Fv2%2Fproduct_brand&post=114598"},{"taxonomy":"product_cat","embeddable":true,"href":"https:\/\/www.hediyepazar.com\/index.php?rest_route=%2Fwp%2Fv2%2Fproduct_cat&post=114598"},{"taxonomy":"product_tag","embeddable":true,"href":"https:\/\/www.hediyepazar.com\/index.php?rest_route=%2Fwp%2Fv2%2Fproduct_tag&post=114598"}],"curies":[{"name":"wp","href":"https:\/\/api.w.org\/{rel}","templated":true}]}}