{"id":114612,"date":"2026-05-05T12:55:07","date_gmt":"2026-05-05T15:55:07","guid":{"rendered":"https:\/\/www.hediyepazar.com\/?product=smart-serit-led-isik-uzaktan-kumandali-usb-girisli-muzik-modlu"},"modified":"2026-05-05T12:55:07","modified_gmt":"2026-05-05T15:55:07","slug":"smart-serit-led-isik-uzaktan-kumandali-usb-girisli-muzik-modlu","status":"publish","type":"product","link":"https:\/\/www.hediyepazar.com\/?product=smart-serit-led-isik-uzaktan-kumandali-usb-girisli-muzik-modlu","title":{"rendered":"Smart \u015eerit LED I\u015f\u0131k \u2013 Uzaktan Kumandal\u0131 USB Giri\u015fli M\u00fczik Modlu"},"content":{"rendered":"<p>Smart \u015eerit LED, ya\u015fam alanlar\u0131n\u0131za modern bir g\u00f6r\u00fcn\u00fcm kazand\u0131rmak i\u00e7in tasarlanm\u0131\u015f \u00e7ok y\u00f6nl\u00fc bir ayd\u0131nlatma \u00e7\u00f6z\u00fcm\u00fcd\u00fcr. Renk de\u011fi\u015ftirme, parlakl\u0131k ayar\u0131 ve \u00f6zel \u0131\u015f\u0131k efektleri ile ortam\u0131n\u0131z\u0131 tamamen size \u00f6zel hale getirir. Uzaktan kumanda sayesinde t\u00fcm kontroller elinizin alt\u0131ndad\u0131r. Enerji tasarruflu LED teknolojisi, uzun \u00f6m\u00fcrl\u00fc kullan\u0131m ve d\u00fc\u015f\u00fck enerji t\u00fcketimi sa\u011flar. TV arkas\u0131, raf kenar\u0131, masa alt\u0131 ya da duvar gibi bir\u00e7ok y\u00fczeye kolayca uygulanabilir.<\/p>\n","protected":false},"excerpt":{"rendered":"<p>Smart \u015eerit LED, ya\u015fam alanlar\u0131n\u0131za modern bir g\u00f6r\u00fcn\u00fcm kazand\u0131rmak i\u00e7in tasarlanm\u0131\u015f \u00e7ok y\u00f6nl\u00fc bir ayd\u0131nlatma \u00e7\u00f6z\u00fcm\u00fcd\u00fcr. Renk de\u011fi\u015ftirme, parlakl\u0131k ayar\u0131 ve \u00f6zel \u0131\u015f\u0131k efektleri ile ortam\u0131n\u0131z\u0131 tamamen size \u00f6zel hale getirir. Uzaktan kumanda sayesinde t\u00fcm kontroller elinizin alt\u0131ndad\u0131r. Enerji tasarruflu LED teknolojisi, uzun \u00f6m\u00fcrl\u00fc kullan\u0131m ve d\u00fc\u015f\u00fck enerji t\u00fcketimi sa\u011flar. TV arkas\u0131, raf kenar\u0131, masa&#8230;<\/p>\n","protected":false},"featured_media":114611,"comment_status":"open","ping_status":"closed","template":"","meta":{"_kad_post_transparent":"","_kad_post_title":"","_kad_post_layout":"","_kad_post_sidebar_id":"","_kad_post_content_style":"","_kad_post_vertical_padding":"","_kad_post_feature":"","_kad_post_feature_position":"","_kad_post_header":false,"_kad_post_footer":false,"_kad_post_classname":""},"product_brand":[],"product_cat":[14933],"product_tag":[],"class_list":{"0":"post-114612","1":"product","2":"type-product","3":"status-publish","4":"has-post-thumbnail","6":"product_cat-led-isik-led-isik","8":"first","9":"instock","10":"purchasable","11":"product-type-simple","12":"entry","13":"content-bg","14":"loop-entry"},"_links":{"self":[{"href":"https:\/\/www.hediyepazar.com\/index.php?rest_route=\/wp\/v2\/product\/114612","targetHints":{"allow":["GET"]}}],"collection":[{"href":"https:\/\/www.hediyepazar.com\/index.php?rest_route=\/wp\/v2\/product"}],"about":[{"href":"https:\/\/www.hediyepazar.com\/index.php?rest_route=\/wp\/v2\/types\/product"}],"replies":[{"embeddable":true,"href":"https:\/\/www.hediyepazar.com\/index.php?rest_route=%2Fwp%2Fv2%2Fcomments&post=114612"}],"wp:featuredmedia":[{"embeddable":true,"href":"https:\/\/www.hediyepazar.com\/index.php?rest_route=\/wp\/v2\/media\/114611"}],"wp:attachment":[{"href":"https:\/\/www.hediyepazar.com\/index.php?rest_route=%2Fwp%2Fv2%2Fmedia&parent=114612"}],"wp:term":[{"taxonomy":"product_brand","embeddable":true,"href":"https:\/\/www.hediyepazar.com\/index.php?rest_route=%2Fwp%2Fv2%2Fproduct_brand&post=114612"},{"taxonomy":"product_cat","embeddable":true,"href":"https:\/\/www.hediyepazar.com\/index.php?rest_route=%2Fwp%2Fv2%2Fproduct_cat&post=114612"},{"taxonomy":"product_tag","embeddable":true,"href":"https:\/\/www.hediyepazar.com\/index.php?rest_route=%2Fwp%2Fv2%2Fproduct_tag&post=114612"}],"curies":[{"name":"wp","href":"https:\/\/api.w.org\/{rel}","templated":true}]}}