{"id":114654,"date":"2026-05-05T12:58:10","date_gmt":"2026-05-05T15:58:10","guid":{"rendered":"https:\/\/www.hediyepazar.com\/?product=tws-bluetooth-kulaklik-otomatik-sarj-tasinabilir-sarj-kutusu"},"modified":"2026-05-05T12:58:10","modified_gmt":"2026-05-05T15:58:10","slug":"tws-bluetooth-kulaklik-otomatik-sarj-tasinabilir-sarj-kutusu","status":"publish","type":"product","link":"https:\/\/www.hediyepazar.com\/?product=tws-bluetooth-kulaklik-otomatik-sarj-tasinabilir-sarj-kutusu","title":{"rendered":"TWS Bluetooth Kulakl\u0131k \u2013 Otomatik \u015earj Ta\u015f\u0131nabilir \u015earj Kutusu"},"content":{"rendered":"<p>Bu kablosuz kulakl\u0131k, kompakt \u015farj kutusu sayesinde her zaman \u015farjda ve kullan\u0131ma haz\u0131r kal\u0131r. \u015earj kutusuna yerle\u015ftirildi\u011finde otomatik olarak \u015farj olur ve enerji tasarrufu sa\u011flar. H\u0131zl\u0131 \u015farj \u00f6zelli\u011fi sayesinde sadece birka\u00e7 dakikal\u0131k \u015farjla saatlerce m\u00fczik dinleme imk\u00e2n\u0131 sunar. LED g\u00f6sterge \u0131\u015f\u0131klar\u0131 sayesinde \u015farj durumunu kolayca takip edebilirsiniz. G\u00fc\u00e7l\u00fc bataryas\u0131yla g\u00fcn boyu kesintisiz kullan\u0131m sa\u011flar; tek \u015farjla saatlerce m\u00fczik, konu\u015fma veya oyun keyfi ya\u015fayabilirsiniz. Kompakt kutu tasar\u0131m\u0131, \u00e7antan\u0131zda ya da cebinizde rahatl\u0131kla ta\u015f\u0131nabilir. Seyahatlerde, i\u015fte veya sporda her an yan\u0131n\u0131zda olur. Ayr\u0131ca kutu darbelere kar\u015f\u0131 dayan\u0131kl\u0131d\u0131r ve kulakl\u0131klar\u0131n\u0131z\u0131 tozdan korur. G\u00fcnl\u00fck hayatta enerji kayg\u0131s\u0131 ya\u015famadan kablosuz \u00f6zg\u00fcrl\u00fc\u011f\u00fc doyas\u0131ya ya\u015fay\u0131n. Modern kullan\u0131c\u0131lar i\u00e7in tasarlanan bu ak\u0131ll\u0131 sistem, teknolojiyi ta\u015f\u0131nabilir hale getirir.<\/p>\n","protected":false},"excerpt":{"rendered":"<p>Bu kablosuz kulakl\u0131k, kompakt \u015farj kutusu sayesinde her zaman \u015farjda ve kullan\u0131ma haz\u0131r kal\u0131r. \u015earj kutusuna yerle\u015ftirildi\u011finde otomatik olarak \u015farj olur ve enerji tasarrufu sa\u011flar. H\u0131zl\u0131 \u015farj \u00f6zelli\u011fi sayesinde sadece birka\u00e7 dakikal\u0131k \u015farjla saatlerce m\u00fczik dinleme imk\u00e2n\u0131 sunar. LED g\u00f6sterge \u0131\u015f\u0131klar\u0131 sayesinde \u015farj durumunu kolayca takip edebilirsiniz. G\u00fc\u00e7l\u00fc bataryas\u0131yla g\u00fcn boyu kesintisiz kullan\u0131m sa\u011flar; tek&#8230;<\/p>\n","protected":false},"featured_media":114653,"comment_status":"open","ping_status":"closed","template":"","meta":{"_kad_post_transparent":"","_kad_post_title":"","_kad_post_layout":"","_kad_post_sidebar_id":"","_kad_post_content_style":"","_kad_post_vertical_padding":"","_kad_post_feature":"","_kad_post_feature_position":"","_kad_post_header":false,"_kad_post_footer":false,"_kad_post_classname":""},"product_brand":[],"product_cat":[14957],"product_tag":[],"class_list":{"0":"post-114654","1":"product","2":"type-product","3":"status-publish","4":"has-post-thumbnail","6":"product_cat-kablosuz-kulaklik-kablosuz-kulaklik","8":"first","9":"instock","10":"purchasable","11":"product-type-simple","12":"entry","13":"content-bg","14":"loop-entry"},"_links":{"self":[{"href":"https:\/\/www.hediyepazar.com\/index.php?rest_route=\/wp\/v2\/product\/114654","targetHints":{"allow":["GET"]}}],"collection":[{"href":"https:\/\/www.hediyepazar.com\/index.php?rest_route=\/wp\/v2\/product"}],"about":[{"href":"https:\/\/www.hediyepazar.com\/index.php?rest_route=\/wp\/v2\/types\/product"}],"replies":[{"embeddable":true,"href":"https:\/\/www.hediyepazar.com\/index.php?rest_route=%2Fwp%2Fv2%2Fcomments&post=114654"}],"wp:featuredmedia":[{"embeddable":true,"href":"https:\/\/www.hediyepazar.com\/index.php?rest_route=\/wp\/v2\/media\/114653"}],"wp:attachment":[{"href":"https:\/\/www.hediyepazar.com\/index.php?rest_route=%2Fwp%2Fv2%2Fmedia&parent=114654"}],"wp:term":[{"taxonomy":"product_brand","embeddable":true,"href":"https:\/\/www.hediyepazar.com\/index.php?rest_route=%2Fwp%2Fv2%2Fproduct_brand&post=114654"},{"taxonomy":"product_cat","embeddable":true,"href":"https:\/\/www.hediyepazar.com\/index.php?rest_route=%2Fwp%2Fv2%2Fproduct_cat&post=114654"},{"taxonomy":"product_tag","embeddable":true,"href":"https:\/\/www.hediyepazar.com\/index.php?rest_route=%2Fwp%2Fv2%2Fproduct_tag&post=114654"}],"curies":[{"name":"wp","href":"https:\/\/api.w.org\/{rel}","templated":true}]}}