{"id":114686,"date":"2026-05-05T13:00:56","date_gmt":"2026-05-05T16:00:56","guid":{"rendered":"https:\/\/www.hediyepazar.com\/?product=renkli-isikli-bluetooth-hoparlor-tasinabilir-guclu-ses-performansi"},"modified":"2026-05-05T13:00:56","modified_gmt":"2026-05-05T16:00:56","slug":"renkli-isikli-bluetooth-hoparlor-tasinabilir-guclu-ses-performansi","status":"publish","type":"product","link":"https:\/\/www.hediyepazar.com\/?product=renkli-isikli-bluetooth-hoparlor-tasinabilir-guclu-ses-performansi","title":{"rendered":"Renkli I\u015f\u0131kl\u0131 Bluetooth Hoparl\u00f6r \u2013 Ta\u015f\u0131nabilir G\u00fc\u00e7l\u00fc Ses Performans\u0131"},"content":{"rendered":"<p>Bu hoparl\u00f6r yaln\u0131zca Bluetooth ile de\u011fil, USB ve TF kart giri\u015fiyle de \u015fark\u0131 \u00e7alabilir. CD \u00e7alara gerek kalmadan m\u00fcziklerinizi direkt cihaz \u00fczerinden dinleyebilirsiniz. FM radyo \u00f6zelli\u011fi sayesinde her an favori kanallar\u0131n\u0131z\u0131 takip edebilirsiniz. AUX giri\u015fiyle bilgisayarlara veya di\u011fer cihazlara kolayca ba\u011flan\u0131r. G\u00fcnl\u00fck kullan\u0131m, e\u011flence veya i\u015f ortamlar\u0131 i\u00e7in m\u00fckemmel bir se\u00e7imdir.<\/p>\n","protected":false},"excerpt":{"rendered":"<p>Bu hoparl\u00f6r yaln\u0131zca Bluetooth ile de\u011fil, USB ve TF kart giri\u015fiyle de \u015fark\u0131 \u00e7alabilir. CD \u00e7alara gerek kalmadan m\u00fcziklerinizi direkt cihaz \u00fczerinden dinleyebilirsiniz. FM radyo \u00f6zelli\u011fi sayesinde her an favori kanallar\u0131n\u0131z\u0131 takip edebilirsiniz. AUX giri\u015fiyle bilgisayarlara veya di\u011fer cihazlara kolayca ba\u011flan\u0131r. G\u00fcnl\u00fck kullan\u0131m, e\u011flence veya i\u015f ortamlar\u0131 i\u00e7in m\u00fckemmel bir se\u00e7imdir.<\/p>\n","protected":false},"featured_media":114685,"comment_status":"open","ping_status":"closed","template":"","meta":{"_kad_post_transparent":"","_kad_post_title":"","_kad_post_layout":"","_kad_post_sidebar_id":"","_kad_post_content_style":"","_kad_post_vertical_padding":"","_kad_post_feature":"","_kad_post_feature_position":"","_kad_post_header":false,"_kad_post_footer":false,"_kad_post_classname":""},"product_brand":[],"product_cat":[14911],"product_tag":[],"class_list":{"0":"post-114686","1":"product","2":"type-product","3":"status-publish","4":"has-post-thumbnail","6":"product_cat-kablosuz-hoparlor-kablosuz-hoparlor","8":"first","9":"instock","10":"purchasable","11":"product-type-simple","12":"entry","13":"content-bg","14":"loop-entry"},"_links":{"self":[{"href":"https:\/\/www.hediyepazar.com\/index.php?rest_route=\/wp\/v2\/product\/114686","targetHints":{"allow":["GET"]}}],"collection":[{"href":"https:\/\/www.hediyepazar.com\/index.php?rest_route=\/wp\/v2\/product"}],"about":[{"href":"https:\/\/www.hediyepazar.com\/index.php?rest_route=\/wp\/v2\/types\/product"}],"replies":[{"embeddable":true,"href":"https:\/\/www.hediyepazar.com\/index.php?rest_route=%2Fwp%2Fv2%2Fcomments&post=114686"}],"wp:featuredmedia":[{"embeddable":true,"href":"https:\/\/www.hediyepazar.com\/index.php?rest_route=\/wp\/v2\/media\/114685"}],"wp:attachment":[{"href":"https:\/\/www.hediyepazar.com\/index.php?rest_route=%2Fwp%2Fv2%2Fmedia&parent=114686"}],"wp:term":[{"taxonomy":"product_brand","embeddable":true,"href":"https:\/\/www.hediyepazar.com\/index.php?rest_route=%2Fwp%2Fv2%2Fproduct_brand&post=114686"},{"taxonomy":"product_cat","embeddable":true,"href":"https:\/\/www.hediyepazar.com\/index.php?rest_route=%2Fwp%2Fv2%2Fproduct_cat&post=114686"},{"taxonomy":"product_tag","embeddable":true,"href":"https:\/\/www.hediyepazar.com\/index.php?rest_route=%2Fwp%2Fv2%2Fproduct_tag&post=114686"}],"curies":[{"name":"wp","href":"https:\/\/api.w.org\/{rel}","templated":true}]}}