{"id":114696,"date":"2026-05-05T13:02:06","date_gmt":"2026-05-05T16:02:06","guid":{"rendered":"https:\/\/www.hediyepazar.com\/?product=bluetoothlu-isikli-selfie-cubugu-katlanabilir-130-cm"},"modified":"2026-05-05T13:02:06","modified_gmt":"2026-05-05T16:02:06","slug":"bluetoothlu-isikli-selfie-cubugu-katlanabilir-130-cm","status":"publish","type":"product","link":"https:\/\/www.hediyepazar.com\/?product=bluetoothlu-isikli-selfie-cubugu-katlanabilir-130-cm","title":{"rendered":"Bluetooth\u2019lu I\u015f\u0131kl\u0131 Selfie \u00c7ubu\u011fu \u2013 Katlanabilir 130 cm"},"content":{"rendered":"<p>Hem i\u00e7erik \u00fcreticileri hem de foto\u011fraf tutkunlar\u0131 i\u00e7in tasarlanan bu \u0131\u015f\u0131kl\u0131 selfie \u00e7ubu\u011fu, profesyonel d\u00fczeyde \u00e7ekim kalitesi sunar. 130 cm\u2019e kadar uzayabilen teleskopik yap\u0131s\u0131 sayesinde farkl\u0131 a\u00e7\u0131larda \u00e7ekim yapabilirsiniz. Bluetooth uzaktan kumandas\u0131yla kablosuz \u015fekilde foto\u011fraf \u00e7ekebilir, videolar\u0131 ba\u015flat\u0131p durdurabilirsiniz.G\u00fc\u00e7l\u00fc LED ayd\u0131nlatmas\u0131yla lo\u015f ortamlarda bile canl\u0131 g\u00f6r\u00fcnt\u00fcler elde edilir. Dayan\u0131kl\u0131 malzemeden \u00fcretilmi\u015f olup uzun \u00f6m\u00fcrl\u00fc kullan\u0131m sa\u011flar. Katlanabilir tasar\u0131m\u0131 sayesinde \u00e7antan\u0131zda rahatl\u0131kla ta\u015f\u0131n\u0131r. T\u00fcm ak\u0131ll\u0131 telefonlarla uyumlu, \u015f\u0131k, kullan\u0131\u015fl\u0131 ve ergonomik bir \u00e7ekim ekipman\u0131d\u0131r.<\/p>\n","protected":false},"excerpt":{"rendered":"<p>Hem i\u00e7erik \u00fcreticileri hem de foto\u011fraf tutkunlar\u0131 i\u00e7in tasarlanan bu \u0131\u015f\u0131kl\u0131 selfie \u00e7ubu\u011fu, profesyonel d\u00fczeyde \u00e7ekim kalitesi sunar. 130 cm\u2019e kadar uzayabilen teleskopik yap\u0131s\u0131 sayesinde farkl\u0131 a\u00e7\u0131larda \u00e7ekim yapabilirsiniz. Bluetooth uzaktan kumandas\u0131yla kablosuz \u015fekilde foto\u011fraf \u00e7ekebilir, videolar\u0131 ba\u015flat\u0131p durdurabilirsiniz.G\u00fc\u00e7l\u00fc LED ayd\u0131nlatmas\u0131yla lo\u015f ortamlarda bile canl\u0131 g\u00f6r\u00fcnt\u00fcler elde edilir. Dayan\u0131kl\u0131 malzemeden \u00fcretilmi\u015f olup uzun \u00f6m\u00fcrl\u00fc kullan\u0131m&#8230;<\/p>\n","protected":false},"featured_media":114695,"comment_status":"open","ping_status":"closed","template":"","meta":{"_kad_post_transparent":"","_kad_post_title":"","_kad_post_layout":"","_kad_post_sidebar_id":"","_kad_post_content_style":"","_kad_post_vertical_padding":"","_kad_post_feature":"","_kad_post_feature_position":"","_kad_post_header":false,"_kad_post_footer":false,"_kad_post_classname":""},"product_brand":[],"product_cat":[15008],"product_tag":[],"class_list":{"0":"post-114696","1":"product","2":"type-product","3":"status-publish","4":"has-post-thumbnail","6":"product_cat-selfie-cubugu-selfie-cubugu-2","8":"first","9":"instock","10":"purchasable","11":"product-type-simple","12":"entry","13":"content-bg","14":"loop-entry"},"_links":{"self":[{"href":"https:\/\/www.hediyepazar.com\/index.php?rest_route=\/wp\/v2\/product\/114696","targetHints":{"allow":["GET"]}}],"collection":[{"href":"https:\/\/www.hediyepazar.com\/index.php?rest_route=\/wp\/v2\/product"}],"about":[{"href":"https:\/\/www.hediyepazar.com\/index.php?rest_route=\/wp\/v2\/types\/product"}],"replies":[{"embeddable":true,"href":"https:\/\/www.hediyepazar.com\/index.php?rest_route=%2Fwp%2Fv2%2Fcomments&post=114696"}],"wp:featuredmedia":[{"embeddable":true,"href":"https:\/\/www.hediyepazar.com\/index.php?rest_route=\/wp\/v2\/media\/114695"}],"wp:attachment":[{"href":"https:\/\/www.hediyepazar.com\/index.php?rest_route=%2Fwp%2Fv2%2Fmedia&parent=114696"}],"wp:term":[{"taxonomy":"product_brand","embeddable":true,"href":"https:\/\/www.hediyepazar.com\/index.php?rest_route=%2Fwp%2Fv2%2Fproduct_brand&post=114696"},{"taxonomy":"product_cat","embeddable":true,"href":"https:\/\/www.hediyepazar.com\/index.php?rest_route=%2Fwp%2Fv2%2Fproduct_cat&post=114696"},{"taxonomy":"product_tag","embeddable":true,"href":"https:\/\/www.hediyepazar.com\/index.php?rest_route=%2Fwp%2Fv2%2Fproduct_tag&post=114696"}],"curies":[{"name":"wp","href":"https:\/\/api.w.org\/{rel}","templated":true}]}}