{"id":114698,"date":"2026-05-05T13:02:15","date_gmt":"2026-05-05T16:02:15","guid":{"rendered":"https:\/\/www.hediyepazar.com\/?product=bluetooth-selfie-cubugu-uzaktan-kumandali"},"modified":"2026-05-05T13:02:15","modified_gmt":"2026-05-05T16:02:15","slug":"bluetooth-selfie-cubugu-uzaktan-kumandali","status":"publish","type":"product","link":"https:\/\/www.hediyepazar.com\/?product=bluetooth-selfie-cubugu-uzaktan-kumandali","title":{"rendered":"Bluetooth Selfie \u00c7ubu\u011fu \u2013 Uzaktan Kumandal\u0131"},"content":{"rendered":"<p>Profesyonel \u00e7ekim kalitesini her ortamda yakalay\u0131n! Bu Bluetooth\u2019lu \u0131\u015f\u0131kl\u0131 selfie \u00e7ubu\u011fu, uzaktan kumanda \u00f6zelli\u011fi sayesinde \u00e7ekimlerinizi eliniz de\u011fmeden yapman\u0131z\u0131 sa\u011flar. 130 cm\u2019e kadar uzayabilen ayarlanabilir yap\u0131s\u0131 ile farkl\u0131 a\u00e7\u0131lardan foto\u011fraf ve video \u00e7ekebilirsiniz.LED \u0131\u015f\u0131\u011f\u0131, d\u00fc\u015f\u00fck \u0131\u015f\u0131kl\u0131 ortamlarda bile net ve ayd\u0131nl\u0131k kareler elde etmenize yard\u0131mc\u0131 olur. Sa\u011flam ayak yap\u0131s\u0131 sayesinde dengede kal\u0131r, sars\u0131nt\u0131s\u0131z g\u00f6r\u00fcnt\u00fcler olu\u015fturur. T\u00fcm ak\u0131ll\u0131 telefonlarla ve iOS cihazlarla uyumlu olup, yatay ve dikey kullan\u0131m deste\u011fi sunar. Hafif ve katlanabilir tasar\u0131m\u0131yla kolay ta\u015f\u0131n\u0131r, \u00e7antan\u0131zda her yere s\u0131\u011far. YouTube, TikTok veya Instagram i\u00e7in i\u00e7erik \u00e7ekerken ideal bir yard\u0131mc\u0131d\u0131r.<\/p>\n","protected":false},"excerpt":{"rendered":"<p>Profesyonel \u00e7ekim kalitesini her ortamda yakalay\u0131n! Bu Bluetooth\u2019lu \u0131\u015f\u0131kl\u0131 selfie \u00e7ubu\u011fu, uzaktan kumanda \u00f6zelli\u011fi sayesinde \u00e7ekimlerinizi eliniz de\u011fmeden yapman\u0131z\u0131 sa\u011flar. 130 cm\u2019e kadar uzayabilen ayarlanabilir yap\u0131s\u0131 ile farkl\u0131 a\u00e7\u0131lardan foto\u011fraf ve video \u00e7ekebilirsiniz.LED \u0131\u015f\u0131\u011f\u0131, d\u00fc\u015f\u00fck \u0131\u015f\u0131kl\u0131 ortamlarda bile net ve ayd\u0131nl\u0131k kareler elde etmenize yard\u0131mc\u0131 olur. Sa\u011flam ayak yap\u0131s\u0131 sayesinde dengede kal\u0131r, sars\u0131nt\u0131s\u0131z g\u00f6r\u00fcnt\u00fcler olu\u015fturur&#8230;.<\/p>\n","protected":false},"featured_media":114697,"comment_status":"open","ping_status":"closed","template":"","meta":{"_kad_post_transparent":"","_kad_post_title":"","_kad_post_layout":"","_kad_post_sidebar_id":"","_kad_post_content_style":"","_kad_post_vertical_padding":"","_kad_post_feature":"","_kad_post_feature_position":"","_kad_post_header":false,"_kad_post_footer":false,"_kad_post_classname":""},"product_brand":[],"product_cat":[15008],"product_tag":[],"class_list":{"0":"post-114698","1":"product","2":"type-product","3":"status-publish","4":"has-post-thumbnail","6":"product_cat-selfie-cubugu-selfie-cubugu-2","8":"first","9":"instock","10":"purchasable","11":"product-type-simple","12":"entry","13":"content-bg","14":"loop-entry"},"_links":{"self":[{"href":"https:\/\/www.hediyepazar.com\/index.php?rest_route=\/wp\/v2\/product\/114698","targetHints":{"allow":["GET"]}}],"collection":[{"href":"https:\/\/www.hediyepazar.com\/index.php?rest_route=\/wp\/v2\/product"}],"about":[{"href":"https:\/\/www.hediyepazar.com\/index.php?rest_route=\/wp\/v2\/types\/product"}],"replies":[{"embeddable":true,"href":"https:\/\/www.hediyepazar.com\/index.php?rest_route=%2Fwp%2Fv2%2Fcomments&post=114698"}],"wp:featuredmedia":[{"embeddable":true,"href":"https:\/\/www.hediyepazar.com\/index.php?rest_route=\/wp\/v2\/media\/114697"}],"wp:attachment":[{"href":"https:\/\/www.hediyepazar.com\/index.php?rest_route=%2Fwp%2Fv2%2Fmedia&parent=114698"}],"wp:term":[{"taxonomy":"product_brand","embeddable":true,"href":"https:\/\/www.hediyepazar.com\/index.php?rest_route=%2Fwp%2Fv2%2Fproduct_brand&post=114698"},{"taxonomy":"product_cat","embeddable":true,"href":"https:\/\/www.hediyepazar.com\/index.php?rest_route=%2Fwp%2Fv2%2Fproduct_cat&post=114698"},{"taxonomy":"product_tag","embeddable":true,"href":"https:\/\/www.hediyepazar.com\/index.php?rest_route=%2Fwp%2Fv2%2Fproduct_tag&post=114698"}],"curies":[{"name":"wp","href":"https:\/\/api.w.org\/{rel}","templated":true}]}}