{"id":114704,"date":"2026-05-05T13:02:51","date_gmt":"2026-05-05T16:02:51","guid":{"rendered":"https:\/\/www.hediyepazar.com\/?product=kablosuz-klavye-ve-mouse-seti-sessiz-tus-retro-tasarim"},"modified":"2026-05-05T13:02:51","modified_gmt":"2026-05-05T16:02:51","slug":"kablosuz-klavye-ve-mouse-seti-sessiz-tus-retro-tasarim","status":"publish","type":"product","link":"https:\/\/www.hediyepazar.com\/?product=kablosuz-klavye-ve-mouse-seti-sessiz-tus-retro-tasarim","title":{"rendered":"Kablosuz Klavye ve Mouse Seti \u2013 Sessiz Tu\u015f Retro Tasar\u0131m"},"content":{"rendered":"<p>Sessizlik, konfor ve estetik bir arada! Bu kablosuz klavye ve mouse seti, 104 tu\u015flu tam boy klavyesiyle daktilo tarz\u0131 bir tasar\u0131m\u0131 modern i\u015flevsellikle birle\u015ftiriyor. Y\u00fcksek tu\u015f yap\u0131s\u0131 mekanik bir his verirken, sessiz tu\u015f bas\u0131\u015flar\u0131yla rahat bir yaz\u0131m ortam\u0131 sa\u011flar. FN kombinasyonlu tu\u015flar sayesinde m\u00fczik, video ve ses kontrol\u00fc h\u0131zl\u0131 \u015fekilde yap\u0131labilir.5 tu\u015flu ergonomik mouse, uzun s\u00fcreli kullan\u0131mlarda bilek konforu sunar ve y\u00fcksek hassasiyetli sens\u00f6r\u00fcyle kesintisiz bir deneyim ya\u015fat\u0131r. Tek USB al\u0131c\u0131s\u0131 hem klavyeyi hem fareyi ayn\u0131 anda ba\u011flar. Klavye kapa\u011f\u0131 \u00e7\u0131kar\u0131labilir ve toz ge\u00e7irmez yap\u0131s\u0131yla temizli\u011fi kolayd\u0131r. Ayarlanabilir braket, ideal yaz\u0131 a\u00e7\u0131s\u0131n\u0131 sa\u011flar. XP, Win7, Win8 ve Win10 ile tam uyumludur.<\/p>\n","protected":false},"excerpt":{"rendered":"<p>Sessizlik, konfor ve estetik bir arada! Bu kablosuz klavye ve mouse seti, 104 tu\u015flu tam boy klavyesiyle daktilo tarz\u0131 bir tasar\u0131m\u0131 modern i\u015flevsellikle birle\u015ftiriyor. Y\u00fcksek tu\u015f yap\u0131s\u0131 mekanik bir his verirken, sessiz tu\u015f bas\u0131\u015flar\u0131yla rahat bir yaz\u0131m ortam\u0131 sa\u011flar. FN kombinasyonlu tu\u015flar sayesinde m\u00fczik, video ve ses kontrol\u00fc h\u0131zl\u0131 \u015fekilde yap\u0131labilir.5 tu\u015flu ergonomik mouse, uzun&#8230;<\/p>\n","protected":false},"featured_media":114703,"comment_status":"open","ping_status":"closed","template":"","meta":{"_kad_post_transparent":"","_kad_post_title":"","_kad_post_layout":"","_kad_post_sidebar_id":"","_kad_post_content_style":"","_kad_post_vertical_padding":"","_kad_post_feature":"","_kad_post_feature_position":"","_kad_post_header":false,"_kad_post_footer":false,"_kad_post_classname":""},"product_brand":[],"product_cat":[14913],"product_tag":[],"class_list":{"0":"post-114704","1":"product","2":"type-product","3":"status-publish","4":"has-post-thumbnail","6":"product_cat-klavye-klavye-2","8":"first","9":"instock","10":"purchasable","11":"product-type-simple","12":"entry","13":"content-bg","14":"loop-entry"},"_links":{"self":[{"href":"https:\/\/www.hediyepazar.com\/index.php?rest_route=\/wp\/v2\/product\/114704","targetHints":{"allow":["GET"]}}],"collection":[{"href":"https:\/\/www.hediyepazar.com\/index.php?rest_route=\/wp\/v2\/product"}],"about":[{"href":"https:\/\/www.hediyepazar.com\/index.php?rest_route=\/wp\/v2\/types\/product"}],"replies":[{"embeddable":true,"href":"https:\/\/www.hediyepazar.com\/index.php?rest_route=%2Fwp%2Fv2%2Fcomments&post=114704"}],"wp:featuredmedia":[{"embeddable":true,"href":"https:\/\/www.hediyepazar.com\/index.php?rest_route=\/wp\/v2\/media\/114703"}],"wp:attachment":[{"href":"https:\/\/www.hediyepazar.com\/index.php?rest_route=%2Fwp%2Fv2%2Fmedia&parent=114704"}],"wp:term":[{"taxonomy":"product_brand","embeddable":true,"href":"https:\/\/www.hediyepazar.com\/index.php?rest_route=%2Fwp%2Fv2%2Fproduct_brand&post=114704"},{"taxonomy":"product_cat","embeddable":true,"href":"https:\/\/www.hediyepazar.com\/index.php?rest_route=%2Fwp%2Fv2%2Fproduct_cat&post=114704"},{"taxonomy":"product_tag","embeddable":true,"href":"https:\/\/www.hediyepazar.com\/index.php?rest_route=%2Fwp%2Fv2%2Fproduct_tag&post=114704"}],"curies":[{"name":"wp","href":"https:\/\/api.w.org\/{rel}","templated":true}]}}