{"id":114716,"date":"2026-05-05T13:04:11","date_gmt":"2026-05-05T16:04:11","guid":{"rendered":"https:\/\/www.hediyepazar.com\/?product=sarjli-tiras-makinesi-dijital-ekranli-hizli-sarjli-profesyonel-kesim-seti"},"modified":"2026-05-05T13:04:11","modified_gmt":"2026-05-05T16:04:11","slug":"sarjli-tiras-makinesi-dijital-ekranli-hizli-sarjli-profesyonel-kesim-seti","status":"publish","type":"product","link":"https:\/\/www.hediyepazar.com\/?product=sarjli-tiras-makinesi-dijital-ekranli-hizli-sarjli-profesyonel-kesim-seti","title":{"rendered":"\u015earjl\u0131 T\u0131ra\u015f Makinesi \u2013Dijital Ekranl\u0131 H\u0131zl\u0131 \u015earjl\u0131 Profesyonel Kesim Seti"},"content":{"rendered":"<p>VGR V-286 \u015earjl\u0131 T\u0131ra\u015f Makinesi, dayan\u0131kl\u0131 ABS g\u00f6vdesi ve \u015f\u0131k tasar\u0131m\u0131yla dikkat \u00e7eker. Ergonomik yap\u0131s\u0131 elinize tam oturur ve uzun s\u00fcreli kullan\u0131mlarda bile rahatl\u0131k sa\u011flar.Dijital g\u00f6stergesi, batarya seviyesini ve \u00e7al\u0131\u015fma modunu net bir \u015fekilde g\u00f6sterir. D\u00fc\u015f\u00fck sesli motor teknolojisiyle gece kullan\u0131mlar\u0131nda bile sessiz bir deneyim sunar.Tam y\u0131kanabilir, kolay temizlenebilir yap\u0131s\u0131 hijyenik kullan\u0131m sa\u011flar. G\u00fc\u00e7l\u00fc pil \u00f6mr\u00fc, keskin b\u0131\u00e7aklar\u0131 ve cilt dostu tasar\u0131m\u0131yla VGR V-286, erkek bak\u0131m\u0131nda fark yaratan bir teknolojidir.<\/p>\n","protected":false},"excerpt":{"rendered":"<p>VGR V-286 \u015earjl\u0131 T\u0131ra\u015f Makinesi, dayan\u0131kl\u0131 ABS g\u00f6vdesi ve \u015f\u0131k tasar\u0131m\u0131yla dikkat \u00e7eker. Ergonomik yap\u0131s\u0131 elinize tam oturur ve uzun s\u00fcreli kullan\u0131mlarda bile rahatl\u0131k sa\u011flar.Dijital g\u00f6stergesi, batarya seviyesini ve \u00e7al\u0131\u015fma modunu net bir \u015fekilde g\u00f6sterir. D\u00fc\u015f\u00fck sesli motor teknolojisiyle gece kullan\u0131mlar\u0131nda bile sessiz bir deneyim sunar.Tam y\u0131kanabilir, kolay temizlenebilir yap\u0131s\u0131 hijyenik kullan\u0131m sa\u011flar. G\u00fc\u00e7l\u00fc pil&#8230;<\/p>\n","protected":false},"featured_media":114715,"comment_status":"open","ping_status":"closed","template":"","meta":{"_kad_post_transparent":"","_kad_post_title":"","_kad_post_layout":"","_kad_post_sidebar_id":"","_kad_post_content_style":"","_kad_post_vertical_padding":"","_kad_post_feature":"","_kad_post_feature_position":"","_kad_post_header":false,"_kad_post_footer":false,"_kad_post_classname":""},"product_brand":[],"product_cat":[14925],"product_tag":[],"class_list":{"0":"post-114716","1":"product","2":"type-product","3":"status-publish","4":"has-post-thumbnail","6":"product_cat-tiras-makinesi-tiras-makinesi","8":"first","9":"instock","10":"purchasable","11":"product-type-simple","12":"entry","13":"content-bg","14":"loop-entry"},"_links":{"self":[{"href":"https:\/\/www.hediyepazar.com\/index.php?rest_route=\/wp\/v2\/product\/114716","targetHints":{"allow":["GET"]}}],"collection":[{"href":"https:\/\/www.hediyepazar.com\/index.php?rest_route=\/wp\/v2\/product"}],"about":[{"href":"https:\/\/www.hediyepazar.com\/index.php?rest_route=\/wp\/v2\/types\/product"}],"replies":[{"embeddable":true,"href":"https:\/\/www.hediyepazar.com\/index.php?rest_route=%2Fwp%2Fv2%2Fcomments&post=114716"}],"wp:featuredmedia":[{"embeddable":true,"href":"https:\/\/www.hediyepazar.com\/index.php?rest_route=\/wp\/v2\/media\/114715"}],"wp:attachment":[{"href":"https:\/\/www.hediyepazar.com\/index.php?rest_route=%2Fwp%2Fv2%2Fmedia&parent=114716"}],"wp:term":[{"taxonomy":"product_brand","embeddable":true,"href":"https:\/\/www.hediyepazar.com\/index.php?rest_route=%2Fwp%2Fv2%2Fproduct_brand&post=114716"},{"taxonomy":"product_cat","embeddable":true,"href":"https:\/\/www.hediyepazar.com\/index.php?rest_route=%2Fwp%2Fv2%2Fproduct_cat&post=114716"},{"taxonomy":"product_tag","embeddable":true,"href":"https:\/\/www.hediyepazar.com\/index.php?rest_route=%2Fwp%2Fv2%2Fproduct_tag&post=114716"}],"curies":[{"name":"wp","href":"https:\/\/api.w.org\/{rel}","templated":true}]}}