{"id":114718,"date":"2026-05-05T13:04:26","date_gmt":"2026-05-05T16:04:26","guid":{"rendered":"https:\/\/www.hediyepazar.com\/?product=suya-dayanikli-tiras-makinesi-hassas-paslanmaz-celik-ve-titanyum-bicak"},"modified":"2026-05-05T13:04:26","modified_gmt":"2026-05-05T16:04:26","slug":"suya-dayanikli-tiras-makinesi-hassas-paslanmaz-celik-ve-titanyum-bicak","status":"publish","type":"product","link":"https:\/\/www.hediyepazar.com\/?product=suya-dayanikli-tiras-makinesi-hassas-paslanmaz-celik-ve-titanyum-bicak","title":{"rendered":"Suya Dayan\u0131kl\u0131 T\u0131ra\u015f Makinesi \u2013 Hassas Paslanmaz \u00c7elik ve Titanyum B\u0131\u00e7ak"},"content":{"rendered":"<p>Modern erkeklerin ihtiya\u00e7lar\u0131na g\u00f6re tasarlanan VGR V-286, 1500 mAh lityum bataryas\u0131 sayesinde 2.5 saatte tam \u015farj olur ve 180 dakika boyunca kullan\u0131labilir. Seyahatlerde, evde ya da kuaf\u00f6r ortam\u0131nda fark etmeden g\u00fc\u00e7l\u00fc performans sa\u011flar.4 farkl\u0131 k\u0131lavuz tara\u011f\u0131 ile farkl\u0131 sa\u00e7 uzunluklar\u0131nda kesim yapmak art\u0131k \u00e7ok kolay. Seramik kesici ba\u015fl\u0131k, tahri\u015fi \u00f6nlerken p\u00fcr\u00fczs\u00fcz bir sonu\u00e7 verir. Hafif ve ergonomik yap\u0131s\u0131, uzun s\u00fcreli kullan\u0131mlarda bile rahat tutu\u015f sa\u011flar.<\/p>\n","protected":false},"excerpt":{"rendered":"<p>Modern erkeklerin ihtiya\u00e7lar\u0131na g\u00f6re tasarlanan VGR V-286, 1500 mAh lityum bataryas\u0131 sayesinde 2.5 saatte tam \u015farj olur ve 180 dakika boyunca kullan\u0131labilir. Seyahatlerde, evde ya da kuaf\u00f6r ortam\u0131nda fark etmeden g\u00fc\u00e7l\u00fc performans sa\u011flar.4 farkl\u0131 k\u0131lavuz tara\u011f\u0131 ile farkl\u0131 sa\u00e7 uzunluklar\u0131nda kesim yapmak art\u0131k \u00e7ok kolay. Seramik kesici ba\u015fl\u0131k, tahri\u015fi \u00f6nlerken p\u00fcr\u00fczs\u00fcz bir sonu\u00e7 verir. Hafif&#8230;<\/p>\n","protected":false},"featured_media":114717,"comment_status":"open","ping_status":"closed","template":"","meta":{"_kad_post_transparent":"","_kad_post_title":"","_kad_post_layout":"","_kad_post_sidebar_id":"","_kad_post_content_style":"","_kad_post_vertical_padding":"","_kad_post_feature":"","_kad_post_feature_position":"","_kad_post_header":false,"_kad_post_footer":false,"_kad_post_classname":""},"product_brand":[],"product_cat":[14925],"product_tag":[],"class_list":{"0":"post-114718","1":"product","2":"type-product","3":"status-publish","4":"has-post-thumbnail","6":"product_cat-tiras-makinesi-tiras-makinesi","8":"first","9":"instock","10":"purchasable","11":"product-type-simple","12":"entry","13":"content-bg","14":"loop-entry"},"_links":{"self":[{"href":"https:\/\/www.hediyepazar.com\/index.php?rest_route=\/wp\/v2\/product\/114718","targetHints":{"allow":["GET"]}}],"collection":[{"href":"https:\/\/www.hediyepazar.com\/index.php?rest_route=\/wp\/v2\/product"}],"about":[{"href":"https:\/\/www.hediyepazar.com\/index.php?rest_route=\/wp\/v2\/types\/product"}],"replies":[{"embeddable":true,"href":"https:\/\/www.hediyepazar.com\/index.php?rest_route=%2Fwp%2Fv2%2Fcomments&post=114718"}],"wp:featuredmedia":[{"embeddable":true,"href":"https:\/\/www.hediyepazar.com\/index.php?rest_route=\/wp\/v2\/media\/114717"}],"wp:attachment":[{"href":"https:\/\/www.hediyepazar.com\/index.php?rest_route=%2Fwp%2Fv2%2Fmedia&parent=114718"}],"wp:term":[{"taxonomy":"product_brand","embeddable":true,"href":"https:\/\/www.hediyepazar.com\/index.php?rest_route=%2Fwp%2Fv2%2Fproduct_brand&post=114718"},{"taxonomy":"product_cat","embeddable":true,"href":"https:\/\/www.hediyepazar.com\/index.php?rest_route=%2Fwp%2Fv2%2Fproduct_cat&post=114718"},{"taxonomy":"product_tag","embeddable":true,"href":"https:\/\/www.hediyepazar.com\/index.php?rest_route=%2Fwp%2Fv2%2Fproduct_tag&post=114718"}],"curies":[{"name":"wp","href":"https:\/\/api.w.org\/{rel}","templated":true}]}}