{"id":114722,"date":"2026-05-05T13:04:47","date_gmt":"2026-05-05T16:04:47","guid":{"rendered":"https:\/\/www.hediyepazar.com\/?product=erkek-sac-ve-sakal-kesme-makinesi-su-gecirmez-sessiz-motorlu"},"modified":"2026-05-05T13:04:47","modified_gmt":"2026-05-05T16:04:47","slug":"erkek-sac-ve-sakal-kesme-makinesi-su-gecirmez-sessiz-motorlu","status":"publish","type":"product","link":"https:\/\/www.hediyepazar.com\/?product=erkek-sac-ve-sakal-kesme-makinesi-su-gecirmez-sessiz-motorlu","title":{"rendered":"Erkek Sa\u00e7 ve Sakal Kesme Makinesi \u2013 Su Ge\u00e7irmez Sessiz Motorlu"},"content":{"rendered":"<p>VGR V-286 \u015earjl\u0131 T\u0131ra\u015f Makinesi, profesyonel kuaf\u00f6r kalitesini evinize ta\u015f\u0131r. Titanyum kaplamal\u0131 paslanmaz \u00e7elik b\u0131\u00e7aklar\u0131, cilde zarar vermeden h\u0131zl\u0131 ve p\u00fcr\u00fczs\u00fcz bir kesim sunar. IPX7 su ge\u00e7irmez tasar\u0131m\u0131 sayesinde tam y\u0131kanabilir, her kullan\u0131mdan sonra kolayca temizlenebilir.1500 mAh g\u00fc\u00e7l\u00fc lityum bataryas\u0131yla 180 dakikaya kadar kesintisiz kullan\u0131m sa\u011flar. Dijital ekran\u0131 sayesinde pil durumunu ve h\u0131z ayar\u0131n\u0131 kolayca takip edebilirsiniz. D\u00fc\u015f\u00fck g\u00fcr\u00fclt\u00fc seviyesi, sessiz ve rahat bir t\u0131ra\u015f deneyimi sunar. Ergonomik tasar\u0131m\u0131 elinize m\u00fckemmel oturur, uzun s\u00fcreli kullan\u0131mda bile konfor sa\u011flar.<\/p>\n","protected":false},"excerpt":{"rendered":"<p>VGR V-286 \u015earjl\u0131 T\u0131ra\u015f Makinesi, profesyonel kuaf\u00f6r kalitesini evinize ta\u015f\u0131r. Titanyum kaplamal\u0131 paslanmaz \u00e7elik b\u0131\u00e7aklar\u0131, cilde zarar vermeden h\u0131zl\u0131 ve p\u00fcr\u00fczs\u00fcz bir kesim sunar. IPX7 su ge\u00e7irmez tasar\u0131m\u0131 sayesinde tam y\u0131kanabilir, her kullan\u0131mdan sonra kolayca temizlenebilir.1500 mAh g\u00fc\u00e7l\u00fc lityum bataryas\u0131yla 180 dakikaya kadar kesintisiz kullan\u0131m sa\u011flar. Dijital ekran\u0131 sayesinde pil durumunu ve h\u0131z ayar\u0131n\u0131 kolayca&#8230;<\/p>\n","protected":false},"featured_media":114721,"comment_status":"open","ping_status":"closed","template":"","meta":{"_kad_post_transparent":"","_kad_post_title":"","_kad_post_layout":"","_kad_post_sidebar_id":"","_kad_post_content_style":"","_kad_post_vertical_padding":"","_kad_post_feature":"","_kad_post_feature_position":"","_kad_post_header":false,"_kad_post_footer":false,"_kad_post_classname":""},"product_brand":[],"product_cat":[14925],"product_tag":[],"class_list":{"0":"post-114722","1":"product","2":"type-product","3":"status-publish","4":"has-post-thumbnail","6":"product_cat-tiras-makinesi-tiras-makinesi","8":"first","9":"instock","10":"purchasable","11":"product-type-simple","12":"entry","13":"content-bg","14":"loop-entry"},"_links":{"self":[{"href":"https:\/\/www.hediyepazar.com\/index.php?rest_route=\/wp\/v2\/product\/114722","targetHints":{"allow":["GET"]}}],"collection":[{"href":"https:\/\/www.hediyepazar.com\/index.php?rest_route=\/wp\/v2\/product"}],"about":[{"href":"https:\/\/www.hediyepazar.com\/index.php?rest_route=\/wp\/v2\/types\/product"}],"replies":[{"embeddable":true,"href":"https:\/\/www.hediyepazar.com\/index.php?rest_route=%2Fwp%2Fv2%2Fcomments&post=114722"}],"wp:featuredmedia":[{"embeddable":true,"href":"https:\/\/www.hediyepazar.com\/index.php?rest_route=\/wp\/v2\/media\/114721"}],"wp:attachment":[{"href":"https:\/\/www.hediyepazar.com\/index.php?rest_route=%2Fwp%2Fv2%2Fmedia&parent=114722"}],"wp:term":[{"taxonomy":"product_brand","embeddable":true,"href":"https:\/\/www.hediyepazar.com\/index.php?rest_route=%2Fwp%2Fv2%2Fproduct_brand&post=114722"},{"taxonomy":"product_cat","embeddable":true,"href":"https:\/\/www.hediyepazar.com\/index.php?rest_route=%2Fwp%2Fv2%2Fproduct_cat&post=114722"},{"taxonomy":"product_tag","embeddable":true,"href":"https:\/\/www.hediyepazar.com\/index.php?rest_route=%2Fwp%2Fv2%2Fproduct_tag&post=114722"}],"curies":[{"name":"wp","href":"https:\/\/api.w.org\/{rel}","templated":true}]}}