{"id":114724,"date":"2026-05-05T13:04:54","date_gmt":"2026-05-05T16:04:54","guid":{"rendered":"https:\/\/www.hediyepazar.com\/?product=sarjli-tiras-makinesi-dijital-ekranli-ipx7-su-gecirmez-titanyum-bicakli"},"modified":"2026-05-05T13:04:54","modified_gmt":"2026-05-05T16:04:54","slug":"sarjli-tiras-makinesi-dijital-ekranli-ipx7-su-gecirmez-titanyum-bicakli","status":"publish","type":"product","link":"https:\/\/www.hediyepazar.com\/?product=sarjli-tiras-makinesi-dijital-ekranli-ipx7-su-gecirmez-titanyum-bicakli","title":{"rendered":"\u015earjl\u0131 T\u0131ra\u015f Makinesi \u2013 Dijital Ekranl\u0131 IPX7 Su Ge\u00e7irmez Titanyum B\u0131\u00e7akl\u0131"},"content":{"rendered":"<p>VGR V-286 \u015earjl\u0131 T\u0131ra\u015f Makinesi, y\u00fcksek performans ve profesyonel t\u0131ra\u015f deneyimini bir araya getirir. IPX7 su ge\u00e7irmez sertifikas\u0131yla tam y\u0131kanabilir yap\u0131ya sahip olan bu model, hijyenik temizlik ve uzun \u00f6m\u00fcrl\u00fc kullan\u0131m sunar.Titanyum kaplamal\u0131 paslanmaz \u00e7elik b\u0131\u00e7aklar\u0131, keskinli\u011fini uzun s\u00fcre korurken cilde zarar vermeden p\u00fcr\u00fczs\u00fcz bir t\u0131ra\u015f sa\u011flar. 2 kademeli h\u0131z kontrol\u00fc ve g\u00fc\u00e7l\u00fc motoru sayesinde hem sa\u00e7 hem sakal kesiminde \u00fcst\u00fcn performans elde edilir.1500 mAh lityum pil, 2,5 saatte tam \u015farj olup 180 dakikaya kadar kesintisiz kullan\u0131m sa\u011flar. Dijital ekran, pil seviyesini ve h\u0131z ayar\u0131n\u0131 kolayca takip etmenize imk\u00e2n tan\u0131r.Kullan\u0131m kolayl\u0131\u011f\u0131 sa\u011flayan 4 farkl\u0131 tarak (4-6 mm, 7-9 mm, 10-12 mm, 16-18 mm), kesim uzunlu\u011funu ki\u015fisel tercihinize g\u00f6re ayarlaman\u0131za yard\u0131mc\u0131 olur.Ergonomik tasar\u0131m\u0131, sessiz \u00e7al\u0131\u015fma sistemi ve kendili\u011finden bilenen b\u0131\u00e7aklar\u0131 ile VGR V-286; konfor, h\u0131z ve hassasiyet isteyenler i\u00e7in ideal bir se\u00e7imdir.Profesyonel kuaf\u00f6r kalitesini evinize ta\u015f\u0131yan bu t\u0131ra\u015f makinesi, her t\u0131ra\u015fta m\u00fckemmel sonu\u00e7lar sunar.<\/p>\n","protected":false},"excerpt":{"rendered":"<p>VGR V-286 \u015earjl\u0131 T\u0131ra\u015f Makinesi, y\u00fcksek performans ve profesyonel t\u0131ra\u015f deneyimini bir araya getirir. IPX7 su ge\u00e7irmez sertifikas\u0131yla tam y\u0131kanabilir yap\u0131ya sahip olan bu model, hijyenik temizlik ve uzun \u00f6m\u00fcrl\u00fc kullan\u0131m sunar.Titanyum kaplamal\u0131 paslanmaz \u00e7elik b\u0131\u00e7aklar\u0131, keskinli\u011fini uzun s\u00fcre korurken cilde zarar vermeden p\u00fcr\u00fczs\u00fcz bir t\u0131ra\u015f sa\u011flar. 2 kademeli h\u0131z kontrol\u00fc ve g\u00fc\u00e7l\u00fc motoru sayesinde&#8230;<\/p>\n","protected":false},"featured_media":114723,"comment_status":"open","ping_status":"closed","template":"","meta":{"_kad_post_transparent":"","_kad_post_title":"","_kad_post_layout":"","_kad_post_sidebar_id":"","_kad_post_content_style":"","_kad_post_vertical_padding":"","_kad_post_feature":"","_kad_post_feature_position":"","_kad_post_header":false,"_kad_post_footer":false,"_kad_post_classname":""},"product_brand":[],"product_cat":[14925],"product_tag":[],"class_list":{"0":"post-114724","1":"product","2":"type-product","3":"status-publish","4":"has-post-thumbnail","6":"product_cat-tiras-makinesi-tiras-makinesi","8":"first","9":"instock","10":"purchasable","11":"product-type-simple","12":"entry","13":"content-bg","14":"loop-entry"},"_links":{"self":[{"href":"https:\/\/www.hediyepazar.com\/index.php?rest_route=\/wp\/v2\/product\/114724","targetHints":{"allow":["GET"]}}],"collection":[{"href":"https:\/\/www.hediyepazar.com\/index.php?rest_route=\/wp\/v2\/product"}],"about":[{"href":"https:\/\/www.hediyepazar.com\/index.php?rest_route=\/wp\/v2\/types\/product"}],"replies":[{"embeddable":true,"href":"https:\/\/www.hediyepazar.com\/index.php?rest_route=%2Fwp%2Fv2%2Fcomments&post=114724"}],"wp:featuredmedia":[{"embeddable":true,"href":"https:\/\/www.hediyepazar.com\/index.php?rest_route=\/wp\/v2\/media\/114723"}],"wp:attachment":[{"href":"https:\/\/www.hediyepazar.com\/index.php?rest_route=%2Fwp%2Fv2%2Fmedia&parent=114724"}],"wp:term":[{"taxonomy":"product_brand","embeddable":true,"href":"https:\/\/www.hediyepazar.com\/index.php?rest_route=%2Fwp%2Fv2%2Fproduct_brand&post=114724"},{"taxonomy":"product_cat","embeddable":true,"href":"https:\/\/www.hediyepazar.com\/index.php?rest_route=%2Fwp%2Fv2%2Fproduct_cat&post=114724"},{"taxonomy":"product_tag","embeddable":true,"href":"https:\/\/www.hediyepazar.com\/index.php?rest_route=%2Fwp%2Fv2%2Fproduct_tag&post=114724"}],"curies":[{"name":"wp","href":"https:\/\/api.w.org\/{rel}","templated":true}]}}