{"id":114726,"date":"2026-05-05T13:05:06","date_gmt":"2026-05-05T16:05:06","guid":{"rendered":"https:\/\/www.hediyepazar.com\/?product=kablosuz-retro-klavye-ve-mouse-seti-104-tuslu-sevimli-tasarim"},"modified":"2026-05-05T13:05:06","modified_gmt":"2026-05-05T16:05:06","slug":"kablosuz-retro-klavye-ve-mouse-seti-104-tuslu-sevimli-tasarim","status":"publish","type":"product","link":"https:\/\/www.hediyepazar.com\/?product=kablosuz-retro-klavye-ve-mouse-seti-104-tuslu-sevimli-tasarim","title":{"rendered":"Kablosuz Retro Klavye ve Mouse Seti \u2013 104 Tu\u015flu Sevimli Tasar\u0131m"},"content":{"rendered":"<p>Ofis veya evde \u00e7al\u0131\u015fma keyfinizi art\u0131racak kablosuz retro klavye ve mouse seti, hem estetik hem de konforu bir araya getiriyor. 104 tu\u015flu tam boy klavye, yuvarlak retro tu\u015f tasar\u0131m\u0131yla nostaljik bir daktilo hissi sunarken modern teknolojiyi de i\u00e7inde bar\u0131nd\u0131r\u0131r. Geli\u015ftirilmi\u015f membran yap\u0131s\u0131 sayesinde tu\u015f bas\u0131\u015flar\u0131 sessiz, p\u00fcr\u00fczs\u00fcz ve son derece rahatt\u0131r. Klavye ile birlikte gelen 5 tu\u015flu fare, el ergonomisine uygun formu ve h\u0131zl\u0131 tepki s\u00fcresiyle kusursuz bir kullan\u0131m sa\u011flar.Tek bir USB al\u0131c\u0131s\u0131 hem klavyeyi hem de fareyi ayn\u0131 anda \u00e7al\u0131\u015ft\u0131r\u0131r, kablo karma\u015fas\u0131ndan kurtar\u0131r. Toz ge\u00e7irmez \u00e7\u0131kar\u0131labilir tu\u015f ba\u015fl\u0131klar\u0131 ve ayarlanabilir braket sayesinde uzun \u00f6m\u00fcrl\u00fc ve konforlu kullan\u0131m sa\u011flar. XP, Win7, Win8, Win10 gibi t\u00fcm sistemlerle uyumlu olan bu set; pastel renkleri, sevimli stili ve kullan\u0131\u015fl\u0131 yap\u0131s\u0131yla hem hediye hem de ki\u015fisel kullan\u0131m i\u00e7in m\u00fckemmel bir tercihtir.<\/p>\n","protected":false},"excerpt":{"rendered":"<p>Ofis veya evde \u00e7al\u0131\u015fma keyfinizi art\u0131racak kablosuz retro klavye ve mouse seti, hem estetik hem de konforu bir araya getiriyor. 104 tu\u015flu tam boy klavye, yuvarlak retro tu\u015f tasar\u0131m\u0131yla nostaljik bir daktilo hissi sunarken modern teknolojiyi de i\u00e7inde bar\u0131nd\u0131r\u0131r. Geli\u015ftirilmi\u015f membran yap\u0131s\u0131 sayesinde tu\u015f bas\u0131\u015flar\u0131 sessiz, p\u00fcr\u00fczs\u00fcz ve son derece rahatt\u0131r. Klavye ile birlikte gelen&#8230;<\/p>\n","protected":false},"featured_media":114725,"comment_status":"open","ping_status":"closed","template":"","meta":{"_kad_post_transparent":"","_kad_post_title":"","_kad_post_layout":"","_kad_post_sidebar_id":"","_kad_post_content_style":"","_kad_post_vertical_padding":"","_kad_post_feature":"","_kad_post_feature_position":"","_kad_post_header":false,"_kad_post_footer":false,"_kad_post_classname":""},"product_brand":[],"product_cat":[14913],"product_tag":[],"class_list":{"0":"post-114726","1":"product","2":"type-product","3":"status-publish","4":"has-post-thumbnail","6":"product_cat-klavye-klavye-2","8":"first","9":"instock","10":"purchasable","11":"product-type-simple","12":"entry","13":"content-bg","14":"loop-entry"},"_links":{"self":[{"href":"https:\/\/www.hediyepazar.com\/index.php?rest_route=\/wp\/v2\/product\/114726","targetHints":{"allow":["GET"]}}],"collection":[{"href":"https:\/\/www.hediyepazar.com\/index.php?rest_route=\/wp\/v2\/product"}],"about":[{"href":"https:\/\/www.hediyepazar.com\/index.php?rest_route=\/wp\/v2\/types\/product"}],"replies":[{"embeddable":true,"href":"https:\/\/www.hediyepazar.com\/index.php?rest_route=%2Fwp%2Fv2%2Fcomments&post=114726"}],"wp:featuredmedia":[{"embeddable":true,"href":"https:\/\/www.hediyepazar.com\/index.php?rest_route=\/wp\/v2\/media\/114725"}],"wp:attachment":[{"href":"https:\/\/www.hediyepazar.com\/index.php?rest_route=%2Fwp%2Fv2%2Fmedia&parent=114726"}],"wp:term":[{"taxonomy":"product_brand","embeddable":true,"href":"https:\/\/www.hediyepazar.com\/index.php?rest_route=%2Fwp%2Fv2%2Fproduct_brand&post=114726"},{"taxonomy":"product_cat","embeddable":true,"href":"https:\/\/www.hediyepazar.com\/index.php?rest_route=%2Fwp%2Fv2%2Fproduct_cat&post=114726"},{"taxonomy":"product_tag","embeddable":true,"href":"https:\/\/www.hediyepazar.com\/index.php?rest_route=%2Fwp%2Fv2%2Fproduct_tag&post=114726"}],"curies":[{"name":"wp","href":"https:\/\/api.w.org\/{rel}","templated":true}]}}