{"id":114732,"date":"2026-05-05T13:05:43","date_gmt":"2026-05-05T16:05:43","guid":{"rendered":"https:\/\/www.hediyepazar.com\/?product=renkli-isikli-astronot-mini-bluetooth-speaker-ve-karaoke-mikrofon"},"modified":"2026-05-05T13:05:43","modified_gmt":"2026-05-05T16:05:43","slug":"renkli-isikli-astronot-mini-bluetooth-speaker-ve-karaoke-mikrofon","status":"publish","type":"product","link":"https:\/\/www.hediyepazar.com\/?product=renkli-isikli-astronot-mini-bluetooth-speaker-ve-karaoke-mikrofon","title":{"rendered":"Renkli I\u015f\u0131kl\u0131 Astronot Mini Bluetooth Speaker ve Karaoke Mikrofon"},"content":{"rendered":"<p>Mini Karaoke Astronot Bluetooth Speaker, fonksiyonel ve e\u011flenceli bir tasar\u0131ma sahiptir. Astronot fig\u00fcr\u00fc, \u00fcr\u00fcn\u00fc yaln\u0131zca bir hoparl\u00f6r de\u011fil ayn\u0131 zamanda dekoratif bir aksesuar haline getirir.\u00dcr\u00fcnle birlikte gelen kablosuz mikrofon, karaoke partilerini kolayca organize etmenizi sa\u011flar. Bluetooth ba\u011flant\u0131s\u0131 ile telefon veya tablet \u00fczerinden \u015fark\u0131lar\u0131n\u0131z\u0131 a\u00e7abilir, kablosuz olarak s\u00f6ylemeye ba\u015flayabilirsiniz.Hoparl\u00f6r, g\u00fc\u00e7l\u00fc ses \u00e7\u0131k\u0131\u015f\u0131 ve kaliteli baslar\u0131yla y\u00fcksek performans sunar. Dahili RGB \u0131\u015f\u0131klar\u0131, \u015fark\u0131larla uyumlu \u015fekilde yan\u0131p s\u00f6ner ve e\u011flenceyi g\u00f6rsel olarak da zenginle\u015ftirir.Uzun pil \u00f6mr\u00fc, kesintisiz m\u00fczik ve karaoke keyfi sa\u011flar. Kablosuz yap\u0131s\u0131 sayesinde d\u0131\u015f mekanlarda da kullan\u0131labilir.\u00c7ocuklar i\u00e7in e\u011flenceli bir oyuncak, yeti\u015fkinler i\u00e7in ise arkada\u015f toplant\u0131lar\u0131nda keyifli bir e\u011flence arac\u0131 olarak tercih edilebilir. Ayr\u0131ca hediye olarak da \u015f\u0131k bir se\u00e7enektir.<\/p>\n","protected":false},"excerpt":{"rendered":"<p>Mini Karaoke Astronot Bluetooth Speaker, fonksiyonel ve e\u011flenceli bir tasar\u0131ma sahiptir. Astronot fig\u00fcr\u00fc, \u00fcr\u00fcn\u00fc yaln\u0131zca bir hoparl\u00f6r de\u011fil ayn\u0131 zamanda dekoratif bir aksesuar haline getirir.\u00dcr\u00fcnle birlikte gelen kablosuz mikrofon, karaoke partilerini kolayca organize etmenizi sa\u011flar. Bluetooth ba\u011flant\u0131s\u0131 ile telefon veya tablet \u00fczerinden \u015fark\u0131lar\u0131n\u0131z\u0131 a\u00e7abilir, kablosuz olarak s\u00f6ylemeye ba\u015flayabilirsiniz.Hoparl\u00f6r, g\u00fc\u00e7l\u00fc ses \u00e7\u0131k\u0131\u015f\u0131 ve kaliteli baslar\u0131yla y\u00fcksek&#8230;<\/p>\n","protected":false},"featured_media":114731,"comment_status":"open","ping_status":"closed","template":"","meta":{"_kad_post_transparent":"","_kad_post_title":"","_kad_post_layout":"","_kad_post_sidebar_id":"","_kad_post_content_style":"","_kad_post_vertical_padding":"","_kad_post_feature":"","_kad_post_feature_position":"","_kad_post_header":false,"_kad_post_footer":false,"_kad_post_classname":""},"product_brand":[],"product_cat":[14911],"product_tag":[],"class_list":{"0":"post-114732","1":"product","2":"type-product","3":"status-publish","4":"has-post-thumbnail","6":"product_cat-kablosuz-hoparlor-kablosuz-hoparlor","8":"first","9":"instock","10":"purchasable","11":"product-type-simple","12":"entry","13":"content-bg","14":"loop-entry"},"_links":{"self":[{"href":"https:\/\/www.hediyepazar.com\/index.php?rest_route=\/wp\/v2\/product\/114732","targetHints":{"allow":["GET"]}}],"collection":[{"href":"https:\/\/www.hediyepazar.com\/index.php?rest_route=\/wp\/v2\/product"}],"about":[{"href":"https:\/\/www.hediyepazar.com\/index.php?rest_route=\/wp\/v2\/types\/product"}],"replies":[{"embeddable":true,"href":"https:\/\/www.hediyepazar.com\/index.php?rest_route=%2Fwp%2Fv2%2Fcomments&post=114732"}],"wp:featuredmedia":[{"embeddable":true,"href":"https:\/\/www.hediyepazar.com\/index.php?rest_route=\/wp\/v2\/media\/114731"}],"wp:attachment":[{"href":"https:\/\/www.hediyepazar.com\/index.php?rest_route=%2Fwp%2Fv2%2Fmedia&parent=114732"}],"wp:term":[{"taxonomy":"product_brand","embeddable":true,"href":"https:\/\/www.hediyepazar.com\/index.php?rest_route=%2Fwp%2Fv2%2Fproduct_brand&post=114732"},{"taxonomy":"product_cat","embeddable":true,"href":"https:\/\/www.hediyepazar.com\/index.php?rest_route=%2Fwp%2Fv2%2Fproduct_cat&post=114732"},{"taxonomy":"product_tag","embeddable":true,"href":"https:\/\/www.hediyepazar.com\/index.php?rest_route=%2Fwp%2Fv2%2Fproduct_tag&post=114732"}],"curies":[{"name":"wp","href":"https:\/\/api.w.org\/{rel}","templated":true}]}}