{"id":114744,"date":"2026-05-05T13:06:59","date_gmt":"2026-05-05T16:06:59","guid":{"rendered":"https:\/\/www.hediyepazar.com\/?product=gece-lambasi-fonksiyonlu-renk-degistiren-led-kup-dijital-saat"},"modified":"2026-05-05T13:06:59","modified_gmt":"2026-05-05T16:06:59","slug":"gece-lambasi-fonksiyonlu-renk-degistiren-led-kup-dijital-saat","status":"publish","type":"product","link":"https:\/\/www.hediyepazar.com\/?product=gece-lambasi-fonksiyonlu-renk-degistiren-led-kup-dijital-saat","title":{"rendered":"Gece Lambas\u0131 Fonksiyonlu Renk De\u011fi\u015ftiren LED K\u00fcp Dijital Saat"},"content":{"rendered":"<p>Renk de\u011fi\u015ftiren dijital k\u00fcp masa saati, fonksiyonel \u00f6zellikleriyle g\u00fcnl\u00fck hayat\u0131n\u0131z\u0131 kolayla\u015ft\u0131r\u0131r. 7 farkl\u0131 renk LED \u0131\u015f\u0131\u011f\u0131, odan\u0131za g\u00f6rsel bir \u015f\u0131kl\u0131k katar ve gece lambas\u0131 olarak kullan\u0131labilir.\u00dcr\u00fcn, 8x8x8 cm kompakt boyutuyla az yer kaplar. K\u00fc\u00e7\u00fck olmas\u0131na ra\u011fmen alarm, takvim, termometre (\u00b0C\/\u00b0F), kronometre ve do\u011fum g\u00fcn\u00fc hat\u0131rlat\u0131c\u0131 gibi bir\u00e7ok i\u015flevi bir arada sunar. \u00d6zellikle m\u00fczikli alarm fonksiyonu, klasik alarmlara g\u00f6re daha keyifli bir uyanma deneyimi sa\u011flar.Gece saati g\u00f6rmek istedi\u011finizde saate dokunman\u0131z yeterlidir. G\u00f6vdesi ve ekran\u0131 tamamen ayd\u0131nlanarak renk de\u011fi\u015ftirir. \u0130sterseniz s\u00fcrekli de\u011fi\u015fim modunda, isterseniz yaln\u0131zca dokunmayla etkinle\u015ftirilecek \u015fekilde kullan\u0131labilir.4 adet AAA ince kalem pil ile \u00e7al\u0131\u015f\u0131r (piller dahil de\u011fildir). Pil ile \u00e7al\u0131\u015fmas\u0131 sayesinde elektrik prizine ihtiya\u00e7 duymaz, ta\u015f\u0131nabilirlik sa\u011flar.Bu \u00fcr\u00fcn, modern tasar\u0131m\u0131yla yaln\u0131zca i\u015flevsel de\u011fil, ayn\u0131 zamanda dekoratif bir e\u015fyad\u0131r. Yatak odas\u0131, ofis veya \u00e7ocuk odas\u0131nda rahatl\u0131kla kullan\u0131labilir. Ayn\u0131 zamanda \u015f\u0131k kutu i\u00e7eri\u011fi ile hediye se\u00e7ene\u011fi olarak da m\u00fckemmel bir tercihtir.<\/p>\n","protected":false},"excerpt":{"rendered":"<p>Renk de\u011fi\u015ftiren dijital k\u00fcp masa saati, fonksiyonel \u00f6zellikleriyle g\u00fcnl\u00fck hayat\u0131n\u0131z\u0131 kolayla\u015ft\u0131r\u0131r. 7 farkl\u0131 renk LED \u0131\u015f\u0131\u011f\u0131, odan\u0131za g\u00f6rsel bir \u015f\u0131kl\u0131k katar ve gece lambas\u0131 olarak kullan\u0131labilir.\u00dcr\u00fcn, 8x8x8 cm kompakt boyutuyla az yer kaplar. K\u00fc\u00e7\u00fck olmas\u0131na ra\u011fmen alarm, takvim, termometre (\u00b0C\/\u00b0F), kronometre ve do\u011fum g\u00fcn\u00fc hat\u0131rlat\u0131c\u0131 gibi bir\u00e7ok i\u015flevi bir arada sunar. \u00d6zellikle m\u00fczikli alarm fonksiyonu,&#8230;<\/p>\n","protected":false},"featured_media":114743,"comment_status":"open","ping_status":"closed","template":"","meta":{"_kad_post_transparent":"","_kad_post_title":"","_kad_post_layout":"","_kad_post_sidebar_id":"","_kad_post_content_style":"","_kad_post_vertical_padding":"","_kad_post_feature":"","_kad_post_feature_position":"","_kad_post_header":false,"_kad_post_footer":false,"_kad_post_classname":""},"product_brand":[],"product_cat":[15038],"product_tag":[],"class_list":{"0":"post-114744","1":"product","2":"type-product","3":"status-publish","4":"has-post-thumbnail","6":"product_cat-masa-saati-masa-saati","8":"first","9":"instock","10":"purchasable","11":"product-type-simple","12":"entry","13":"content-bg","14":"loop-entry"},"_links":{"self":[{"href":"https:\/\/www.hediyepazar.com\/index.php?rest_route=\/wp\/v2\/product\/114744","targetHints":{"allow":["GET"]}}],"collection":[{"href":"https:\/\/www.hediyepazar.com\/index.php?rest_route=\/wp\/v2\/product"}],"about":[{"href":"https:\/\/www.hediyepazar.com\/index.php?rest_route=\/wp\/v2\/types\/product"}],"replies":[{"embeddable":true,"href":"https:\/\/www.hediyepazar.com\/index.php?rest_route=%2Fwp%2Fv2%2Fcomments&post=114744"}],"wp:featuredmedia":[{"embeddable":true,"href":"https:\/\/www.hediyepazar.com\/index.php?rest_route=\/wp\/v2\/media\/114743"}],"wp:attachment":[{"href":"https:\/\/www.hediyepazar.com\/index.php?rest_route=%2Fwp%2Fv2%2Fmedia&parent=114744"}],"wp:term":[{"taxonomy":"product_brand","embeddable":true,"href":"https:\/\/www.hediyepazar.com\/index.php?rest_route=%2Fwp%2Fv2%2Fproduct_brand&post=114744"},{"taxonomy":"product_cat","embeddable":true,"href":"https:\/\/www.hediyepazar.com\/index.php?rest_route=%2Fwp%2Fv2%2Fproduct_cat&post=114744"},{"taxonomy":"product_tag","embeddable":true,"href":"https:\/\/www.hediyepazar.com\/index.php?rest_route=%2Fwp%2Fv2%2Fproduct_tag&post=114744"}],"curies":[{"name":"wp","href":"https:\/\/api.w.org\/{rel}","templated":true}]}}