{"id":114748,"date":"2026-05-05T13:07:13","date_gmt":"2026-05-05T16:07:13","guid":{"rendered":"https:\/\/www.hediyepazar.com\/?product=renk-degistiren-led-alarmli-dijital-kup-masa-saati"},"modified":"2026-05-05T13:07:13","modified_gmt":"2026-05-05T16:07:13","slug":"renk-degistiren-led-alarmli-dijital-kup-masa-saati","status":"publish","type":"product","link":"https:\/\/www.hediyepazar.com\/?product=renk-degistiren-led-alarmli-dijital-kup-masa-saati","title":{"rendered":"Renk De\u011fi\u015ftiren LED Alarml\u0131 Dijital K\u00fcp Masa Saati"},"content":{"rendered":"<p>Renk De\u011fi\u015ftiren Alarml\u0131 Dijital K\u00fcp Saat, hem fonksiyonelli\u011fi hem de dekoratif g\u00f6r\u00fcn\u00fcm\u00fc ile evinizin veya ofisinizin en dikkat \u00e7ekici aksesuarlar\u0131ndan biri olacak. 7 farkl\u0131 LED renk se\u00e7ene\u011fi sayesinde odan\u0131z\u0131 istedi\u011finiz renge d\u00f6n\u00fc\u015ft\u00fcrerek \u015f\u0131k bir atmosfer yarat\u0131r.Saat, 8x8x8 cm k\u00fcp tasar\u0131m\u0131 ile kompakt yap\u0131ya sahiptir. Sadece zaman\u0131 g\u00f6stermekle kalmaz; takvim, termometre, kronometre ve do\u011fum g\u00fcn\u00fc hat\u0131rlatma fonksiyonlar\u0131na da sahiptir. Alarm \u00f6zelli\u011fi sayesinde g\u00fcne zaman\u0131nda ba\u015flarken, m\u00fczikli alarm se\u00e7ene\u011fi sabahlar\u0131 daha keyifli hale getirir.Gece kullan\u0131m\u0131 i\u00e7in olduk\u00e7a pratik bir \u00fcr\u00fcnd\u00fcr. Karanl\u0131kta saati g\u00f6rmek i\u00e7in saate dokunman\u0131z yeterlidir. T\u00fcm g\u00f6vdesi ve ekran\u0131 ayn\u0131 anda renk de\u011fi\u015ftirir, dilerseniz s\u00fcrekli de\u011fi\u015fim modunda, dilerseniz sadece dokundu\u011funuzda renk de\u011fi\u015ftirecek \u015fekilde ayarlayabilirsiniz.\u00dcr\u00fcn, 4 adet AAA ince kalem pil ile \u00e7al\u0131\u015f\u0131r (piller pakete dahil de\u011fildir). K\u00fc\u00e7\u00fck boyutu sayesinde yatak odas\u0131nda, \u00e7al\u0131\u015fma masas\u0131nda veya \u00e7ocuk odas\u0131nda rahatl\u0131kla kullan\u0131labilir. Ayn\u0131 zamanda \u015f\u0131k kutu i\u00e7eri\u011fi sayesinde sevdiklerinize hediye edebilece\u011finiz kullan\u0131\u015fl\u0131 bir se\u00e7enektir.<\/p>\n","protected":false},"excerpt":{"rendered":"<p>Renk De\u011fi\u015ftiren Alarml\u0131 Dijital K\u00fcp Saat, hem fonksiyonelli\u011fi hem de dekoratif g\u00f6r\u00fcn\u00fcm\u00fc ile evinizin veya ofisinizin en dikkat \u00e7ekici aksesuarlar\u0131ndan biri olacak. 7 farkl\u0131 LED renk se\u00e7ene\u011fi sayesinde odan\u0131z\u0131 istedi\u011finiz renge d\u00f6n\u00fc\u015ft\u00fcrerek \u015f\u0131k bir atmosfer yarat\u0131r.Saat, 8x8x8 cm k\u00fcp tasar\u0131m\u0131 ile kompakt yap\u0131ya sahiptir. Sadece zaman\u0131 g\u00f6stermekle kalmaz; takvim, termometre, kronometre ve do\u011fum g\u00fcn\u00fc hat\u0131rlatma&#8230;<\/p>\n","protected":false},"featured_media":114747,"comment_status":"open","ping_status":"closed","template":"","meta":{"_kad_post_transparent":"","_kad_post_title":"","_kad_post_layout":"","_kad_post_sidebar_id":"","_kad_post_content_style":"","_kad_post_vertical_padding":"","_kad_post_feature":"","_kad_post_feature_position":"","_kad_post_header":false,"_kad_post_footer":false,"_kad_post_classname":""},"product_brand":[],"product_cat":[15038],"product_tag":[],"class_list":{"0":"post-114748","1":"product","2":"type-product","3":"status-publish","4":"has-post-thumbnail","6":"product_cat-masa-saati-masa-saati","8":"first","9":"instock","10":"purchasable","11":"product-type-simple","12":"entry","13":"content-bg","14":"loop-entry"},"_links":{"self":[{"href":"https:\/\/www.hediyepazar.com\/index.php?rest_route=\/wp\/v2\/product\/114748","targetHints":{"allow":["GET"]}}],"collection":[{"href":"https:\/\/www.hediyepazar.com\/index.php?rest_route=\/wp\/v2\/product"}],"about":[{"href":"https:\/\/www.hediyepazar.com\/index.php?rest_route=\/wp\/v2\/types\/product"}],"replies":[{"embeddable":true,"href":"https:\/\/www.hediyepazar.com\/index.php?rest_route=%2Fwp%2Fv2%2Fcomments&post=114748"}],"wp:featuredmedia":[{"embeddable":true,"href":"https:\/\/www.hediyepazar.com\/index.php?rest_route=\/wp\/v2\/media\/114747"}],"wp:attachment":[{"href":"https:\/\/www.hediyepazar.com\/index.php?rest_route=%2Fwp%2Fv2%2Fmedia&parent=114748"}],"wp:term":[{"taxonomy":"product_brand","embeddable":true,"href":"https:\/\/www.hediyepazar.com\/index.php?rest_route=%2Fwp%2Fv2%2Fproduct_brand&post=114748"},{"taxonomy":"product_cat","embeddable":true,"href":"https:\/\/www.hediyepazar.com\/index.php?rest_route=%2Fwp%2Fv2%2Fproduct_cat&post=114748"},{"taxonomy":"product_tag","embeddable":true,"href":"https:\/\/www.hediyepazar.com\/index.php?rest_route=%2Fwp%2Fv2%2Fproduct_tag&post=114748"}],"curies":[{"name":"wp","href":"https:\/\/api.w.org\/{rel}","templated":true}]}}