{"id":114778,"date":"2026-05-05T13:08:59","date_gmt":"2026-05-05T16:08:59","guid":{"rendered":"https:\/\/www.hediyepazar.com\/?product=iki-yonlu-ses-destekli-full-hd-akilli-kamera"},"modified":"2026-05-05T13:08:59","modified_gmt":"2026-05-05T16:08:59","slug":"iki-yonlu-ses-destekli-full-hd-akilli-kamera","status":"publish","type":"product","link":"https:\/\/www.hediyepazar.com\/?product=iki-yonlu-ses-destekli-full-hd-akilli-kamera","title":{"rendered":"\u0130ki Y\u00f6nl\u00fc Ses Destekli Full HD Ak\u0131ll\u0131 Kamera"},"content":{"rendered":"<p>\u0130\u00e7 mekan g\u00fcvenli\u011finizi \u00fcst d\u00fczeye ta\u015f\u0131mak i\u00e7in tasarlanan bu geli\u015fmi\u015f g\u00fcvenlik kameras\u0131, d\u00fc\u015f\u00fck \u0131\u015f\u0131kta dahi \u00fcst\u00fcn performans sunan gece g\u00f6r\u00fc\u015f \u00f6zelli\u011fi ile dikkat \u00e7eker. Gece saatlerinde veya lo\u015f ortamlarda bile net ve keskin g\u00f6r\u00fcnt\u00fcler elde etmenizi sa\u011flayarak, 7\/24 g\u00fcvenli\u011finizi garanti alt\u0131na al\u0131r. G\u00fc\u00e7l\u00fc gece g\u00f6r\u00fc\u015f teknolojisi, olas\u0131 tehditleri ya da \u015f\u00fcpheli hareketleri karanl\u0131kta bile kolayl\u0131kla fark etmenizi sa\u011flar.Hareketli g\u00f6r\u00fc\u015f a\u00e7\u0131s\u0131 sayesinde geni\u015f bir alan\u0131 tek ba\u015f\u0131na kontrol edebilen bu cihaz, hareket eden nesneleri anl\u0131k olarak takip ederek dinamik bir izleme deneyimi sunar. Entegre hareket alg\u0131lama sistemi sayesinde, herhangi bir hareket alg\u0131land\u0131\u011f\u0131nda an\u0131nda bildirim g\u00f6ndererek kullan\u0131c\u0131y\u0131 bilgilendirir ve olas\u0131 risklere kar\u015f\u0131 zaman\u0131nda m\u00fcdahale imkan\u0131 sa\u011flar.\u0130ki y\u00f6nl\u00fc ses deste\u011fi ile donat\u0131lm\u0131\u015f olan bu kamera, hem bulundu\u011fu ortam\u0131 dinleme hem de uzaktan konu\u015fma olana\u011f\u0131 sunar. Bu \u00f6zellik, \u00f6zellikle evde \u00e7ocuklar, evcil hayvanlar veya ya\u015fl\u0131 bireyler varken kar\u015f\u0131l\u0131kl\u0131 ileti\u015fim kurmak isteyen kullan\u0131c\u0131lar i\u00e7in b\u00fcy\u00fck kolayl\u0131k sa\u011flar. Ayn\u0131 zamanda i\u015f yerinizdeki ekip \u00fcyeleriyle ya da gelen ziyaret\u00e7ilerle de do\u011frudan ileti\u015fim kurabilmenize olanak tan\u0131r.Modern ve kompakt tasar\u0131m\u0131 ile i\u00e7 mekanlara m\u00fckemmel uyum sa\u011flayan bu g\u00fcvenlik kameras\u0131, evinizin ya da ofisinizin herhangi bir k\u00f6\u015fesine kolayl\u0131kla yerle\u015ftirilebilir. \u015e\u0131k ve minimal g\u00f6r\u00fcn\u00fcm\u00fc sayesinde dekorasyonunuza zarar vermez, aksine b\u00fct\u00fcnl\u00fck sa\u011flar. Cihaz, AC adapt\u00f6r ile \u00e7al\u0131\u015farak s\u00fcrekli ve kesintisiz g\u00fc\u00e7 ba\u011flant\u0131s\u0131yla uzun s\u00fcreli kullan\u0131mda dahi stabil performans sunar.2 y\u0131l ithalat\u00e7\u0131 garantisi ile desteklenen bu g\u00fcvenlik kameras\u0131, kullan\u0131c\u0131lar\u0131na uzun \u00f6m\u00fcrl\u00fc kullan\u0131m g\u00fcvencesi sunar. G\u00fcvenilir yap\u0131s\u0131 ve kullan\u0131c\u0131 dostu aray\u00fcz\u00fc sayesinde, teknik bilgiye ihtiya\u00e7 duymadan kolayca kurulabilir ve kullan\u0131labilir. Evini ya da i\u015f yerini s\u00fcrekli g\u00f6zlem alt\u0131nda tutmak isteyenler i\u00e7in ideal bir \u00e7\u00f6z\u00fcm olan bu kamera, teknolojiyi g\u00fcvenlikle bulu\u015fturan \u00fcst\u00fcn bir \u00fcr\u00fcnd\u00fcr.<\/p>\n","protected":false},"excerpt":{"rendered":"<p>\u0130\u00e7 mekan g\u00fcvenli\u011finizi \u00fcst d\u00fczeye ta\u015f\u0131mak i\u00e7in tasarlanan bu geli\u015fmi\u015f g\u00fcvenlik kameras\u0131, d\u00fc\u015f\u00fck \u0131\u015f\u0131kta dahi \u00fcst\u00fcn performans sunan gece g\u00f6r\u00fc\u015f \u00f6zelli\u011fi ile dikkat \u00e7eker. Gece saatlerinde veya lo\u015f ortamlarda bile net ve keskin g\u00f6r\u00fcnt\u00fcler elde etmenizi sa\u011flayarak, 7\/24 g\u00fcvenli\u011finizi garanti alt\u0131na al\u0131r. G\u00fc\u00e7l\u00fc gece g\u00f6r\u00fc\u015f teknolojisi, olas\u0131 tehditleri ya da \u015f\u00fcpheli hareketleri karanl\u0131kta bile kolayl\u0131kla&#8230;<\/p>\n","protected":false},"featured_media":114777,"comment_status":"open","ping_status":"closed","template":"","meta":{"_kad_post_transparent":"","_kad_post_title":"","_kad_post_layout":"","_kad_post_sidebar_id":"","_kad_post_content_style":"","_kad_post_vertical_padding":"","_kad_post_feature":"","_kad_post_feature_position":"","_kad_post_header":false,"_kad_post_footer":false,"_kad_post_classname":""},"product_brand":[],"product_cat":[14927],"product_tag":[],"class_list":{"0":"post-114778","1":"product","2":"type-product","3":"status-publish","4":"has-post-thumbnail","6":"product_cat-akilli-kamera-akilli-kamera","8":"first","9":"instock","10":"purchasable","11":"product-type-simple","12":"entry","13":"content-bg","14":"loop-entry"},"_links":{"self":[{"href":"https:\/\/www.hediyepazar.com\/index.php?rest_route=\/wp\/v2\/product\/114778","targetHints":{"allow":["GET"]}}],"collection":[{"href":"https:\/\/www.hediyepazar.com\/index.php?rest_route=\/wp\/v2\/product"}],"about":[{"href":"https:\/\/www.hediyepazar.com\/index.php?rest_route=\/wp\/v2\/types\/product"}],"replies":[{"embeddable":true,"href":"https:\/\/www.hediyepazar.com\/index.php?rest_route=%2Fwp%2Fv2%2Fcomments&post=114778"}],"wp:featuredmedia":[{"embeddable":true,"href":"https:\/\/www.hediyepazar.com\/index.php?rest_route=\/wp\/v2\/media\/114777"}],"wp:attachment":[{"href":"https:\/\/www.hediyepazar.com\/index.php?rest_route=%2Fwp%2Fv2%2Fmedia&parent=114778"}],"wp:term":[{"taxonomy":"product_brand","embeddable":true,"href":"https:\/\/www.hediyepazar.com\/index.php?rest_route=%2Fwp%2Fv2%2Fproduct_brand&post=114778"},{"taxonomy":"product_cat","embeddable":true,"href":"https:\/\/www.hediyepazar.com\/index.php?rest_route=%2Fwp%2Fv2%2Fproduct_cat&post=114778"},{"taxonomy":"product_tag","embeddable":true,"href":"https:\/\/www.hediyepazar.com\/index.php?rest_route=%2Fwp%2Fv2%2Fproduct_tag&post=114778"}],"curies":[{"name":"wp","href":"https:\/\/api.w.org\/{rel}","templated":true}]}}