{"id":114780,"date":"2026-05-05T13:09:09","date_gmt":"2026-05-05T16:09:09","guid":{"rendered":"https:\/\/www.hediyepazar.com\/?product=hareket-algilamali-kablosuz-akilli-ev-guvenlik-kamerasi"},"modified":"2026-05-05T13:09:09","modified_gmt":"2026-05-05T16:09:09","slug":"hareket-algilamali-kablosuz-akilli-ev-guvenlik-kamerasi","status":"publish","type":"product","link":"https:\/\/www.hediyepazar.com\/?product=hareket-algilamali-kablosuz-akilli-ev-guvenlik-kamerasi","title":{"rendered":"Hareket Alg\u0131lamal\u0131 Kablosuz Ak\u0131ll\u0131 Ev G\u00fcvenlik Kameras\u0131"},"content":{"rendered":"<p>Evinizin ya da i\u015f yerinizin g\u00fcvenli\u011fini \u00fcst seviyeye ta\u015f\u0131yacak bu ak\u0131ll\u0131 g\u00fcvenlik kameras\u0131, geli\u015fmi\u015f teknolojik \u00f6zellikleriyle 7\/24 huzur sunar. Full HD g\u00f6r\u00fcnt\u00fc kalitesi sayesinde izledi\u011finiz alan\u0131n her k\u00f6\u015fesi y\u00fcksek netlikte g\u00f6r\u00fcnt\u00fclenir, b\u00f6ylece hi\u00e7bir detay\u0131 ka\u00e7\u0131rmazs\u0131n\u0131z. G\u00fcnd\u00fcz oldu\u011fu kadar gece de net g\u00f6r\u00fcnt\u00fcler alabilmeniz i\u00e7in entegre gece g\u00f6r\u00fc\u015f sistemiyle donat\u0131lm\u0131\u015ft\u0131r; d\u00fc\u015f\u00fck \u0131\u015f\u0131kta dahi keskin ve detayl\u0131 g\u00f6r\u00fcnt\u00fcler sa\u011flar.Ak\u0131ll\u0131 hareket alg\u0131lama sistemi, izleme alan\u0131nda bir hareket tespit etti\u011finde anl\u0131k olarak telefonunuza bildirim g\u00f6nderir. B\u00f6ylece siz orada olmasan\u0131z bile neler olup bitti\u011fini anl\u0131k olarak takip edebilirsiniz. Geni\u015f a\u00e7\u0131l\u0131 lensi sayesinde tek bir kamera ile daha fazla alan\u0131 kapsayabilir, evinizin ya da ofisinizin farkl\u0131 k\u00f6\u015felerini kontrol alt\u0131nda tutabilirsiniz.\u0130ki y\u00f6nl\u00fc ses iletimi \u00f6zelli\u011fiyle yaln\u0131zca dinlemekle kalmaz, ayn\u0131 zamanda kar\u015f\u0131 tarafa sesinizi de iletebilirsiniz. Bu \u00f6zellik, evde \u00e7ocuklar\u0131n\u0131z, ya\u015fl\u0131 yak\u0131nlar\u0131n\u0131z veya evcil hayvanlar\u0131n\u0131zla uzaktan ileti\u015fim kurabilmenizi sa\u011flar. Ayn\u0131 zamanda ani geli\u015fen durumlara an\u0131nda m\u00fcdahale etme imk\u00e2n\u0131 sunar.Modern ve kompakt tasar\u0131m\u0131 sayesinde bulundu\u011fu ortama estetik bir \u015fekilde uyum sa\u011flar. Masa, raf veya duvar gibi farkl\u0131 y\u00fczeylere kolayca yerle\u015ftirilebilir. G\u00fc\u00e7l\u00fc kablosuz ba\u011flant\u0131 deste\u011fi sayesinde karma\u015f\u0131k kablolara ihtiya\u00e7 duymadan h\u0131zl\u0131 ve sorunsuz bir \u015fekilde \u00e7al\u0131\u015f\u0131r. Ayr\u0131ca mobil uygulama \u00fczerinden uzaktan izleme ve kontrol deste\u011fi sunarak kullan\u0131c\u0131ya tam zamanl\u0131 eri\u015fim sa\u011flar.AC adapt\u00f6r ile \u00e7al\u0131\u015fan bu cihaz, kesintisiz enerji ak\u0131\u015f\u0131yla s\u00fcrekli izleme sa\u011flar. 2 y\u0131l ithalat\u00e7\u0131 garantisiyle sunulan \u00fcr\u00fcn, uzun \u00f6m\u00fcrl\u00fc kullan\u0131m ve teknik destek a\u00e7\u0131s\u0131ndan g\u00fcven verir. Geli\u015fmi\u015f \u00f6zellikleri ve kullan\u0131c\u0131 dostu aray\u00fcz\u00fcyle, evinizde ya da i\u015f yerinizde g\u00f6n\u00fcl rahatl\u0131\u011f\u0131yla kullanabilece\u011finiz etkili bir g\u00fcvenlik \u00e7\u00f6z\u00fcm\u00fcd\u00fcr.<\/p>\n","protected":false},"excerpt":{"rendered":"<p>Evinizin ya da i\u015f yerinizin g\u00fcvenli\u011fini \u00fcst seviyeye ta\u015f\u0131yacak bu ak\u0131ll\u0131 g\u00fcvenlik kameras\u0131, geli\u015fmi\u015f teknolojik \u00f6zellikleriyle 7\/24 huzur sunar. Full HD g\u00f6r\u00fcnt\u00fc kalitesi sayesinde izledi\u011finiz alan\u0131n her k\u00f6\u015fesi y\u00fcksek netlikte g\u00f6r\u00fcnt\u00fclenir, b\u00f6ylece hi\u00e7bir detay\u0131 ka\u00e7\u0131rmazs\u0131n\u0131z. G\u00fcnd\u00fcz oldu\u011fu kadar gece de net g\u00f6r\u00fcnt\u00fcler alabilmeniz i\u00e7in entegre gece g\u00f6r\u00fc\u015f sistemiyle donat\u0131lm\u0131\u015ft\u0131r; d\u00fc\u015f\u00fck \u0131\u015f\u0131kta dahi keskin ve detayl\u0131&#8230;<\/p>\n","protected":false},"featured_media":114779,"comment_status":"open","ping_status":"closed","template":"","meta":{"_kad_post_transparent":"","_kad_post_title":"","_kad_post_layout":"","_kad_post_sidebar_id":"","_kad_post_content_style":"","_kad_post_vertical_padding":"","_kad_post_feature":"","_kad_post_feature_position":"","_kad_post_header":false,"_kad_post_footer":false,"_kad_post_classname":""},"product_brand":[],"product_cat":[14927],"product_tag":[],"class_list":{"0":"post-114780","1":"product","2":"type-product","3":"status-publish","4":"has-post-thumbnail","6":"product_cat-akilli-kamera-akilli-kamera","8":"first","9":"instock","10":"purchasable","11":"product-type-simple","12":"entry","13":"content-bg","14":"loop-entry"},"_links":{"self":[{"href":"https:\/\/www.hediyepazar.com\/index.php?rest_route=\/wp\/v2\/product\/114780","targetHints":{"allow":["GET"]}}],"collection":[{"href":"https:\/\/www.hediyepazar.com\/index.php?rest_route=\/wp\/v2\/product"}],"about":[{"href":"https:\/\/www.hediyepazar.com\/index.php?rest_route=\/wp\/v2\/types\/product"}],"replies":[{"embeddable":true,"href":"https:\/\/www.hediyepazar.com\/index.php?rest_route=%2Fwp%2Fv2%2Fcomments&post=114780"}],"wp:featuredmedia":[{"embeddable":true,"href":"https:\/\/www.hediyepazar.com\/index.php?rest_route=\/wp\/v2\/media\/114779"}],"wp:attachment":[{"href":"https:\/\/www.hediyepazar.com\/index.php?rest_route=%2Fwp%2Fv2%2Fmedia&parent=114780"}],"wp:term":[{"taxonomy":"product_brand","embeddable":true,"href":"https:\/\/www.hediyepazar.com\/index.php?rest_route=%2Fwp%2Fv2%2Fproduct_brand&post=114780"},{"taxonomy":"product_cat","embeddable":true,"href":"https:\/\/www.hediyepazar.com\/index.php?rest_route=%2Fwp%2Fv2%2Fproduct_cat&post=114780"},{"taxonomy":"product_tag","embeddable":true,"href":"https:\/\/www.hediyepazar.com\/index.php?rest_route=%2Fwp%2Fv2%2Fproduct_tag&post=114780"}],"curies":[{"name":"wp","href":"https:\/\/api.w.org\/{rel}","templated":true}]}}