{"id":114788,"date":"2026-05-05T13:10:03","date_gmt":"2026-05-05T16:10:03","guid":{"rendered":"https:\/\/www.hediyepazar.com\/?product=uzaktan-kumandali-3lu-ayarlanabilir-spot-led-isik-seti"},"modified":"2026-05-05T13:10:03","modified_gmt":"2026-05-05T16:10:03","slug":"uzaktan-kumandali-3lu-ayarlanabilir-spot-led-isik-seti","status":"publish","type":"product","link":"https:\/\/www.hediyepazar.com\/?product=uzaktan-kumandali-3lu-ayarlanabilir-spot-led-isik-seti","title":{"rendered":"Uzaktan Kumandal\u0131 3\u2019l\u00fc Ayarlanabilir Spot LED I\u015f\u0131k Seti"},"content":{"rendered":"<p>Uzaktan kumandal\u0131 3\u2019l\u00fc ayarlanabilir spot LED \u0131\u015f\u0131k seti, pratik ve modern ayd\u0131nlatma \u00e7\u00f6z\u00fcmleri arayanlar i\u00e7in \u00f6zel olarak tasarlanm\u0131\u015ft\u0131r. Kablosuz yap\u0131s\u0131 sayesinde elektrik tesisat\u0131na ihtiya\u00e7 duymadan her y\u00fczeye kolayca monte edilebilir. Beyaz (g\u00fcn \u0131\u015f\u0131\u011f\u0131) ayd\u0131nlatma \u00f6zelli\u011fi, mekanlar\u0131n\u0131za ferah ve \u015f\u0131k bir atmosfer kazand\u0131r\u0131r.Uzaktan kumanda ile \u0131\u015f\u0131k \u015fiddetini ve \u00e7al\u0131\u015fma s\u00fcresini ayarlayabilirsiniz. B\u00f6ylece hem enerji tasarrufu yapabilir hem de kullan\u0131m alan\u0131na g\u00f6re ki\u015fiselle\u015ftirilmi\u015f ayd\u0131nlatma elde edebilirsiniz. Dolap i\u00e7leri, mutfak raflar\u0131, yatak odalar\u0131, merdivenler veya salon dekorasyonlar\u0131nda rahatl\u0131kla kullan\u0131labilir.Kaliteli sert plastikten \u00fcretilen dayan\u0131kl\u0131 g\u00f6vdesi, uzun \u00f6m\u00fcrl\u00fc kullan\u0131m sunar. Hafif ve kompakt tasar\u0131m\u0131 ile hem dekoratif hem de fonksiyonel bir ayd\u0131nlatma \u00e7\u00f6z\u00fcm\u00fc sa\u011flar. Her evin ve i\u015f yerinin ihtiyac\u0131n\u0131 kar\u015f\u0131layan bu LED spot \u0131\u015f\u0131k seti, hem \u015f\u0131kl\u0131\u011f\u0131 hem de i\u015flevselli\u011fi bir araya getirir.<\/p>\n","protected":false},"excerpt":{"rendered":"<p>Uzaktan kumandal\u0131 3\u2019l\u00fc ayarlanabilir spot LED \u0131\u015f\u0131k seti, pratik ve modern ayd\u0131nlatma \u00e7\u00f6z\u00fcmleri arayanlar i\u00e7in \u00f6zel olarak tasarlanm\u0131\u015ft\u0131r. Kablosuz yap\u0131s\u0131 sayesinde elektrik tesisat\u0131na ihtiya\u00e7 duymadan her y\u00fczeye kolayca monte edilebilir. Beyaz (g\u00fcn \u0131\u015f\u0131\u011f\u0131) ayd\u0131nlatma \u00f6zelli\u011fi, mekanlar\u0131n\u0131za ferah ve \u015f\u0131k bir atmosfer kazand\u0131r\u0131r.Uzaktan kumanda ile \u0131\u015f\u0131k \u015fiddetini ve \u00e7al\u0131\u015fma s\u00fcresini ayarlayabilirsiniz. B\u00f6ylece hem enerji tasarrufu yapabilir&#8230;<\/p>\n","protected":false},"featured_media":114787,"comment_status":"open","ping_status":"closed","template":"","meta":{"_kad_post_transparent":"","_kad_post_title":"","_kad_post_layout":"","_kad_post_sidebar_id":"","_kad_post_content_style":"","_kad_post_vertical_padding":"","_kad_post_feature":"","_kad_post_feature_position":"","_kad_post_header":false,"_kad_post_footer":false,"_kad_post_classname":""},"product_brand":[],"product_cat":[14933],"product_tag":[],"class_list":{"0":"post-114788","1":"product","2":"type-product","3":"status-publish","4":"has-post-thumbnail","6":"product_cat-led-isik-led-isik","8":"first","9":"instock","10":"purchasable","11":"product-type-simple","12":"entry","13":"content-bg","14":"loop-entry"},"_links":{"self":[{"href":"https:\/\/www.hediyepazar.com\/index.php?rest_route=\/wp\/v2\/product\/114788","targetHints":{"allow":["GET"]}}],"collection":[{"href":"https:\/\/www.hediyepazar.com\/index.php?rest_route=\/wp\/v2\/product"}],"about":[{"href":"https:\/\/www.hediyepazar.com\/index.php?rest_route=\/wp\/v2\/types\/product"}],"replies":[{"embeddable":true,"href":"https:\/\/www.hediyepazar.com\/index.php?rest_route=%2Fwp%2Fv2%2Fcomments&post=114788"}],"wp:featuredmedia":[{"embeddable":true,"href":"https:\/\/www.hediyepazar.com\/index.php?rest_route=\/wp\/v2\/media\/114787"}],"wp:attachment":[{"href":"https:\/\/www.hediyepazar.com\/index.php?rest_route=%2Fwp%2Fv2%2Fmedia&parent=114788"}],"wp:term":[{"taxonomy":"product_brand","embeddable":true,"href":"https:\/\/www.hediyepazar.com\/index.php?rest_route=%2Fwp%2Fv2%2Fproduct_brand&post=114788"},{"taxonomy":"product_cat","embeddable":true,"href":"https:\/\/www.hediyepazar.com\/index.php?rest_route=%2Fwp%2Fv2%2Fproduct_cat&post=114788"},{"taxonomy":"product_tag","embeddable":true,"href":"https:\/\/www.hediyepazar.com\/index.php?rest_route=%2Fwp%2Fv2%2Fproduct_tag&post=114788"}],"curies":[{"name":"wp","href":"https:\/\/api.w.org\/{rel}","templated":true}]}}