{"id":114794,"date":"2026-05-05T13:10:40","date_gmt":"2026-05-05T16:10:40","guid":{"rendered":"https:\/\/www.hediyepazar.com\/?product=20-000-yuklu-oyunlu-kablosuz-retro-oyun-konsolu-4k-destekli"},"modified":"2026-05-05T13:10:40","modified_gmt":"2026-05-05T16:10:40","slug":"20-000-yuklu-oyunlu-kablosuz-retro-oyun-konsolu-4k-destekli","status":"publish","type":"product","link":"https:\/\/www.hediyepazar.com\/?product=20-000-yuklu-oyunlu-kablosuz-retro-oyun-konsolu-4k-destekli","title":{"rendered":"20.000 Y\u00fckl\u00fc Oyunlu Kablosuz Retro Oyun Konsolu 4K Destekli"},"content":{"rendered":"<p>Kablosuz retro oyun konsolu, nostalji dolu an\u0131lar\u0131 yeniden ya\u015faman\u0131z\u0131 sa\u011flayan e\u015fsiz bir deneyim sunuyor. 20.000\u2019den fazla \u00f6nceden y\u00fcklenmi\u015f oyunla gelen bu konsol, sizi \u00e7ocukluk y\u0131llar\u0131n\u0131z\u0131n efsane oyunlar\u0131na geri g\u00f6t\u00fcr\u00fcrken ayn\u0131 zamanda yeni nesil teknolojinin sundu\u011fu imkanlarla daha keyifli hale getiriyor.\u0130ki adet kablosuz kontrolc\u00fc ile birlikte gelen konsol, kablo karma\u015fas\u0131n\u0131 ortadan kald\u0131rarak arkada\u015flar\u0131n\u0131z ve ailenizle \u00f6zg\u00fcrce oyun oynaman\u0131za imkan tan\u0131r. 3D ve 4K HD g\u00f6r\u00fcnt\u00fc kalitesi sayesinde klasik oyunlar\u0131 bug\u00fcn\u00fcn teknolojisiyle \u00e7ok daha net, canl\u0131 ve etkileyici bir \u015fekilde deneyimleyebilirsiniz.HDMI ve RCA ba\u011flant\u0131 deste\u011fi, cihaz\u0131 televizyonunuza kolayca ba\u011flaman\u0131z\u0131 sa\u011flar. Haf\u0131za kart\u0131 yuvas\u0131 ile oyunlar\u0131n\u0131z\u0131 kaydedebilir, diledi\u011finiz zaman kald\u0131\u011f\u0131n\u0131z yerden devam edebilirsiniz. T\u00fcm ya\u015f gruplar\u0131 i\u00e7in e\u011flenceli oyun se\u00e7enekleri sunan bu konsol, hem nostaljiyi ya\u015famak isteyenler hem de retro oyunlar\u0131 ke\u015ffetmek isteyen yeni nesil oyuncular i\u00e7in harika bir tercihtir.<\/p>\n","protected":false},"excerpt":{"rendered":"<p>Kablosuz retro oyun konsolu, nostalji dolu an\u0131lar\u0131 yeniden ya\u015faman\u0131z\u0131 sa\u011flayan e\u015fsiz bir deneyim sunuyor. 20.000\u2019den fazla \u00f6nceden y\u00fcklenmi\u015f oyunla gelen bu konsol, sizi \u00e7ocukluk y\u0131llar\u0131n\u0131z\u0131n efsane oyunlar\u0131na geri g\u00f6t\u00fcr\u00fcrken ayn\u0131 zamanda yeni nesil teknolojinin sundu\u011fu imkanlarla daha keyifli hale getiriyor.\u0130ki adet kablosuz kontrolc\u00fc ile birlikte gelen konsol, kablo karma\u015fas\u0131n\u0131 ortadan kald\u0131rarak arkada\u015flar\u0131n\u0131z ve ailenizle \u00f6zg\u00fcrce&#8230;<\/p>\n","protected":false},"featured_media":114793,"comment_status":"open","ping_status":"closed","template":"","meta":{"_kad_post_transparent":"","_kad_post_title":"","_kad_post_layout":"","_kad_post_sidebar_id":"","_kad_post_content_style":"","_kad_post_vertical_padding":"","_kad_post_feature":"","_kad_post_feature_position":"","_kad_post_header":false,"_kad_post_footer":false,"_kad_post_classname":""},"product_brand":[],"product_cat":[14961],"product_tag":[],"class_list":{"0":"post-114794","1":"product","2":"type-product","3":"status-publish","4":"has-post-thumbnail","6":"product_cat-oyun-konsolu-oyun-konsolu","8":"first","9":"instock","10":"purchasable","11":"product-type-simple","12":"entry","13":"content-bg","14":"loop-entry"},"_links":{"self":[{"href":"https:\/\/www.hediyepazar.com\/index.php?rest_route=\/wp\/v2\/product\/114794","targetHints":{"allow":["GET"]}}],"collection":[{"href":"https:\/\/www.hediyepazar.com\/index.php?rest_route=\/wp\/v2\/product"}],"about":[{"href":"https:\/\/www.hediyepazar.com\/index.php?rest_route=\/wp\/v2\/types\/product"}],"replies":[{"embeddable":true,"href":"https:\/\/www.hediyepazar.com\/index.php?rest_route=%2Fwp%2Fv2%2Fcomments&post=114794"}],"wp:featuredmedia":[{"embeddable":true,"href":"https:\/\/www.hediyepazar.com\/index.php?rest_route=\/wp\/v2\/media\/114793"}],"wp:attachment":[{"href":"https:\/\/www.hediyepazar.com\/index.php?rest_route=%2Fwp%2Fv2%2Fmedia&parent=114794"}],"wp:term":[{"taxonomy":"product_brand","embeddable":true,"href":"https:\/\/www.hediyepazar.com\/index.php?rest_route=%2Fwp%2Fv2%2Fproduct_brand&post=114794"},{"taxonomy":"product_cat","embeddable":true,"href":"https:\/\/www.hediyepazar.com\/index.php?rest_route=%2Fwp%2Fv2%2Fproduct_cat&post=114794"},{"taxonomy":"product_tag","embeddable":true,"href":"https:\/\/www.hediyepazar.com\/index.php?rest_route=%2Fwp%2Fv2%2Fproduct_tag&post=114794"}],"curies":[{"name":"wp","href":"https:\/\/api.w.org\/{rel}","templated":true}]}}