{"id":114804,"date":"2026-05-05T13:11:21","date_gmt":"2026-05-05T16:11:21","guid":{"rendered":"https:\/\/www.hediyepazar.com\/?product=hizli-sarj-destekli-2-nesil-bluetooth-5-0-ergonomik-kulaklik"},"modified":"2026-05-05T13:11:21","modified_gmt":"2026-05-05T16:11:21","slug":"hizli-sarj-destekli-2-nesil-bluetooth-5-0-ergonomik-kulaklik","status":"publish","type":"product","link":"https:\/\/www.hediyepazar.com\/?product=hizli-sarj-destekli-2-nesil-bluetooth-5-0-ergonomik-kulaklik","title":{"rendered":"H\u0131zl\u0131 \u015earj Destekli 2. Nesil Bluetooth 5.0 Ergonomik Kulakl\u0131k"},"content":{"rendered":"<p>M\u00fckemmel ses kalitesi ve konforu bir araya getiren 2. Nesil Bluetooth 5.0 kulakl\u0131k, g\u00fcnl\u00fck kullan\u0131m ve spor aktiviteleri i\u00e7in ideal bir se\u00e7imdir. G\u00fc\u00e7l\u00fc HD ses s\u00fcr\u00fcc\u00fcleri sayesinde derin bas, net tiz ve zengin ses efektleri sunar. Dahili mikrofonu ile g\u00fcr\u00fclt\u00fcs\u00fcz ve net telefon g\u00f6r\u00fc\u015fmeleri yapabilirsiniz.Bluetooth 5.0 teknolojisi, h\u0131zl\u0131 ba\u011flant\u0131 ve enerji tasarrufu sa\u011flar. 10 metreye kadar kablosuz menzili ile \u00f6zg\u00fcrce hareket edebilirsiniz. IPX7 su ge\u00e7irmezlik \u00f6zelli\u011fi sayesinde spor yaparken, ya\u011fmurda veya yo\u011fun tempolu g\u00fcnlerde g\u00fcvenle kullanabilirsiniz.Uzun pil \u00f6mr\u00fc ile tek \u015farjda 8 saate kadar kullan\u0131m sunar. H\u0131zl\u0131 \u015farj deste\u011fi sayesinde sadece birka\u00e7 dakikada kullan\u0131ma haz\u0131r hale gelir ve toplamda 15 saate kadar kesintisiz deneyim sa\u011flar. Ak\u0131ll\u0131 dokunmatik sens\u00f6rler ile m\u00fczik kontrol\u00fc, ses ayar\u0131 ve \u00e7a\u011fr\u0131 y\u00f6netimi parmaklar\u0131n\u0131z\u0131n ucundad\u0131r.Kablosuz \u015farj \u00f6zelli\u011fi ve ta\u015f\u0131nabilir ta\u015f\u0131ma \u00e7antas\u0131 sayesinde g\u00fcnl\u00fck ya\u015fam\u0131n\u0131zda b\u00fcy\u00fck kolayl\u0131k sa\u011flar. \u015e\u0131k tasar\u0131m\u0131yla hem i\u015fte hem sporda stilinizi tamamlar.<\/p>\n","protected":false},"excerpt":{"rendered":"<p>M\u00fckemmel ses kalitesi ve konforu bir araya getiren 2. Nesil Bluetooth 5.0 kulakl\u0131k, g\u00fcnl\u00fck kullan\u0131m ve spor aktiviteleri i\u00e7in ideal bir se\u00e7imdir. G\u00fc\u00e7l\u00fc HD ses s\u00fcr\u00fcc\u00fcleri sayesinde derin bas, net tiz ve zengin ses efektleri sunar. Dahili mikrofonu ile g\u00fcr\u00fclt\u00fcs\u00fcz ve net telefon g\u00f6r\u00fc\u015fmeleri yapabilirsiniz.Bluetooth 5.0 teknolojisi, h\u0131zl\u0131 ba\u011flant\u0131 ve enerji tasarrufu sa\u011flar. 10 metreye&#8230;<\/p>\n","protected":false},"featured_media":114803,"comment_status":"open","ping_status":"closed","template":"","meta":{"_kad_post_transparent":"","_kad_post_title":"","_kad_post_layout":"","_kad_post_sidebar_id":"","_kad_post_content_style":"","_kad_post_vertical_padding":"","_kad_post_feature":"","_kad_post_feature_position":"","_kad_post_header":false,"_kad_post_footer":false,"_kad_post_classname":""},"product_brand":[],"product_cat":[14957],"product_tag":[],"class_list":{"0":"post-114804","1":"product","2":"type-product","3":"status-publish","4":"has-post-thumbnail","6":"product_cat-kablosuz-kulaklik-kablosuz-kulaklik","8":"first","9":"instock","10":"purchasable","11":"product-type-simple","12":"entry","13":"content-bg","14":"loop-entry"},"_links":{"self":[{"href":"https:\/\/www.hediyepazar.com\/index.php?rest_route=\/wp\/v2\/product\/114804","targetHints":{"allow":["GET"]}}],"collection":[{"href":"https:\/\/www.hediyepazar.com\/index.php?rest_route=\/wp\/v2\/product"}],"about":[{"href":"https:\/\/www.hediyepazar.com\/index.php?rest_route=\/wp\/v2\/types\/product"}],"replies":[{"embeddable":true,"href":"https:\/\/www.hediyepazar.com\/index.php?rest_route=%2Fwp%2Fv2%2Fcomments&post=114804"}],"wp:featuredmedia":[{"embeddable":true,"href":"https:\/\/www.hediyepazar.com\/index.php?rest_route=\/wp\/v2\/media\/114803"}],"wp:attachment":[{"href":"https:\/\/www.hediyepazar.com\/index.php?rest_route=%2Fwp%2Fv2%2Fmedia&parent=114804"}],"wp:term":[{"taxonomy":"product_brand","embeddable":true,"href":"https:\/\/www.hediyepazar.com\/index.php?rest_route=%2Fwp%2Fv2%2Fproduct_brand&post=114804"},{"taxonomy":"product_cat","embeddable":true,"href":"https:\/\/www.hediyepazar.com\/index.php?rest_route=%2Fwp%2Fv2%2Fproduct_cat&post=114804"},{"taxonomy":"product_tag","embeddable":true,"href":"https:\/\/www.hediyepazar.com\/index.php?rest_route=%2Fwp%2Fv2%2Fproduct_tag&post=114804"}],"curies":[{"name":"wp","href":"https:\/\/api.w.org\/{rel}","templated":true}]}}